{"id":474,"date":"2022-03-14T15:53:44","date_gmt":"2022-03-14T18:53:44","guid":{"rendered":"https:\/\/wp.ufpel.edu.br\/cppad\/?page_id=474"},"modified":"2023-08-29T17:21:08","modified_gmt":"2023-08-29T20:21:08","slug":"roteiros","status":"publish","type":"page","link":"https:\/\/wp.ufpel.edu.br\/cppad\/procedimentos-disciplinares\/roteiros\/","title":{"rendered":"Roteiros"},"content":{"rendered":"<p><a href=\"https:\/\/wp.ufpel.edu.br\/cppad\/files\/2022\/03\/Roteiro-de-Sindicancia-Investigativa-Preparatoria.docx-1.pdf\">Roteiro de Sindic\u00e2ncia Investigativa-Preparat\u00f3ria.docx (1)<\/a><\/p>\n<p><a href=\"https:\/\/wp.ufpel.edu.br\/cppad\/files\/2022\/03\/ROTEIRO-PARA-INSTRUCAO-DE-PAD.docx.pdf\">ROTEIRO PARA INSTRU\u00c7\u00c3O DE PAD.docx<\/a><\/p>\n","protected":false},"excerpt":{"rendered":"<p>Roteiro de Sindic\u00e2ncia Investigativa-Preparat\u00f3ria.docx (1) ROTEIRO PARA INSTRU\u00c7\u00c3O DE PAD.docx<\/p>\n","protected":false},"author":285,"featured_media":0,"parent":526,"menu_order":0,"comment_status":"closed","ping_status":"closed","template":"","meta":{"footnotes":""},"class_list":["post-474","page","type-page","status-publish","hentry"],"jetpack_sharing_enabled":true,"_links":{"self":[{"href":"https:\/\/wp.ufpel.edu.br\/cppad\/wp-json\/wp\/v2\/pages\/474","targetHints":{"allow":["GET"]}}],"collection":[{"href":"https:\/\/wp.ufpel.edu.br\/cppad\/wp-json\/wp\/v2\/pages"}],"about":[{"href":"https:\/\/wp.ufpel.edu.br\/cppad\/wp-json\/wp\/v2\/types\/page"}],"author":[{"embeddable":true,"href":"https:\/\/wp.ufpel.edu.br\/cppad\/wp-json\/wp\/v2\/users\/285"}],"replies":[{"embeddable":true,"href":"https:\/\/wp.ufpel.edu.br\/cppad\/wp-json\/wp\/v2\/comments?post=474"}],"version-history":[{"count":1,"href":"https:\/\/wp.ufpel.edu.br\/cppad\/wp-json\/wp\/v2\/pages\/474\/revisions"}],"predecessor-version":[{"id":476,"href":"https:\/\/wp.ufpel.edu.br\/cppad\/wp-json\/wp\/v2\/pages\/474\/revisions\/476"}],"up":[{"embeddable":true,"href":"https:\/\/wp.ufpel.edu.br\/cppad\/wp-json\/wp\/v2\/pages\/526"}],"wp:attachment":[{"href":"https:\/\/wp.ufpel.edu.br\/cppad\/wp-json\/wp\/v2\/media?parent=474"}],"curies":[{"name":"wp","href":"https:\/\/api.w.org\/{rel}","templated":true}]}}