{"id":439,"date":"2020-06-25T15:25:36","date_gmt":"2020-06-25T18:25:36","guid":{"rendered":"https:\/\/wp.ufpel.edu.br\/cppad\/?page_id=439"},"modified":"2023-08-31T17:20:07","modified_gmt":"2023-08-31T20:20:07","slug":"guia-para-prevencao-de-assedio","status":"publish","type":"page","link":"https:\/\/wp.ufpel.edu.br\/cppad\/guia-para-prevencao-de-assedio\/","title":{"rendered":"Guia para preven\u00e7\u00e3o de ass\u00e9dio"},"content":{"rendered":"<p><strong>GUIA LIL\u00c1S<\/strong><\/p>\n<ul>\n<li>Orienta\u00e7\u00f5es para preven\u00e7\u00e3o e tratamento ao ass\u00e9dio moral e sexual e \u00e0 discrimina\u00e7\u00e3o no Governo Federal &#8211;\u00a0<a href=\"https:\/\/wp.ufpel.edu.br\/cppad\/files\/2023\/07\/Guia_para_prevencao_assedio.pdf\">Guia_para_prevencao_assedio<\/a><\/li>\n<\/ul>\n","protected":false},"excerpt":{"rendered":"<p>GUIA LIL\u00c1S Orienta\u00e7\u00f5es para preven\u00e7\u00e3o e tratamento ao ass\u00e9dio moral e sexual e \u00e0 discrimina\u00e7\u00e3o no Governo Federal &#8211;\u00a0Guia_para_prevencao_assedio<\/p>\n","protected":false},"author":285,"featured_media":0,"parent":0,"menu_order":0,"comment_status":"closed","ping_status":"closed","template":"","meta":{"footnotes":""},"class_list":["post-439","page","type-page","status-publish","hentry"],"jetpack_sharing_enabled":true,"_links":{"self":[{"href":"https:\/\/wp.ufpel.edu.br\/cppad\/wp-json\/wp\/v2\/pages\/439","targetHints":{"allow":["GET"]}}],"collection":[{"href":"https:\/\/wp.ufpel.edu.br\/cppad\/wp-json\/wp\/v2\/pages"}],"about":[{"href":"https:\/\/wp.ufpel.edu.br\/cppad\/wp-json\/wp\/v2\/types\/page"}],"author":[{"embeddable":true,"href":"https:\/\/wp.ufpel.edu.br\/cppad\/wp-json\/wp\/v2\/users\/285"}],"replies":[{"embeddable":true,"href":"https:\/\/wp.ufpel.edu.br\/cppad\/wp-json\/wp\/v2\/comments?post=439"}],"version-history":[{"count":6,"href":"https:\/\/wp.ufpel.edu.br\/cppad\/wp-json\/wp\/v2\/pages\/439\/revisions"}],"predecessor-version":[{"id":541,"href":"https:\/\/wp.ufpel.edu.br\/cppad\/wp-json\/wp\/v2\/pages\/439\/revisions\/541"}],"wp:attachment":[{"href":"https:\/\/wp.ufpel.edu.br\/cppad\/wp-json\/wp\/v2\/media?parent=439"}],"curies":[{"name":"wp","href":"https:\/\/api.w.org\/{rel}","templated":true}]}}