{"id":432,"date":"2020-06-25T15:06:41","date_gmt":"2020-06-25T18:06:41","guid":{"rendered":"https:\/\/wp.ufpel.edu.br\/cppad\/?page_id=432"},"modified":"2023-08-29T16:49:18","modified_gmt":"2023-08-29T19:49:18","slug":"manual-de-pad-cgu","status":"publish","type":"page","link":"https:\/\/wp.ufpel.edu.br\/cppad\/procedimentos-disciplinares\/manual-de-pad-cgu\/","title":{"rendered":"Manual de PAD CGU"},"content":{"rendered":"<p><a href=\"https:\/\/wp.ufpel.edu.br\/cppad\/files\/2023\/01\/Manual_PAD-_2022-1.pdf\">Manual_PAD _2022 (1)<\/a><\/p>\n<p>&nbsp;<\/p>\n<p><strong>Curso de Processo Administrativo Disciplinar &#8211;\u00a0<a href=\"https:\/\/repositorio.cgu.gov.br\/handle\/1\/46001\">https:\/\/repositorio.cgu.gov.br\/handle\/1\/46001<\/a><\/strong><\/p>\n<p>O presente curso tem por finalidade a capacita\u00e7\u00e3o de agentes p\u00fablicos que ir\u00e3o compor comiss\u00e3o de procedimento correcional, bem como servidores que atuem em atividades precedentes \u00e0 instaura\u00e7\u00e3o da apura\u00e7\u00e3o, de forma a padronizar a condu\u00e7\u00e3o do processo administrativo disciplinar, com \u00eanfase no inqu\u00e9rito administrativo.<\/p>\n","protected":false},"excerpt":{"rendered":"<p>Manual_PAD _2022 (1) &nbsp; Curso de Processo Administrativo Disciplinar &#8211;\u00a0https:\/\/repositorio.cgu.gov.br\/handle\/1\/46001 O presente curso tem por finalidade a capacita\u00e7\u00e3o de agentes p\u00fablicos que ir\u00e3o compor comiss\u00e3o de procedimento correcional, bem como servidores que atuem em atividades precedentes \u00e0 instaura\u00e7\u00e3o da apura\u00e7\u00e3o, de forma a padronizar a condu\u00e7\u00e3o do processo administrativo disciplinar, com \u00eanfase no inqu\u00e9rito administrativo.<\/p>\n","protected":false},"author":285,"featured_media":0,"parent":526,"menu_order":0,"comment_status":"closed","ping_status":"closed","template":"","meta":{"footnotes":""},"class_list":["post-432","page","type-page","status-publish","hentry"],"jetpack_sharing_enabled":true,"_links":{"self":[{"href":"https:\/\/wp.ufpel.edu.br\/cppad\/wp-json\/wp\/v2\/pages\/432","targetHints":{"allow":["GET"]}}],"collection":[{"href":"https:\/\/wp.ufpel.edu.br\/cppad\/wp-json\/wp\/v2\/pages"}],"about":[{"href":"https:\/\/wp.ufpel.edu.br\/cppad\/wp-json\/wp\/v2\/types\/page"}],"author":[{"embeddable":true,"href":"https:\/\/wp.ufpel.edu.br\/cppad\/wp-json\/wp\/v2\/users\/285"}],"replies":[{"embeddable":true,"href":"https:\/\/wp.ufpel.edu.br\/cppad\/wp-json\/wp\/v2\/comments?post=432"}],"version-history":[{"count":6,"href":"https:\/\/wp.ufpel.edu.br\/cppad\/wp-json\/wp\/v2\/pages\/432\/revisions"}],"predecessor-version":[{"id":525,"href":"https:\/\/wp.ufpel.edu.br\/cppad\/wp-json\/wp\/v2\/pages\/432\/revisions\/525"}],"up":[{"embeddable":true,"href":"https:\/\/wp.ufpel.edu.br\/cppad\/wp-json\/wp\/v2\/pages\/526"}],"wp:attachment":[{"href":"https:\/\/wp.ufpel.edu.br\/cppad\/wp-json\/wp\/v2\/media?parent=432"}],"curies":[{"name":"wp","href":"https:\/\/api.w.org\/{rel}","templated":true}]}}