{"id":206,"date":"2014-02-13T11:59:13","date_gmt":"2014-02-13T13:59:13","guid":{"rendered":"https:\/\/wp.ufpel.edu.br\/cppad\/?page_id=206"},"modified":"2023-08-29T16:56:46","modified_gmt":"2023-08-29T19:56:46","slug":"sobre-a-cppad","status":"publish","type":"page","link":"https:\/\/wp.ufpel.edu.br\/cppad\/sobre-a-cppad\/","title":{"rendered":"Sobre a CPPAD"},"content":{"rendered":"<p>A partir da publica\u00e7\u00e3o da Portaria GR n.\u00ba 833, de 03 de Junho de 2009, foi inserida na organicidade da UFPel a figura da Comiss\u00e3o Permanente de Processos Administrativos Disciplinares (CPPAD), com a miss\u00e3o de conduzir sindic\u00e2ncias e \u00a0processos administrativos disciplinares (PAD\u2019s), voltados \u00e0 apura\u00e7\u00e3o de \u201c&#8230;\u00a0<i>responsabilidade de servidor por infra\u00e7\u00e3o praticada no exerc\u00edcio de suas atribui\u00e7\u00f5es, ou que tenha rela\u00e7\u00e3o com as atribui\u00e7\u00f5es do cargo em que se encontre investido<\/i>&#8230;\u201d (art. 148, Lei n.\u00ba 8.112\/1990).<\/p>\n<p>&nbsp;<\/p>\n<p>&nbsp;<\/p>\n<p><strong>Secret\u00e1rio:<\/strong> Ot\u00e1vio Augusto Zanin Delevedove<\/p>\n<p><strong>Assistente:<\/strong> Lisandra Machado Kerchirne<\/p>\n<p>Fl\u00e1vio Vasconcellos Correa<\/p>\n<p>&nbsp;<\/p>\n<p>&nbsp;<\/p>\n<p>No momento, a Comiss\u00e3o encontra-se em pleno funcionamento realizando a condu\u00e7\u00e3o de ritos correcionais, com a colabora\u00e7\u00e3o de diversos servidores t\u00e9cnicos e docentes pertencentes \u00e0s mais variadas unidades da Institui\u00e7\u00e3o.<\/p>\n","protected":false},"excerpt":{"rendered":"<p>A partir da publica\u00e7\u00e3o da Portaria GR n.\u00ba 833, de 03 de Junho de 2009, foi inserida na organicidade da UFPel a figura da Comiss\u00e3o Permanente de Processos Administrativos Disciplinares (CPPAD), com a miss\u00e3o de conduzir sindic\u00e2ncias e \u00a0processos administrativos disciplinares (PAD\u2019s), voltados \u00e0 apura\u00e7\u00e3o de \u201c&#8230;\u00a0responsabilidade de servidor por infra\u00e7\u00e3o praticada no exerc\u00edcio de [&hellip;]<\/p>\n","protected":false},"author":285,"featured_media":0,"parent":0,"menu_order":0,"comment_status":"closed","ping_status":"closed","template":"","meta":{"footnotes":""},"class_list":["post-206","page","type-page","status-publish","hentry"],"jetpack_sharing_enabled":true,"_links":{"self":[{"href":"https:\/\/wp.ufpel.edu.br\/cppad\/wp-json\/wp\/v2\/pages\/206","targetHints":{"allow":["GET"]}}],"collection":[{"href":"https:\/\/wp.ufpel.edu.br\/cppad\/wp-json\/wp\/v2\/pages"}],"about":[{"href":"https:\/\/wp.ufpel.edu.br\/cppad\/wp-json\/wp\/v2\/types\/page"}],"author":[{"embeddable":true,"href":"https:\/\/wp.ufpel.edu.br\/cppad\/wp-json\/wp\/v2\/users\/285"}],"replies":[{"embeddable":true,"href":"https:\/\/wp.ufpel.edu.br\/cppad\/wp-json\/wp\/v2\/comments?post=206"}],"version-history":[{"count":17,"href":"https:\/\/wp.ufpel.edu.br\/cppad\/wp-json\/wp\/v2\/pages\/206\/revisions"}],"predecessor-version":[{"id":531,"href":"https:\/\/wp.ufpel.edu.br\/cppad\/wp-json\/wp\/v2\/pages\/206\/revisions\/531"}],"wp:attachment":[{"href":"https:\/\/wp.ufpel.edu.br\/cppad\/wp-json\/wp\/v2\/media?parent=206"}],"curies":[{"name":"wp","href":"https:\/\/api.w.org\/{rel}","templated":true}]}}