{"id":192,"date":"2014-02-05T19:14:21","date_gmt":"2014-02-05T21:14:21","guid":{"rendered":"https:\/\/wp.ufpel.edu.br\/cppad\/?page_id=192"},"modified":"2023-07-05T09:57:27","modified_gmt":"2023-07-05T12:57:27","slug":"equipe-2","status":"publish","type":"page","link":"https:\/\/wp.ufpel.edu.br\/cppad\/equipe-2\/","title":{"rendered":"Equipe"},"content":{"rendered":"<p>&nbsp;<\/p>\n<p><strong>EQUIPE ADMINISTRATIVA:<\/strong><\/p>\n<p>Ot\u00e1vio Augusto Zanin Delevedove &#8211; Secret\u00e1rio respons\u00e1vel pela CPPAD<\/p>\n<p>Lisandra Machado Kerchirne &#8211; Assistente da CPPAD<\/p>\n<p>Fl\u00e1vio Vasconcellos Correa<\/p>\n<p>&nbsp;<\/p>\n<p>&nbsp;<\/p>\n<p>&nbsp;<\/p>\n<p>&nbsp;<\/p>\n<p>&nbsp;<\/p>\n","protected":false},"excerpt":{"rendered":"<p>&nbsp; EQUIPE ADMINISTRATIVA: Ot\u00e1vio Augusto Zanin Delevedove &#8211; Secret\u00e1rio respons\u00e1vel pela CPPAD Lisandra Machado Kerchirne &#8211; Assistente da CPPAD Fl\u00e1vio Vasconcellos Correa &nbsp; &nbsp; &nbsp; &nbsp; &nbsp;<\/p>\n","protected":false},"author":285,"featured_media":0,"parent":0,"menu_order":0,"comment_status":"closed","ping_status":"closed","template":"","meta":{"footnotes":""},"class_list":["post-192","page","type-page","status-publish","hentry"],"jetpack_sharing_enabled":true,"_links":{"self":[{"href":"https:\/\/wp.ufpel.edu.br\/cppad\/wp-json\/wp\/v2\/pages\/192","targetHints":{"allow":["GET"]}}],"collection":[{"href":"https:\/\/wp.ufpel.edu.br\/cppad\/wp-json\/wp\/v2\/pages"}],"about":[{"href":"https:\/\/wp.ufpel.edu.br\/cppad\/wp-json\/wp\/v2\/types\/page"}],"author":[{"embeddable":true,"href":"https:\/\/wp.ufpel.edu.br\/cppad\/wp-json\/wp\/v2\/users\/285"}],"replies":[{"embeddable":true,"href":"https:\/\/wp.ufpel.edu.br\/cppad\/wp-json\/wp\/v2\/comments?post=192"}],"version-history":[{"count":22,"href":"https:\/\/wp.ufpel.edu.br\/cppad\/wp-json\/wp\/v2\/pages\/192\/revisions"}],"predecessor-version":[{"id":511,"href":"https:\/\/wp.ufpel.edu.br\/cppad\/wp-json\/wp\/v2\/pages\/192\/revisions\/511"}],"wp:attachment":[{"href":"https:\/\/wp.ufpel.edu.br\/cppad\/wp-json\/wp\/v2\/media?parent=192"}],"curies":[{"name":"wp","href":"https:\/\/api.w.org\/{rel}","templated":true}]}}