{"id":186,"date":"2014-02-05T19:13:38","date_gmt":"2014-02-05T21:13:38","guid":{"rendered":"https:\/\/wp.ufpel.edu.br\/cppad\/?page_id=186"},"modified":"2024-05-13T17:24:03","modified_gmt":"2024-05-13T20:24:03","slug":"equipe","status":"publish","type":"page","link":"https:\/\/wp.ufpel.edu.br\/cppad\/equipe\/","title":{"rendered":"CPPAD"},"content":{"rendered":"<p><span style=\"font-weight: 400;\">A Comiss\u00e3o Permanente de Processos Administrativos Disciplinares (CPPAD), ingressou para o organograma institucional a <\/span><span style=\"font-weight: 400;\">partir da publica\u00e7\u00e3o da Portaria GR n.\u00ba 833, de 03 de Junho de 2009.\u00a0<\/span><\/p>\n<p><span style=\"font-weight: 400;\">Diferentemente de uma Corregedoria, a CPPAD n\u00e3o realiza a instaura\u00e7\u00e3o e o julgamento de processos disciplinares, apenas conduz a instru\u00e7\u00e3o destes processos, voltados \u00e0 apura\u00e7\u00e3o de \u201c\u2026 <\/span><i><span style=\"font-weight: 400;\">responsabilidade de servidor por infra\u00e7\u00e3o praticada no exerc\u00edcio de suas atribui\u00e7\u00f5es, ou que tenha rela\u00e7\u00e3o com as atribui\u00e7\u00f5es do cargo em que se encontre investido<\/span><\/i><span style=\"font-weight: 400;\">\u2026\u201d (art. 148, Lei n.\u00ba 8.112\/1990).<\/span><\/p>\n<p><span style=\"font-weight: 400;\">Referente ao corpo de servidores que atuam internamente junto \u00e0 CPPAD, atualmente a Comiss\u00e3o conta com um Secret\u00e1rio &#8211; respons\u00e1vel pelo setor &#8211; e dois assistentes. Al\u00e9m disso, a CPPAD possui cerca de 90 membros externos, lotados nos mais diversos setores da UFPEL, servidores efetivos com capacita\u00e7\u00e3o em processos disciplinares, que a partir da necessidade, s\u00e3o nomeados atrav\u00e9s da Reitoria para compor comiss\u00e3o que conduzir\u00e1 a instru\u00e7\u00e3o do processo disciplinar.\u00a0 <\/span><\/p>\n<p><span style=\"font-weight: 400;\">Mais do que conduzir e prestar o aux\u00edlio necess\u00e1rio \u00e0 instru\u00e7\u00e3o dos processos disciplinares, a CPPAD \u00e9 respons\u00e1vel por alimentar os sistemas correicionais do Poder Executivo Federal, com as informa\u00e7\u00f5es dos processos sob sua responsabilidade. Tamb\u00e9m intermedia solicita\u00e7\u00f5es externas, dos \u00f3rg\u00e3os federais de controle e do Poder Judici\u00e1rio, quanto \u00e0s informa\u00e7\u00f5es dos processos disciplinares. Al\u00e9m de ser respons\u00e1vel pela emiss\u00e3o de certid\u00f5es que atestam se o servidor responde ou n\u00e3o a processos disciplinares.<\/span><\/p>\n","protected":false},"excerpt":{"rendered":"<p>A Comiss\u00e3o Permanente de Processos Administrativos Disciplinares (CPPAD), ingressou para o organograma institucional a partir da publica\u00e7\u00e3o da Portaria GR n.\u00ba 833, de 03 de Junho de 2009.\u00a0 Diferentemente de uma Corregedoria, a CPPAD n\u00e3o realiza a instaura\u00e7\u00e3o e o julgamento de processos disciplinares, apenas conduz a instru\u00e7\u00e3o destes processos, voltados \u00e0 apura\u00e7\u00e3o de \u201c\u2026 [&hellip;]<\/p>\n","protected":false},"author":285,"featured_media":0,"parent":0,"menu_order":0,"comment_status":"closed","ping_status":"closed","template":"","meta":{"footnotes":""},"class_list":["post-186","page","type-page","status-publish","hentry"],"jetpack_sharing_enabled":true,"_links":{"self":[{"href":"https:\/\/wp.ufpel.edu.br\/cppad\/wp-json\/wp\/v2\/pages\/186","targetHints":{"allow":["GET"]}}],"collection":[{"href":"https:\/\/wp.ufpel.edu.br\/cppad\/wp-json\/wp\/v2\/pages"}],"about":[{"href":"https:\/\/wp.ufpel.edu.br\/cppad\/wp-json\/wp\/v2\/types\/page"}],"author":[{"embeddable":true,"href":"https:\/\/wp.ufpel.edu.br\/cppad\/wp-json\/wp\/v2\/users\/285"}],"replies":[{"embeddable":true,"href":"https:\/\/wp.ufpel.edu.br\/cppad\/wp-json\/wp\/v2\/comments?post=186"}],"version-history":[{"count":7,"href":"https:\/\/wp.ufpel.edu.br\/cppad\/wp-json\/wp\/v2\/pages\/186\/revisions"}],"predecessor-version":[{"id":573,"href":"https:\/\/wp.ufpel.edu.br\/cppad\/wp-json\/wp\/v2\/pages\/186\/revisions\/573"}],"wp:attachment":[{"href":"https:\/\/wp.ufpel.edu.br\/cppad\/wp-json\/wp\/v2\/media?parent=186"}],"curies":[{"name":"wp","href":"https:\/\/api.w.org\/{rel}","templated":true}]}}