{"id":57,"date":"2014-07-07T10:34:08","date_gmt":"2014-07-07T13:34:08","guid":{"rendered":"https:\/\/wp.ufpel.edu.br\/cpp\/?page_id=57"},"modified":"2014-09-29T09:35:07","modified_gmt":"2014-09-29T12:35:07","slug":"bolsas-de-monitoria","status":"publish","type":"page","link":"https:\/\/wp.ufpel.edu.br\/cpp\/bolsas\/bolsas-de-monitoria\/","title":{"rendered":"BOLSAS DE MONITORIA"},"content":{"rendered":"<p><strong style=\"font-weight: bold;color: #666666\"><span style=\"font-weight: inherit;font-style: inherit;color: #ff0000\">ATEN\u00c7\u00c3O!<\/span><\/strong><span style=\"color: #666666\">\u00a0A PRG, atrav\u00e9s da Coordena\u00e7\u00e3o de Programas e Projetos, torna p\u00fablica a \u00a0Instru\u00e7\u00e3o Normativa PRG\/CPP N\u00ba 001\/14,\u00a0disciplinando o processo de implementa\u00e7\u00e3o das Bolsas de Monitoria 2014 \u00a0e definindo o\u00a0quantitativo de vagas por Unidade Acad\u00eamica.\u00a0<\/span><\/p>\n<p><a href=\"https:\/\/wp.ufpel.edu.br\/cpp\/files\/2014\/07\/IN-PRG-CPP-001-14-Bolsas-de-Monitoria3.pdf\">IN PRG CPP 001 14 Bolsas de Monitoria<\/a><strong style=\"color: #666666\">\u00a0<span style=\"font-weight: inherit;font-style: inherit;color: #ff0000\">&#8211; NOVO! (vers\u00e3o pdf)<\/span><\/strong><\/p>\n<p><a href=\"https:\/\/wp.ufpel.edu.br\/cpp\/files\/2014\/07\/IN-PRG-CPP-001-14-Bolsas-de-Monitoria.doc\">IN PRG CPP 001 14 Bolsas de Monitoria<\/a><strong style=\"color: #ff0000\">\u00a0&#8211; NOVO! (vers\u00e3o word)<\/strong><\/p>\n<h2 style=\"color: #666666\">Sele\u00e7\u00e3o 2014<\/h2>\n<p><a href=\"https:\/\/wp.ufpel.edu.br\/cpp\/files\/2014\/07\/Memo-Circular-CPP-PRG-002-2014-LEVANTAMENTO-NECESSIDADES-MONITORES.pdf\">Memo Circular CPP PRG 002 2014 LEVANTAMENTO NECESSIDADES MONITORES<\/a><\/p>\n<p><a href=\"https:\/\/wp.ufpel.edu.br\/cpp\/files\/2014\/07\/Formul\u00e1rio-Solicita\u00e7\u00e3o-Monitoria-Unidade-Acad\u00eamica.docx\">Formul\u00e1rio Solicita\u00e7\u00e3o Monitoria Unidade Acad\u00eamica<\/a><\/p>\n<p><a href=\"https:\/\/wp.ufpel.edu.br\/cpp\/files\/2014\/07\/IN-PRG-CPP-001-14-Bolsas-de-Monitoria1.pdf\">IN PRG CPP 001 14 Bolsas de Monitoria<\/a><\/p>\n<h2 style=\"font-weight: bold;color: #666666\"><\/h2>\n<h2 style=\"font-weight: bold;color: #666666\"><span style=\"font-family: arial, helvetica, sans-serif\">Normas<\/span><\/h2>\n<p><a href=\"https:\/\/wp.ufpel.edu.br\/cpp\/files\/2014\/07\/Resolu\u00e7\u00e3o-COCEPE-05-de-03-de-abril-de-2014-Cria-o-PBA1.pdf\">Resolu\u00e7\u00e3o COCEPE 05 de 03 de abril de 2014 Cria o PBA<\/a><\/p>\n<p><a href=\"https:\/\/wp.ufpel.edu.br\/cpp\/files\/2014\/07\/IN-PRG-CPP-001-14-Bolsas-de-Monitoria-2012.pdf\">IN PRG CPP 001 14 Bolsas de Monitoria\u00a0<\/a><\/p>\n<p>&nbsp;<\/p>\n<h2 style=\"color: #666666\"><span style=\"font-family: arial, helvetica, sans-serif\">Documentos<\/span><\/h2>\n<p><a href=\"https:\/\/wp.ufpel.edu.br\/cpp\/files\/2014\/07\/Formulario-Inscricao-Discente-Monitorias-2014.doc\">Formul\u00e1rio Inscri\u00e7\u00e3o Discente Monitorias 2014<\/a>\u00a0<strong style=\"color: #ff0000\">&#8211; NOVO! (vers\u00e3o word)<\/strong><\/p>\n<p><a href=\"https:\/\/wp.ufpel.edu.br\/cpp\/files\/2014\/07\/Termo-de-Compromisso-Monitorias-2014.doc\">Termo de Compromisso Monitorias 2014<\/a><\/p>\n<p><a href=\"https:\/\/wp.ufpel.edu.br\/cpp\/files\/2014\/07\/Termo-de-Desistencia-Monitorias-2014.doc\">Termo de Desist\u00eancia Monitorias 2014<\/a><\/p>\n<p><a href=\"https:\/\/wp.ufpel.edu.br\/cpp\/files\/2014\/07\/Modelo-de-Ata-Selecao-Monitorias-2014.doc\">Modelo de Ata Sele\u00e7\u00e3o Monitorias 2014<\/a><\/p>\n<p><a href=\"https:\/\/wp.ufpel.edu.br\/cpp\/files\/2014\/07\/Modelo-Edital-Selecao-Monitores-2014.doc\">Modelo Edital Sele\u00e7\u00e3o Monitores 2014<\/a><\/p>\n<p>&nbsp;<\/p>\n<h2 style=\"color: #666666\">Certificados<\/h2>\n<ul style=\"color: #666666\">\n<li style=\"font-weight: inherit;font-style: inherit;text-align: justify\">Desde 2012, o certificado ser\u00e1 expedido com base nas Disciplinas informadas no Termo de Compromisso. Qualquer altera\u00e7\u00e3o dever\u00e1 ser informada por escrito \u00e0 PRG ainda durante o per\u00edodo de vig\u00eancia da bolsa.<\/li>\n<li style=\"font-weight: inherit;font-style: inherit;text-align: justify\">Para anos anteriores, deve ser utilizado o formul\u00e1rio de\u00a0<span style=\"text-decoration: underline\"><a href=\"https:\/\/wp.ufpel.edu.br\/cpp\/files\/2014\/07\/Solicita\u00e7\u00e3o-de-Certificado-Individual-PBG.doc\">Solicita\u00e7\u00e3o de Certificado Individual PBG<\/a>.<\/span><\/li>\n<li style=\"font-weight: inherit;font-style: inherit;text-align: justify\">O bolsista ter\u00e1 at\u00e9 2 (dois) anos ap\u00f3s a conclus\u00e3o das suas atividades para solicitar o respectivo certificado (Art. 23, \u00a73\u00ba da Resolu\u00e7\u00e3o n\u00ba 05\/2013 do COCEPE).<\/li>\n<li style=\"font-weight: inherit;font-style: inherit;text-align: justify\">O certificado s\u00f3 ser\u00e1 expedido se o bolsista tiver conclu\u00eddo, no m\u00ednimo, 75% (setenta e cinco por cento) do per\u00edodo de dura\u00e7\u00e3o da bolsa, previsto em Edital da PRG.Nos demais casos, poder\u00e1 ser fornecido atestado de participa\u00e7\u00e3o no Programa (Art. 23, \u00a72\u00ba da Resolu\u00e7\u00e3o n\u00ba 05\/2013 do COCEPE).<\/li>\n<li style=\"font-weight: inherit;font-style: inherit;text-align: justify\">O descumprimento\u00a0<strong style=\"font-style: inherit\">total ou parcial<\/strong>\u00a0destas normas impossibilitar\u00e1 a confec\u00e7\u00e3o dos certificados.<\/li>\n<\/ul>\n<h2 style=\"color: #666666\"><\/h2>\n<h2 style=\"color: #666666\">Edital 2013<\/h2>\n<p><a href=\"https:\/\/wp.ufpel.edu.br\/cpp\/files\/2014\/07\/Edital-001-2013-PBG2.pdf\">Edital 001 2013 PBG<\/a><\/p>\n","protected":false},"excerpt":{"rendered":"<p>ATEN\u00c7\u00c3O!\u00a0A PRG, atrav\u00e9s da Coordena\u00e7\u00e3o de Programas e Projetos, torna p\u00fablica a \u00a0Instru\u00e7\u00e3o Normativa PRG\/CPP N\u00ba 001\/14,\u00a0disciplinando o processo de implementa\u00e7\u00e3o das Bolsas de Monitoria 2014 \u00a0e definindo o\u00a0quantitativo de vagas por Unidade Acad\u00eamica.\u00a0 IN PRG CPP 001 14 Bolsas de Monitoria\u00a0&#8211; NOVO! (vers\u00e3o pdf) IN PRG CPP 001 14 Bolsas de Monitoria\u00a0&#8211; NOVO! (vers\u00e3o [&hellip;]<\/p>\n","protected":false},"author":174,"featured_media":0,"parent":2,"menu_order":0,"comment_status":"closed","ping_status":"closed","template":"","meta":{"footnotes":""},"class_list":["post-57","page","type-page","status-publish","hentry"],"_links":{"self":[{"href":"https:\/\/wp.ufpel.edu.br\/cpp\/wp-json\/wp\/v2\/pages\/57","targetHints":{"allow":["GET"]}}],"collection":[{"href":"https:\/\/wp.ufpel.edu.br\/cpp\/wp-json\/wp\/v2\/pages"}],"about":[{"href":"https:\/\/wp.ufpel.edu.br\/cpp\/wp-json\/wp\/v2\/types\/page"}],"author":[{"embeddable":true,"href":"https:\/\/wp.ufpel.edu.br\/cpp\/wp-json\/wp\/v2\/users\/174"}],"replies":[{"embeddable":true,"href":"https:\/\/wp.ufpel.edu.br\/cpp\/wp-json\/wp\/v2\/comments?post=57"}],"version-history":[{"count":11,"href":"https:\/\/wp.ufpel.edu.br\/cpp\/wp-json\/wp\/v2\/pages\/57\/revisions"}],"predecessor-version":[{"id":104,"href":"https:\/\/wp.ufpel.edu.br\/cpp\/wp-json\/wp\/v2\/pages\/57\/revisions\/104"}],"up":[{"embeddable":true,"href":"https:\/\/wp.ufpel.edu.br\/cpp\/wp-json\/wp\/v2\/pages\/2"}],"wp:attachment":[{"href":"https:\/\/wp.ufpel.edu.br\/cpp\/wp-json\/wp\/v2\/media?parent=57"}],"curies":[{"name":"wp","href":"https:\/\/api.w.org\/{rel}","templated":true}]}}