{"id":49,"date":"2014-07-07T10:21:12","date_gmt":"2014-07-07T13:21:12","guid":{"rendered":"https:\/\/wp.ufpel.edu.br\/cpp\/?page_id=49"},"modified":"2014-07-07T10:58:32","modified_gmt":"2014-07-07T13:58:32","slug":"formacao-continuada-de-professores-da-rede-basica","status":"publish","type":"page","link":"https:\/\/wp.ufpel.edu.br\/cpp\/programas\/formacao-continuada-de-professores-da-rede-basica\/","title":{"rendered":"Forma\u00e7\u00e3o Continuada de Professores da Rede B\u00e1sica"},"content":{"rendered":"<p><span style=\"text-decoration: underline\">Especializa\u00e7\u00e3o em educa\u00e7\u00e3o ambiental com \u00eanfase em escolas sustent\u00e1veis<\/span><\/p>\n<p>Coordenadora: Anelise Vicentini Kuss<\/p>\n<p><span style=\"text-decoration: underline\">Especializa\u00e7\u00e3o em desenvolvimento inclusivo da escola<\/span><\/p>\n<p>Coordenadora: S\u00edglia Pimentel H\u00f6her Camargo<\/p>\n<p><span style=\"text-decoration: underline\">Extens\u00e3o em gest\u00e3o da educa\u00e7\u00e3o especial<\/span><\/p>\n<p>Coordenadora: Rita de C\u00e1ssia Morem C\u00f3ssio Rodriguez<\/p>\n<p><span style=\"text-decoration: underline\">Pacto pelo fortalecimento do ensino m\u00e9dio<\/span><\/p>\n<p>Coordenadora: Denise Dalpiaz Antunes<\/p>\n<p><span style=\"text-decoration: underline\">\u00a0Escolas interculturais de fronteira<\/span><\/p>\n<p>Coordenador: Paulo Ricardo Silveira Borges<\/p>\n<p><span style=\"text-decoration: underline\">Curso de forma\u00e7\u00e3o de orientadores de estudos e professores alfabetizadores<\/span><\/p>\n<p>Coordenadora: Ana Ruth Moresco Miranda<\/p>\n","protected":false},"excerpt":{"rendered":"<p>Especializa\u00e7\u00e3o em educa\u00e7\u00e3o ambiental com \u00eanfase em escolas sustent\u00e1veis Coordenadora: Anelise Vicentini Kuss Especializa\u00e7\u00e3o em desenvolvimento inclusivo da escola Coordenadora: S\u00edglia Pimentel H\u00f6her Camargo Extens\u00e3o em gest\u00e3o da educa\u00e7\u00e3o especial Coordenadora: Rita de C\u00e1ssia Morem C\u00f3ssio Rodriguez Pacto pelo fortalecimento do ensino m\u00e9dio Coordenadora: Denise Dalpiaz Antunes \u00a0Escolas interculturais de fronteira Coordenador: Paulo Ricardo Silveira [&hellip;]<\/p>\n","protected":false},"author":174,"featured_media":0,"parent":7,"menu_order":0,"comment_status":"closed","ping_status":"closed","template":"","meta":{"footnotes":""},"class_list":["post-49","page","type-page","status-publish","hentry"],"_links":{"self":[{"href":"https:\/\/wp.ufpel.edu.br\/cpp\/wp-json\/wp\/v2\/pages\/49","targetHints":{"allow":["GET"]}}],"collection":[{"href":"https:\/\/wp.ufpel.edu.br\/cpp\/wp-json\/wp\/v2\/pages"}],"about":[{"href":"https:\/\/wp.ufpel.edu.br\/cpp\/wp-json\/wp\/v2\/types\/page"}],"author":[{"embeddable":true,"href":"https:\/\/wp.ufpel.edu.br\/cpp\/wp-json\/wp\/v2\/users\/174"}],"replies":[{"embeddable":true,"href":"https:\/\/wp.ufpel.edu.br\/cpp\/wp-json\/wp\/v2\/comments?post=49"}],"version-history":[{"count":4,"href":"https:\/\/wp.ufpel.edu.br\/cpp\/wp-json\/wp\/v2\/pages\/49\/revisions"}],"predecessor-version":[{"id":63,"href":"https:\/\/wp.ufpel.edu.br\/cpp\/wp-json\/wp\/v2\/pages\/49\/revisions\/63"}],"up":[{"embeddable":true,"href":"https:\/\/wp.ufpel.edu.br\/cpp\/wp-json\/wp\/v2\/pages\/7"}],"wp:attachment":[{"href":"https:\/\/wp.ufpel.edu.br\/cpp\/wp-json\/wp\/v2\/media?parent=49"}],"curies":[{"name":"wp","href":"https:\/\/api.w.org\/{rel}","templated":true}]}}