{"id":44,"date":"2014-07-07T10:13:18","date_gmt":"2014-07-07T13:13:18","guid":{"rendered":"https:\/\/wp.ufpel.edu.br\/cpp\/?page_id=44"},"modified":"2014-10-01T08:57:39","modified_gmt":"2014-10-01T11:57:39","slug":"mobilidade-academica","status":"publish","type":"page","link":"https:\/\/wp.ufpel.edu.br\/cpp\/programas\/mobilidade-academica\/","title":{"rendered":"Mobilidade Acad\u00eamica"},"content":{"rendered":"<p style=\"color: #666666\" align=\"center\"><span style=\"font-weight: inherit;font-style: inherit\">O Programa de Mobilidade Acad\u00eamica Nacional\u00a0tem por finalidade proporcionar ao\/a discente de gradua\u00e7\u00e3o regularmente matriculado\/a, a possibilidade de cursar atividades\/componentes curriculares em outras Institui\u00e7\u00f5es de Ensino Superior nacionais, sem preju\u00edzos para integraliza\u00e7\u00e3o do seu curso de origem.<\/span><\/p>\n<p style=\"color: #666666\">A UFPEL poder\u00e1 figurar tanto como\u00a0<b style=\"font-style: inherit\">INSTITUI\u00c7\u00c3O DE ORIGEM<\/b>, nos casos em que\u00a0<span style=\"font-weight: inherit;font-style: inherit\">envia seus\/suas discentes<\/span>\u00a0de gradua\u00e7\u00e3o para realizarem mobilidade em outras Institui\u00e7\u00f5es de Ensino Superior (IES) nacionais, ou como\u00a0<b style=\"font-style: inherit\">INSTITUI\u00c7\u00c3O RECEPTORA<\/b>, quando\u00a0<span style=\"font-weight: inherit;font-style: inherit\">recebe discentes de outras IES<\/span>\u00a0para o desenvolvimento de atividades\/componentes curriculares na UFPEL.<\/p>\n<p style=\"color: #666666\">A Pr\u00f3-Reitoria de Gradua\u00e7\u00e3o (PRG) da UFPEL, atrav\u00e9s do N\u00facleo de Programas da Coordena\u00e7\u00e3o de Programas e Projetos (CPP), faz a intermedia\u00e7\u00e3o das solicita\u00e7\u00f5es de mobilidade acad\u00eamica nacional, tanto como Institui\u00e7\u00e3o de origem, quanto como Institui\u00e7\u00e3o receptora.<\/p>\n<p style=\"color: #666666\"><b style=\"font-style: inherit\">CONFIRA ABAIXO AS POSSIBILIDADES DE REALIZA\u00c7\u00c3O DE MOBILIDADE ACAD\u00caMICA NACIONAL<\/b><\/p>\n<p style=\"color: #666666\"><b style=\"font-style: inherit\"><\/b><b style=\"font-style: inherit\">PARA DISCENTES DA UFPEL (INSTITUI\u00c7\u00c3O DE ORIGEM)<\/b>\u00a0\u2013\u00a0<span style=\"font-weight: inherit;font-style: inherit\">discentes de gradua\u00e7\u00e3o da UFPEL<\/span>\u00a0que pretendam realizar mobilidade acad\u00eamica em outras Institui\u00e7\u00f5es de Ensino Superior (IES) nacionais:<\/p>\n<ul style=\"color: #666666\">\n<li style=\"font-weight: inherit;font-style: inherit\"><span style=\"font-weight: inherit;font-style: inherit\">Se o destino for Institui\u00e7\u00f5es\u00a0<\/span><span style=\"font-weight: inherit;font-style: inherit\">Federais<\/span><span style=\"font-weight: inherit;font-style: inherit\">\u00a0de Ensino Superior (IFES) conveniadas com a Associa\u00e7\u00e3o Nacional dos Dirigentes de Institui\u00e7\u00f5es Federais de Ensino Superior (ANDIFES), a mobilidade \u00e9 disciplinada atrav\u00e9s do Conv\u00eanio que estabeleceu o\u00a0<\/span><b style=\"font-style: inherit\">Programa ANDIFES de Mobilidade Acad\u00eamica Nacional<\/b><span style=\"font-weight: inherit;font-style: inherit\">.<\/span><\/li>\n<li style=\"font-weight: inherit;font-style: inherit\">Se o destino for as demais Institui\u00e7\u00f5es de Ensino Superior nacionais (estaduais, privadas, etc.) o\/a discente deve verificar junto a UFPEL a exist\u00eancia de Conv\u00eanio com a institui\u00e7\u00e3o receptora, que permita a realiza\u00e7\u00e3o de mobilidade acad\u00eamica.<\/li>\n<\/ul>\n<p style=\"color: #666666\"><b style=\"font-style: inherit\">PARA DISCENTES DE OUTRAS INSTITUI\u00c7\u00d5ES DE ENSINO SUPERIOR (UFPEL COMO INSTITUI\u00c7\u00c3O RECEPTORA)<\/b><span style=\"font-weight: inherit;font-style: inherit\">\u00a0\u2013\u00a0<\/span><span style=\"font-weight: inherit;font-style: inherit\">discentes de gradua\u00e7\u00e3o de outras Institui\u00e7\u00f5es de Ensino Superior nacionais<\/span><span style=\"font-weight: inherit;font-style: inherit\">, que pretendam realizar mobilidade acad\u00eamica na UFPEL:<\/span><\/p>\n<ul style=\"color: #666666\">\n<li style=\"font-weight: inherit;font-style: inherit\">Discentes de outras Institui\u00e7\u00f5es\u00a0<span style=\"font-weight: inherit;font-style: inherit\">Federais<\/span>\u00a0de Ensino Superior conveniadas com a ANDIFES realizam mobilidade acad\u00eamica na UFPEL atrav\u00e9s do\u00a0<b style=\"font-style: inherit\">Programa ANDIFES de Mobilidade Acad\u00eamica Nacional<\/b>.<\/li>\n<li style=\"font-weight: inherit;font-style: inherit\"><span style=\"font-weight: inherit;font-style: inherit\">Discentes de outras Institui\u00e7\u00f5es de Ensino Superior realizam mobilidade na UFPEL atrav\u00e9s da modalidade Discente Visitante em Mobilidade, desde que haja Conv\u00eanio estabelecido entre a Institui\u00e7\u00e3o onde o\/a discente visitante est\u00e1 matriculado\/a e a UFPEL.\u00a0<\/span><\/li>\n<\/ul>\n<p style=\"color: #666666\"><b style=\"font-style: inherit\">PROCEDIMENTOS PARA SOLICITA\u00c7\u00c3O DE MOBILIDADE ACAD\u00caMICA<\/b><\/p>\n<h2><span style=\"font-weight: inherit;font-style: inherit;color: #000000\"><strong style=\"font-style: inherit\">EDITAIS:<\/strong><\/span><\/h2>\n<p><a href=\"https:\/\/wp.ufpel.edu.br\/cpp\/files\/2014\/07\/Divulga\u00e7\u00e3o-de-Resultado-Bolsas-Mobilidade-ANDIFES-SANTANDER-1-Sem-2014.pdf\">Divulga\u00e7\u00e3o de Resultado Bolsas Mobilidade ANDIFES SANTANDER 2 \u00a0Sem 2014<span style=\"color: #ffffff\">&#8211;\u00a0<span style=\"color: #ffffff\"><span style=\"color: #ff0000\">NOVO!<\/span><\/span><\/span><\/a><\/p>\n<p><a href=\"https:\/\/wp.ufpel.edu.br\/cpp\/files\/2014\/07\/Edital-PRG-Mobilidade-Academica-Nacional-2-Semestre-2014.doc\">Edital PRG Mobilidade Acad\u00eamica Nacional 2 Semestre 2014<span style=\"color: #ff0000\">&#8211; ENCERRADO!<\/span><\/a><\/p>\n<p><a href=\"https:\/\/wp.ufpel.edu.br\/cpp\/files\/2014\/07\/Edital-PRG-2014-Bolsas-Mobilidade-Acad\u00eamica-Nacional-ANDIFES-SANTANDER.pdf\">Edital PRG 2014 Bolsas Mobilidade Acad\u00eamica Nacional ANDIFES SANTANDER<span style=\"color: #ff0000\">&#8211; ENCERRADO!<\/span><\/a><\/p>\n<p><a href=\"https:\/\/wp.ufpel.edu.br\/cpp\/files\/2014\/07\/Homologa\u00e7\u00e3o-Inscri\u00e7\u00f5es-Mobilidade-2014.pdf\">Homologa\u00e7\u00e3o Inscri\u00e7\u00f5es Mobilidade 2014<span style=\"color: #ff0000\">&#8211; ENCERRADO!<\/span><\/a><\/p>\n<p><a href=\"https:\/\/wp.ufpel.edu.br\/cpp\/files\/2014\/07\/Divulga\u00e7\u00e3o-de-Resultado-Bolsas-Mobilidade-ANDIFES-SANTANDER-1-Sem-20141.pdf\">Divulga\u00e7\u00e3o de Resultado Bolsas Mobilidade ANDIFES SANTANDER 1 Sem 2014<\/a><\/p>\n<p style=\"color: #666666\"><strong style=\"font-style: inherit\">CONTATO:<\/strong><\/p>\n<p style=\"color: #666666\">Let\u00edcia Demari Antunes<\/p>\n<p style=\"color: #666666\"><b style=\"font-style: inherit\">N\u00facleo de Programas \u2013 Coordena\u00e7\u00e3o de Programas e Projetos (CPP) \u2013 Pr\u00f3-Reitoria de Gradua\u00e7\u00e3o \u2013 UFPEL &#8211;\u00a0<\/b>Rua Gomes Carneiro, n\u00ba. 1 \u2013 Pr\u00e9dio da Reitoria, Andar T\u00e9rreo \u2013 Sala 111 \u2013 CEP: 96055-000 \u2013 Pelotas \u2013 RS.\u00a0Contatos: (53) 3921 1162 &#8211;\u00a0<span style=\"font-weight: inherit;font-style: inherit\">prg.mobilidade@gmail.com<\/span><\/p>\n<p>&nbsp;<\/p>\n","protected":false},"excerpt":{"rendered":"<p>O Programa de Mobilidade Acad\u00eamica Nacional\u00a0tem por finalidade proporcionar ao\/a discente de gradua\u00e7\u00e3o regularmente matriculado\/a, a possibilidade de cursar atividades\/componentes curriculares em outras Institui\u00e7\u00f5es de Ensino Superior nacionais, sem preju\u00edzos para integraliza\u00e7\u00e3o do seu curso de origem. A UFPEL poder\u00e1 figurar tanto como\u00a0INSTITUI\u00c7\u00c3O DE ORIGEM, nos casos em que\u00a0envia seus\/suas discentes\u00a0de gradua\u00e7\u00e3o para realizarem mobilidade [&hellip;]<\/p>\n","protected":false},"author":174,"featured_media":0,"parent":7,"menu_order":0,"comment_status":"closed","ping_status":"closed","template":"","meta":{"footnotes":""},"class_list":["post-44","page","type-page","status-publish","hentry"],"_links":{"self":[{"href":"https:\/\/wp.ufpel.edu.br\/cpp\/wp-json\/wp\/v2\/pages\/44","targetHints":{"allow":["GET"]}}],"collection":[{"href":"https:\/\/wp.ufpel.edu.br\/cpp\/wp-json\/wp\/v2\/pages"}],"about":[{"href":"https:\/\/wp.ufpel.edu.br\/cpp\/wp-json\/wp\/v2\/types\/page"}],"author":[{"embeddable":true,"href":"https:\/\/wp.ufpel.edu.br\/cpp\/wp-json\/wp\/v2\/users\/174"}],"replies":[{"embeddable":true,"href":"https:\/\/wp.ufpel.edu.br\/cpp\/wp-json\/wp\/v2\/comments?post=44"}],"version-history":[{"count":6,"href":"https:\/\/wp.ufpel.edu.br\/cpp\/wp-json\/wp\/v2\/pages\/44\/revisions"}],"predecessor-version":[{"id":135,"href":"https:\/\/wp.ufpel.edu.br\/cpp\/wp-json\/wp\/v2\/pages\/44\/revisions\/135"}],"up":[{"embeddable":true,"href":"https:\/\/wp.ufpel.edu.br\/cpp\/wp-json\/wp\/v2\/pages\/7"}],"wp:attachment":[{"href":"https:\/\/wp.ufpel.edu.br\/cpp\/wp-json\/wp\/v2\/media?parent=44"}],"curies":[{"name":"wp","href":"https:\/\/api.w.org\/{rel}","templated":true}]}}