{"id":42,"date":"2014-07-07T10:12:09","date_gmt":"2014-07-07T13:12:09","guid":{"rendered":"https:\/\/wp.ufpel.edu.br\/cpp\/?page_id=42"},"modified":"2014-09-29T18:49:09","modified_gmt":"2014-09-29T21:49:09","slug":"prodocencia","status":"publish","type":"page","link":"https:\/\/wp.ufpel.edu.br\/cpp\/programas\/prodocencia\/","title":{"rendered":"Prodoc\u00eancia"},"content":{"rendered":"<p style=\"color: #666666\">O Programa de Consolida\u00e7\u00e3o das Licenciaturas (Prodoc\u00eancia)\u00a0\u00e9 uma a\u00e7\u00e3o da Capes cuja finalidade \u00e9 o fomento \u00e0 inova\u00e7\u00e3o e \u00e0 eleva\u00e7\u00e3o da qualidade dos cursos de forma\u00e7\u00e3o para o magist\u00e9rio \u00a0da Educa\u00e7\u00e3o B\u00e1sica, na perspectiva de valoriza\u00e7\u00e3o da carreira docente.<\/p>\n<h2 style=\"color: #666666\">Editais<\/h2>\n<p><a href=\"https:\/\/wp.ufpel.edu.br\/cpp\/files\/2014\/07\/Edital_019_2013_Prodocencia.pdf\">Edital 019 2013 Prodocencia<\/a><\/p>\n<p>&nbsp;<\/p>\n<p>&nbsp;<\/p>\n<p>&nbsp;<\/p>\n<p>&nbsp;<\/p>\n<p>&nbsp;<\/p>\n<p>&nbsp;<\/p>\n","protected":false},"excerpt":{"rendered":"<p>O Programa de Consolida\u00e7\u00e3o das Licenciaturas (Prodoc\u00eancia)\u00a0\u00e9 uma a\u00e7\u00e3o da Capes cuja finalidade \u00e9 o fomento \u00e0 inova\u00e7\u00e3o e \u00e0 eleva\u00e7\u00e3o da qualidade dos cursos de forma\u00e7\u00e3o para o magist\u00e9rio \u00a0da Educa\u00e7\u00e3o B\u00e1sica, na perspectiva de valoriza\u00e7\u00e3o da carreira docente. Editais Edital 019 2013 Prodocencia &nbsp; &nbsp; &nbsp; &nbsp; &nbsp; &nbsp;<\/p>\n","protected":false},"author":174,"featured_media":0,"parent":7,"menu_order":0,"comment_status":"closed","ping_status":"closed","template":"","meta":{"footnotes":""},"class_list":["post-42","page","type-page","status-publish","hentry"],"_links":{"self":[{"href":"https:\/\/wp.ufpel.edu.br\/cpp\/wp-json\/wp\/v2\/pages\/42","targetHints":{"allow":["GET"]}}],"collection":[{"href":"https:\/\/wp.ufpel.edu.br\/cpp\/wp-json\/wp\/v2\/pages"}],"about":[{"href":"https:\/\/wp.ufpel.edu.br\/cpp\/wp-json\/wp\/v2\/types\/page"}],"author":[{"embeddable":true,"href":"https:\/\/wp.ufpel.edu.br\/cpp\/wp-json\/wp\/v2\/users\/174"}],"replies":[{"embeddable":true,"href":"https:\/\/wp.ufpel.edu.br\/cpp\/wp-json\/wp\/v2\/comments?post=42"}],"version-history":[{"count":3,"href":"https:\/\/wp.ufpel.edu.br\/cpp\/wp-json\/wp\/v2\/pages\/42\/revisions"}],"predecessor-version":[{"id":134,"href":"https:\/\/wp.ufpel.edu.br\/cpp\/wp-json\/wp\/v2\/pages\/42\/revisions\/134"}],"up":[{"embeddable":true,"href":"https:\/\/wp.ufpel.edu.br\/cpp\/wp-json\/wp\/v2\/pages\/7"}],"wp:attachment":[{"href":"https:\/\/wp.ufpel.edu.br\/cpp\/wp-json\/wp\/v2\/media?parent=42"}],"curies":[{"name":"wp","href":"https:\/\/api.w.org\/{rel}","templated":true}]}}