{"id":20,"date":"2014-07-07T10:00:19","date_gmt":"2014-07-07T13:00:19","guid":{"rendered":"https:\/\/wp.ufpel.edu.br\/cpp\/?page_id=20"},"modified":"2014-09-29T11:04:14","modified_gmt":"2014-09-29T14:04:14","slug":"documentos","status":"publish","type":"page","link":"https:\/\/wp.ufpel.edu.br\/cpp\/documentos\/","title":{"rendered":"Documentos"},"content":{"rendered":"<p><a href=\"https:\/\/wp.ufpel.edu.br\/cpp\/files\/2014\/07\/Formul\u00e1rio-de-Solicita\u00e7\u00e3o-de-Int\u00e9rprete-atualizada.doc\">Formul\u00e1rio de Solicita\u00e7\u00e3o de Int\u00e9rprete atualizada<\/a><\/p>\n<p><a href=\"https:\/\/wp.ufpel.edu.br\/cpp\/files\/2014\/07\/Formul\u00e1rio-de-Solicita\u00e7\u00e3o-de-Int\u00e9rprete-atividade-permanente.doc\">Formul\u00e1rio de Solicita\u00e7\u00e3o de Int\u00e9rprete atividade permanente<\/a><\/p>\n<p>&nbsp;<\/p>\n<p><span style=\"color: #666666\">As normas e procedimentos referentes ao ingresso na Carreira do Magist\u00e9rio Superior na UFPEL, est\u00e3o dispon\u00edveis no s\u00edtio eletr\u00f4nico da Coordena\u00e7\u00e3o de Processos de Sele\u00e7\u00e3o e Ingresso, no seguinte endere\u00e7o:\u00a0<\/span><a style=\"color: #666666\" href=\"http:\/\/concursos.ufpel.edu.br\/wp\/formularios\/\">http:\/\/concursos.ufpel.edu.br\/wp\/formularios<\/a><span style=\"color: #666666\">\/.<\/span><\/p>\n<p>&nbsp;<\/p>\n<p>&nbsp;<\/p>\n<p>&nbsp;<\/p>\n<p>&nbsp;<\/p>\n<p>&nbsp;<\/p>\n<p>&nbsp;<\/p>\n<p>&nbsp;<\/p>\n<p>&nbsp;<\/p>\n<p>&nbsp;<\/p>\n<p>&nbsp;<\/p>\n<p>&nbsp;<\/p>\n<p>&nbsp;<\/p>\n<p>&nbsp;<\/p>\n","protected":false},"excerpt":{"rendered":"<p>Formul\u00e1rio de Solicita\u00e7\u00e3o de Int\u00e9rprete atualizada Formul\u00e1rio de Solicita\u00e7\u00e3o de Int\u00e9rprete atividade permanente &nbsp; As normas e procedimentos referentes ao ingresso na Carreira do Magist\u00e9rio Superior na UFPEL, est\u00e3o dispon\u00edveis no s\u00edtio eletr\u00f4nico da Coordena\u00e7\u00e3o de Processos de Sele\u00e7\u00e3o e Ingresso, no seguinte endere\u00e7o:\u00a0http:\/\/concursos.ufpel.edu.br\/wp\/formularios\/. &nbsp; &nbsp; &nbsp; &nbsp; &nbsp; &nbsp; &nbsp; &nbsp; &nbsp; &nbsp; &nbsp; [&hellip;]<\/p>\n","protected":false},"author":174,"featured_media":0,"parent":0,"menu_order":0,"comment_status":"closed","ping_status":"closed","template":"","meta":{"footnotes":""},"class_list":["post-20","page","type-page","status-publish","hentry"],"_links":{"self":[{"href":"https:\/\/wp.ufpel.edu.br\/cpp\/wp-json\/wp\/v2\/pages\/20","targetHints":{"allow":["GET"]}}],"collection":[{"href":"https:\/\/wp.ufpel.edu.br\/cpp\/wp-json\/wp\/v2\/pages"}],"about":[{"href":"https:\/\/wp.ufpel.edu.br\/cpp\/wp-json\/wp\/v2\/types\/page"}],"author":[{"embeddable":true,"href":"https:\/\/wp.ufpel.edu.br\/cpp\/wp-json\/wp\/v2\/users\/174"}],"replies":[{"embeddable":true,"href":"https:\/\/wp.ufpel.edu.br\/cpp\/wp-json\/wp\/v2\/comments?post=20"}],"version-history":[{"count":3,"href":"https:\/\/wp.ufpel.edu.br\/cpp\/wp-json\/wp\/v2\/pages\/20\/revisions"}],"predecessor-version":[{"id":120,"href":"https:\/\/wp.ufpel.edu.br\/cpp\/wp-json\/wp\/v2\/pages\/20\/revisions\/120"}],"wp:attachment":[{"href":"https:\/\/wp.ufpel.edu.br\/cpp\/wp-json\/wp\/v2\/media?parent=20"}],"curies":[{"name":"wp","href":"https:\/\/api.w.org\/{rel}","templated":true}]}}