{"id":145,"date":"2014-10-01T18:13:42","date_gmt":"2014-10-01T21:13:42","guid":{"rendered":"https:\/\/wp.ufpel.edu.br\/cpp\/?page_id=145"},"modified":"2014-10-01T18:16:04","modified_gmt":"2014-10-01T21:16:04","slug":"programa-andifes-de-mobilidade-academica-nacional","status":"publish","type":"page","link":"https:\/\/wp.ufpel.edu.br\/cpp\/programas\/mobilidade-academica\/programa-andifes-de-mobilidade-academica-nacional\/","title":{"rendered":"PROGRAMA ANDIFES DE MOBILIDADE ACAD\u00caMICA NACIONAL"},"content":{"rendered":"<p>A UFPEL \u00e9 uma das Institui\u00e7\u00f5es Federais de Ensino Superior (IFES) signat\u00e1rias do conv\u00eanio que estabeleceu o Programa ANDIFES de Mobilidade Acad\u00eamica Nacional,<b style=\"font-style: inherit\">\u00a0<\/b>podendo atuar tanto como\u00a0<strong style=\"font-style: inherit\">INSTITUI\u00c7\u00c3O DE ORIGEM<\/strong>\u00a0(enviando discentes), quanto como\u00a0<strong style=\"font-style: inherit\">INSTITUI\u00c7\u00c3O RECEPTORA<\/strong>\u00a0(recebendo discentes).<\/p>\n<p>As regras gerais para requerer mobilidade nesta categoria est\u00e3o dispostas no Conv\u00eanio firmado entre a ANDIFES e as IFES, dispon\u00edvel em\u00a0<a style=\"font-weight: inherit;font-style: inherit;color: #666666\" href=\"http:\/\/andifes.hospedagemdesites.ws\/wp-content\/uploads\/2012\/04\/Convenio_Andifes_de_Mobilidade_Academica.pdf\">http:\/\/andifes.hospedagemdesites.ws\/wp-content\/uploads\/2012\/04\/Convenio_Andifes_de_Mobilidade_Academica.pdf<\/a>.<\/p>\n<p>Confira a lista das IFES signat\u00e1rias do referido conv\u00eanio em:<\/p>\n<p><a style=\"font-weight: inherit;font-style: inherit;color: #666666\" href=\"http:\/\/www.andifes.org.br\/wp-content\/uploads\/2012\/04\/Universidades_participantes_do_programa_Andifes_de_Mobilidade_Acad%C3%AAmica1.pdf\">http:\/\/www.andifes.org.br\/wp-content\/uploads\/2012\/04\/Universidades_<\/a><a style=\"font-weight: inherit;font-style: inherit;color: #666666\" href=\"http:\/\/www.andifes.org.br\/wp-content\/uploads\/2012\/04\/Universidades_participantes_do_programa_Andifes_de_Mobilidade_Acad%C3%AAmica1.pdf\">participantes_do<\/a><a style=\"font-weight: inherit;font-style: inherit;color: #666666\" href=\"http:\/\/www.andifes.org.br\/wp-content\/uploads\/2012\/04\/Universidades_participantes_do_programa_Andifes_de_Mobilidade_Acad%C3%AAmica1.pdf\">_programa_<\/a><\/p>\n<p><a style=\"font-weight: inherit;font-style: inherit;color: #666666\" href=\"http:\/\/www.andifes.org.br\/wp-content\/uploads\/2012\/04\/Universidades_participantes_do_programa_Andifes_de_Mobilidade_Acad%C3%AAmica1.pdf\">Andifes_de_Mobilidade<\/a><a style=\"font-weight: inherit;font-style: inherit;color: #666666\" href=\"http:\/\/www.andifes.org.br\/wp-content\/uploads\/2012\/04\/Universidades_participantes_do_programa_Andifes_de_Mobilidade_Acad%C3%AAmica1.pdf\">_Acad%C3%AAmica1.pdf<\/a>&gt;.<\/p>\n<p><strong style=\"font-style: inherit\"><span style=\"font-weight: inherit;font-style: inherit\">Quem pode participar<\/span>?<\/strong><\/p>\n<p>Discentes regularmente matriculados\/as em curso de gradua\u00e7\u00e3o em Institui\u00e7\u00e3o Federal de Ensino Superior (IFES) signat\u00e1ria do referido conv\u00eanio, desde que tenha:<\/p>\n<p>&#8211; conclu\u00eddo pelo menos vinte por cento da carga hor\u00e1ria de integraliza\u00e7\u00e3o do curso de origem;<\/p>\n<p>&#8211; no m\u00e1ximo duas reprova\u00e7\u00f5es acumuladas nos dois per\u00edodos letivos que antecedem o pedido de mobilidade.<\/p>\n<p><strong style=\"font-style: inherit\"><span style=\"font-weight: inherit;font-style: inherit\">Qual o prazo de afastamento para realiza\u00e7\u00e3o da mobilidade acad\u00eamica<\/span>?<\/strong><\/p>\n<p>O prazo m\u00e1ximo de afastamento \u00e9 de dois semestres letivos, podendo, em car\u00e1ter excepcional, e a crit\u00e9rio das Institui\u00e7\u00f5es envolvidas, ser prorrogado por mais um semestre. O afastamento somente se efetiva ap\u00f3s a comunica\u00e7\u00e3o oficial da institui\u00e7\u00e3o receptora \u00e0 institui\u00e7\u00e3o de origem, acompanhada da documenta\u00e7\u00e3o comprobat\u00f3ria de matr\u00edcula.<\/p>\n<p>O\/a discente participante deste Conv\u00eanio ter\u00e1 v\u00ednculo tempor\u00e1rio com a institui\u00e7\u00e3o receptora, dependendo, para isto, da disponibilidade de matr\u00edcula na(s) atividade(s) curricular (es) pretendida(s), bem como ter\u00e1 sua vaga garantida na institui\u00e7\u00e3o de origem quando do seu retorno.<\/p>\n<p><strong style=\"font-style: inherit\"><span style=\"font-weight: inherit;font-style: inherit\">Existe custeio de despesas para a realiza\u00e7\u00e3o de mobilidade no \u00e2mbito do Programa ANDIFES de Mobilidade Acad\u00eamica Nacional<\/span>?<\/strong><\/p>\n<p>A UFPEL n\u00e3o se responsabiliza pelas despesas oriundas da realiza\u00e7\u00e3o da mobilidade acad\u00eamica, tanto como institui\u00e7\u00e3o de origem, quanto como institui\u00e7\u00e3o receptora.<\/p>\n<p>Entretanto, a ANDIFES possui conv\u00eanio com o Banco Santander, atrav\u00e9s do segmento SANTANDER UNIVERSIDADES, com vistas a apoiar o Programa ANDIFES de Mobilidade Acad\u00eamica, ofertando bolsas aos\/as discentes de gradua\u00e7\u00e3o, os\/as quais s\u00e3o selecionados\/as atrav\u00e9s de Edital espec\u00edfico. Os\/as interessados\/as dever\u00e3o ficar atentos\/as a exist\u00eancia de Editais abertos em\u00a0<a style=\"font-weight: inherit;font-style: inherit;color: #666666\" href=\"https:\/\/wp.ufpel.edu.br\/prg\/programas\/mobilidade-academica\/\">https:\/\/wp.ufpel.edu.br\/prg\/programas\/mobilidade-academica\/<\/a>.<\/p>\n<p><strong style=\"font-style: inherit\"><span style=\"font-weight: inherit;font-style: inherit\">Qual o procedimento e documentos para\u00a0<span style=\"font-weight: inherit;font-style: inherit;color: #ff0000\">discentes da UFPEL<\/span>\u00a0solicitarem a realiza\u00e7\u00e3o de mobilidade acad\u00eamica no \u00e2mbito do Programa ANDIFES de Mobilidade Acad\u00eamica Nacional<\/span>?<\/strong><\/p>\n<p>O\/a discente da UFPEL que pretende participar do referido programa dever\u00e1, juntamente com o\/a Coordenador\/a do seu curso de origem (UFPEL), com base na avalia\u00e7\u00e3o dos planos e ementas oficiais das atividades curriculares fornecidas pela Institui\u00e7\u00e3o receptora, elaborar o Plano de Estudos a ser cursado na mesma. O referido conv\u00eanio prev\u00ea que as Institui\u00e7\u00f5es receptoras forne\u00e7am as ementas oficiais aos\/as discentes interessados\/as. Este Plano de Estudos \u00e9 absolutamente necess\u00e1rio para subsidiar a posterior e obrigat\u00f3ria concess\u00e3o de equival\u00eancia, em caso de aprova\u00e7\u00e3o do\/a discente nas atividades objeto da mobilidade. No formul\u00e1rio eletr\u00f4nico abaixo disponibilizado,\u00a0<span style=\"font-weight: inherit;font-style: inherit\">j\u00e1 h\u00e1 campo destinado ao preenchimento do Plano de Estudos<\/span>.<\/p>\n<p>Concomitantemente, dever\u00e1 o\/a discente interessado\/a verificar a exist\u00eancia de regras espec\u00edficas para requer mobilidade em outras IFES. Por exemplo, a mobilidade acad\u00eamica na modalidade Internato Optativo no Curso de Medicina da UFRGS, possui especificidades discriminadas em\u00a0<a style=\"font-weight: inherit;font-style: inherit;color: #666666\" href=\"http:\/\/www.ufrgs.br\/prograd\/matricula-internato-optativo\">http:\/\/www.ufrgs.br\/prograd\/matricula-internato-optativo<\/a>.<\/p>\n<p>Ap\u00f3s, o\/a discente dever\u00e1 protocolar requerimento de mobilidade junto \u00e0 CPP\/PRG, com a seguinte documenta\u00e7\u00e3o e nos prazos estabelecidos pela mesma:<\/p>\n<p>&#8211;\u00a0<a style=\"font-weight: inherit;font-style: inherit;color: #666666\" href=\"https:\/\/wp.ufpel.edu.br\/prg\/files\/2014\/01\/Requerimento-Mobilidade-Acad%C3%AAmica-ANDIFES-alunos-da-UFPEL2.doc\">Requerimento Mobilidade Acad\u00eamica ANDIFES alunos da UFPEL<\/a>\u00a0devidamente preenchido, com a obrigat\u00f3ria assinatura e carimbo do\/a Coordenador\/a de Curso;<\/p>\n<p>&#8211; Atestado de Matr\u00edcula e Hist\u00f3rico Escolar obtido junto \u00e0 Coordena\u00e7\u00e3o de Registros Acad\u00eamicos (CRA\/PRG)<span style=\"font-weight: inherit;font-style: inherit\">ou<\/span>\u00a0no Cobalto;<\/p>\n<p>&#8211; C\u00f3pia do RG e do CPF;<\/p>\n<p>&#8211;\u00a0Requerimento espec\u00edfico solicitado pela Institui\u00e7\u00e3o receptora devidamente preenchido, caso exista est\u00e1 previs\u00e3o, a qual dever\u00e1 ser verificada pelo\/a discente junto a Institui\u00e7\u00e3o receptora;<\/p>\n<p>&#8211; E-mail ou Carta de Aceite do\/a Professor\/a Regente da UFRGS (<span style=\"font-weight: inherit;font-style: inherit\">somente<\/span>\u00a0nos casos de mobilidade para realiza\u00e7\u00e3o de Internato Optativo Curso de Medicina da UFRGS).<\/p>\n<p>Ap\u00f3s a an\u00e1lise, a CPP\/PRG encaminhar\u00e1 a documenta\u00e7\u00e3o completa ao Conselho Coordenador do Ensino, Pesquisa e Extens\u00e3o (COCEPE), para verificar a possibilidade de deferimento da solicita\u00e7\u00e3o. No caso de deferimento, a UFPEL expedir\u00e1 Carta de Apresenta\u00e7\u00e3o do\/a discente \u00e0 IFES receptora, para verificar a possibilidade de matr\u00edcula na(s) atividade(s)\/componente(s) curricular(es)<b style=\"font-style: inherit\">\u00a0<\/b>a ser(em) cursada(s). A mobilidade somente se efetivar\u00e1 ap\u00f3s o envio do Atestado de Matr\u00edcula pela Institui\u00e7\u00e3o receptora \u00e0 UFPEL.<\/p>\n<p>Cabe a\/ao discente acompanhar a tramita\u00e7\u00e3o do processo junto \u00e0 CPP\/PRG.<\/p>\n<p><strong style=\"font-style: inherit\"><span style=\"font-weight: inherit;font-style: inherit\">Qual o procedimento e documentos para\u00a0<span style=\"font-weight: inherit;font-style: inherit;color: #ff0000\">discentes de outras IFES<\/span>\u00a0solicitarem a realiza\u00e7\u00e3o de mobilidade acad\u00eamica na UFPEL, no \u00e2mbito do Programa ANDIFES de Mobilidade Acad\u00eamica Nacional<\/span>?<\/strong><\/p>\n<p>O\/a discente de outra IFES interessado\/a em realizar mobilidade acad\u00eamica na UFPEL dever\u00e1 primeiramente obter informa\u00e7\u00f5es sobre o tema junto \u00e0 sua institui\u00e7\u00e3o de origem. Ap\u00f3s aprovado seu afastamento pela Institui\u00e7\u00e3o de origem, esta encaminhar\u00e1 \u00e0 UFPEL os seguintes documentos:<\/p>\n<p>&#8211; Carta de Apresenta\u00e7\u00e3o do\/a discente nos termos do Conv\u00eanio ANDIFES;<\/p>\n<p>&#8211; Atestado de Matr\u00edcula na Institui\u00e7\u00e3o de Origem;<\/p>\n<p>&#8211; Hist\u00f3rico escolar atualizado;<\/p>\n<p>&#8211; Plano de Estudos a ser desenvolvido na UFPEL;<\/p>\n<p>&#8211; C\u00f3pia do RG e do CPF;<\/p>\n<p><a href=\"https:\/\/wp.ufpel.edu.br\/cpp\/files\/2014\/10\/Requerimento-Mobilidade-Acad\u00eamica-ANDIFES-alunos-de-outras-IFES-para-UFPEL.doc\">Requerimento Mobilidade Acad\u00eamica ANDIFES alunos de outras IFES para UFPEL<\/a><\/p>\n<p>A CPP\/PRG de posse da documenta\u00e7\u00e3o completa e dentro dos prazos previstos, abrir\u00e1 processo em nome do\/a requerente, para verificar a possibilidade de matr\u00edcula (exist\u00eancia de vagas) na(s) atividade(s)\/componente(s) curricular(es) pretendida(s). Ap\u00f3s a aprova\u00e7\u00e3o pelo colegiado do curso, a CPP\/PRG enviar\u00e1 Carta de Aceite \u00e0 Institui\u00e7\u00e3o de origem, com o respectivo Atestado de Matr\u00edcula.<\/p>\n<p>Ao final do v\u00ednculo em mobilidade, a UFPEL enviar\u00e1 \u00e0 Institui\u00e7\u00e3o de origem documenta\u00e7\u00e3o comprobat\u00f3ria da(s) atividade(s)\/componentes(s) curricular(es) cursado(s), com notas ou conceitos e frequ\u00eancia.<\/p>\n<p><strong style=\"font-style: inherit\"><span style=\"font-weight: inherit;font-style: inherit\">Qual o per\u00edodo para solicita\u00e7\u00e3o<\/span>?<\/strong><\/p>\n<ul>\n<li style=\"font-weight: inherit;font-style: inherit\">Para discentes da\u00a0UFPEL*:<\/li>\n<\/ul>\n<ol>\n<li style=\"font-weight: inherit;font-style: inherit\">mobilidade em outras IFES no II Semestre de 2014 = at\u00e9 30\/04\/14<\/li>\n<li style=\"font-weight: inherit;font-style: inherit\">mobilidade em outras IFES no I Semestre de 2015 = at\u00e9 30\/09\/14<\/li>\n<\/ol>\n<p><span style=\"font-weight: inherit;font-style: inherit\">A realiza\u00e7\u00e3o de mobilidade acad\u00eamica via Internato Optativo na Faculdade de Medicina da UFRGS possui fluxo cont\u00ednuo, devendo a documenta\u00e7\u00e3o ser enviada pela UFPEL com, no m\u00ednimo, trinta dias de anteced\u00eancia do in\u00edcio do Internato.<\/span><\/p>\n<p>*O\/a discente da UFPEL dever\u00e1 verificar a exist\u00eancia de prazos espec\u00edficos na IFES receptora.<\/p>\n<ul>\n<li style=\"font-weight: inherit;font-style: inherit\">Para\u00a0<span style=\"font-weight: inherit;font-style: inherit;color: #000000\">discentes de outras IFES:<\/span><\/li>\n<\/ul>\n<ol>\n<li style=\"font-weight: inherit;font-style: inherit\">mobilidade na UFPEL no II Semestre de 2014 = at\u00e9 31\/05\/14<\/li>\n<li style=\"font-weight: inherit;font-style: inherit\">mobilidade na UFPEL no I Semestre de 2015 =\u00a0at\u00e9 31\/10\/14<\/li>\n<\/ol>\n","protected":false},"excerpt":{"rendered":"<p>A UFPEL \u00e9 uma das Institui\u00e7\u00f5es Federais de Ensino Superior (IFES) signat\u00e1rias do conv\u00eanio que estabeleceu o Programa ANDIFES de Mobilidade Acad\u00eamica Nacional,\u00a0podendo atuar tanto como\u00a0INSTITUI\u00c7\u00c3O DE ORIGEM\u00a0(enviando discentes), quanto como\u00a0INSTITUI\u00c7\u00c3O RECEPTORA\u00a0(recebendo discentes). As regras gerais para requerer mobilidade nesta categoria est\u00e3o dispostas no Conv\u00eanio firmado entre a ANDIFES e as IFES, dispon\u00edvel em\u00a0http:\/\/andifes.hospedagemdesites.ws\/wp-content\/uploads\/2012\/04\/Convenio_Andifes_de_Mobilidade_Academica.pdf. Confira [&hellip;]<\/p>\n","protected":false},"author":174,"featured_media":0,"parent":44,"menu_order":0,"comment_status":"closed","ping_status":"closed","template":"","meta":{"footnotes":""},"class_list":["post-145","page","type-page","status-publish","hentry"],"_links":{"self":[{"href":"https:\/\/wp.ufpel.edu.br\/cpp\/wp-json\/wp\/v2\/pages\/145","targetHints":{"allow":["GET"]}}],"collection":[{"href":"https:\/\/wp.ufpel.edu.br\/cpp\/wp-json\/wp\/v2\/pages"}],"about":[{"href":"https:\/\/wp.ufpel.edu.br\/cpp\/wp-json\/wp\/v2\/types\/page"}],"author":[{"embeddable":true,"href":"https:\/\/wp.ufpel.edu.br\/cpp\/wp-json\/wp\/v2\/users\/174"}],"replies":[{"embeddable":true,"href":"https:\/\/wp.ufpel.edu.br\/cpp\/wp-json\/wp\/v2\/comments?post=145"}],"version-history":[{"count":10,"href":"https:\/\/wp.ufpel.edu.br\/cpp\/wp-json\/wp\/v2\/pages\/145\/revisions"}],"predecessor-version":[{"id":157,"href":"https:\/\/wp.ufpel.edu.br\/cpp\/wp-json\/wp\/v2\/pages\/145\/revisions\/157"}],"up":[{"embeddable":true,"href":"https:\/\/wp.ufpel.edu.br\/cpp\/wp-json\/wp\/v2\/pages\/44"}],"wp:attachment":[{"href":"https:\/\/wp.ufpel.edu.br\/cpp\/wp-json\/wp\/v2\/media?parent=145"}],"curies":[{"name":"wp","href":"https:\/\/api.w.org\/{rel}","templated":true}]}}