{"id":9,"date":"2017-08-17T15:39:01","date_gmt":"2017-08-17T18:39:01","guid":{"rendered":"https:\/\/wp.ufpel.edu.br\/cpi\/?page_id=9"},"modified":"2022-12-21T09:51:52","modified_gmt":"2022-12-21T12:51:52","slug":"nrc","status":"publish","type":"page","link":"https:\/\/wp.ufpel.edu.br\/cpi\/nrc\/","title":{"rendered":"Regula\u00e7\u00e3o de Cursos"},"content":{"rendered":"<p style=\"text-align: justify;\">O N\u00facleo de Regula\u00e7\u00e3o de Cursos \u2013 NRC \u2013 est\u00e1 ligado \u00e0 Superintend\u00eancia de Gest\u00e3o de Tecnologia da Informa\u00e7\u00e3o e Comunica\u00e7\u00e3o \u2013 SGTIC, e \u00e9 respons\u00e1vel pelo acompanhamento e gest\u00e3o dos processos regulat\u00f3rios dos cursos de gradua\u00e7\u00e3o da UFPel, relativos ao Sistema de Avalia\u00e7\u00e3o da Educa\u00e7\u00e3o Superior \u2013 SINAES.<\/p>\n<p style=\"text-align: justify;\">Suas atribui\u00e7\u00f5es s\u00e3o:<\/p>\n<p style=\"text-align: justify;\">1) Planejar, dirigir, coordenar e orientar as atividades de gest\u00e3o dos atos regulat\u00f3rios emitidos pelo Minist\u00e9rio da Educa\u00e7\u00e3o e suas autarquias;<br \/>\n2)\u00a0Apoiar as atividades desenvolvidas pela comiss\u00e3o permanente de avalia\u00e7\u00e3o;<br \/>\n3) Apoiar, coordenar e desenvolver a\u00e7\u00f5es de capacita\u00e7\u00e3o para as coordena\u00e7\u00f5es de curso de gradua\u00e7\u00e3o em rela\u00e7\u00e3o aos processos regulat\u00f3rios de reconhecimento e renova\u00e7\u00e3o de reconhecimento de cursos, e aos processos avaliativos, seja visita in loco ou avalia\u00e7\u00f5es do ENADE;<br \/>\n4) Informar os dados institucionais ao Censo Superior e acompanhar os avaliadores do INEP durante as auditorias de verifica\u00e7\u00e3o;<br \/>\n5) Prover, monitorar e manter atualizados os dados da institui\u00e7\u00e3o junto aos diversos \u00f3rg\u00e3os de regula\u00e7\u00e3o e supervis\u00e3o do ensino superior;<br \/>\n6) Orientar as coordena\u00e7\u00f5es quando da ocorr\u00eancia de dilig\u00eancias ou Protocolos de compromisso;<br \/>\n7) Orientar e Acompanhar os cursos durante as visitas in loco.<\/p>\n<p>&nbsp;<\/p>\n<p style=\"text-align: center;\"><strong>\u00cdndice do site:<\/strong><\/p>\n<p><strong>Dados sobre cursos de gradua\u00e7\u00e3o e especializa\u00e7\u00e3o da UFPel e da pr\u00f3pria Universidade (dados gerais, conceitos das avalia\u00e7\u00f5es, an\u00e1lise de resultados das avalia\u00e7\u00f5es)<\/strong>: <a href=\"https:\/\/wp.ufpel.edu.br\/cpi\/nrc\/informacoes-sobre-os-cursos-de-graduacao-e-especializacao-da-ufpel\/\">https:\/\/wp.ufpel.edu.br\/cpi\/nrc\/informacoes-sobre-os-cursos-de-graduacao-e-especializacao-da-ufpel\/<\/a> e suas abas.<\/p>\n<p><strong>Informa\u00e7\u00f5es sobre processos regulat\u00f3rios (autoriza\u00e7\u00e3o, reconhecimento e renova\u00e7\u00e3o de reconhecimento de curso de gradua\u00e7\u00e3o)<\/strong>: <a href=\"https:\/\/wp.ufpel.edu.br\/cpi\/nrc\/processos-regulatorios\/\">https:\/\/wp.ufpel.edu.br\/cpi\/nrc\/processos-regulatorios\/<\/a> e suas abas<\/p>\n<p><strong>Legisla\u00e7\u00e3o sobre regula\u00e7\u00e3o e avalia\u00e7\u00e3o de cursos de gradua\u00e7\u00e3o:<\/strong> <a href=\"https:\/\/wp.ufpel.edu.br\/cpi\/nrc\/regulacao\/legislacao\/\">https:\/\/wp.ufpel.edu.br\/cpi\/nrc\/regulacao\/legislacao\/<\/a> e suas abas<\/p>\n<p><strong>Manual sobre processos regulat\u00f3rios e avaliativos e os formul\u00e1rios para cada fase dos processos:<\/strong> <a href=\"https:\/\/wp.ufpel.edu.br\/cpi\/nrc\/documentos-e-formularios\/\">https:\/\/wp.ufpel.edu.br\/cpi\/nrc\/documentos-e-formularios\/<\/a><\/p>\n<p><strong>Calend\u00e1rio de processos regulat\u00f3rios do MEC<\/strong>: <a href=\"https:\/\/wp.ufpel.edu.br\/cpi\/nrc\/documentos-e-formularios\/calendario-de-processos-regulatorios\/\">https:\/\/wp.ufpel.edu.br\/cpi\/nrc\/documentos-e-formularios\/calendario-de-processos-regulatorios\/<\/a><\/p>\n<p><strong>Informa\u00e7\u00f5es sobre a Classifica\u00e7\u00e3o CINE Brasil de cursos de gradua\u00e7\u00e3o:<\/strong> <a href=\"https:\/\/wp.ufpel.edu.br\/cpi\/nrc\/documentos-e-formularios\/classificacao-de-cursos-de-graduacao-da-cine-brasil\/\">https:\/\/wp.ufpel.edu.br\/cpi\/nrc\/documentos-e-formularios\/classificacao-de-cursos-de-graduacao-da-cine-brasil\/<\/a><\/p>\n<p><strong>Instrumentos de avalia\u00e7\u00e3o externa de cursos e de Institui\u00e7\u00f5es:<\/strong> <a href=\"https:\/\/wp.ufpel.edu.br\/cpi\/nrc\/documentos-e-formularios\/instrumentos-de-avaliacao-externa-de-cursos-vigentes\/\">https:\/\/wp.ufpel.edu.br\/cpi\/nrc\/documentos-e-formularios\/instrumentos-de-avaliacao-externa-de-cursos-vigentes\/<\/a> e <a href=\"https:\/\/wp.ufpel.edu.br\/cpi\/nrc\/documentos-e-formularios\/instrumento-de-avaliacao-institucional-externa\/\">https:\/\/wp.ufpel.edu.br\/cpi\/nrc\/documentos-e-formularios\/instrumento-de-avaliacao-institucional-externa\/<\/a><\/p>\n<p><strong>Informa\u00e7\u00f5es sobre avalia\u00e7\u00f5es Enade (tutoriais, editais, regras gerais)<\/strong>: <a href=\"https:\/\/wp.ufpel.edu.br\/cpi\/nrc\/enade\/\">https:\/\/wp.ufpel.edu.br\/cpi\/nrc\/enade\/<\/a> e suas abas<\/p>\n<p><strong>Informa\u00e7\u00f5es espec\u00edficas sobre a fase de avalia\u00e7\u00e3o in loco dos cursos de gradua\u00e7\u00e3o<\/strong>: <a href=\"https:\/\/wp.ufpel.edu.br\/cpi\/nrc\/visitas-in-loco-inep-mec\/\">https:\/\/wp.ufpel.edu.br\/cpi\/nrc\/visitas-in-loco-inep-mec\/<\/a> e suas abas<\/p>\n<p><strong>Agenda de avalia\u00e7\u00f5es in loco (visitas agendadas atualmente; cursos com previs\u00e3o de abertura de processos de regula\u00e7\u00e3o e avalia\u00e7\u00e3o&#8230;)<\/strong>: <a href=\"https:\/\/wp.ufpel.edu.br\/cpi\/nrc\/agenda-avaliacao-in-loco\/\">https:\/\/wp.ufpel.edu.br\/cpi\/nrc\/agenda-avaliacao-in-loco\/<\/a><\/p>\n<p>&nbsp;<\/p>\n<p style=\"text-align: left;\"><strong>Contatos:<\/strong><\/p>\n<address>Rua Gomes Carneiro, 01 | sala 348 | Bloco B\u00a0<\/address>\n<address>Anglo<\/address>\n<address>Fone: (53) 3284-4015 op\u00e7\u00e3o 7<\/address>\n<address>E-mail:\u00a0<a href=\"mailto:nrc@ufpel.edu.br\">nrc@ufpel.edu.br<\/a> \u00a0 e \u00a0 <a href=\"mailto:pi@ufpel.edu.br\">pi@ufpel.edu.br<\/a><\/address>\n<address>Hor\u00e1rio de funcionamento: 8h \u00e0s 12h e das 14h \u00e0s 18h<\/address>\n<p style=\"text-align: justify;\">\n","protected":false},"excerpt":{"rendered":"<p>O N\u00facleo de Regula\u00e7\u00e3o de Cursos \u2013 NRC \u2013 est\u00e1 ligado \u00e0 Superintend\u00eancia de Gest\u00e3o de Tecnologia da Informa\u00e7\u00e3o e Comunica\u00e7\u00e3o \u2013 SGTIC, e \u00e9 respons\u00e1vel pelo acompanhamento e gest\u00e3o dos processos regulat\u00f3rios dos cursos de gradua\u00e7\u00e3o da UFPel, relativos ao Sistema de Avalia\u00e7\u00e3o da Educa\u00e7\u00e3o Superior \u2013 SINAES. Suas atribui\u00e7\u00f5es s\u00e3o: 1) Planejar, dirigir, [&hellip;]<\/p>\n","protected":false},"author":799,"featured_media":0,"parent":0,"menu_order":0,"comment_status":"closed","ping_status":"closed","template":"","meta":{"footnotes":""},"class_list":["post-9","page","type-page","status-publish","hentry"],"_links":{"self":[{"href":"https:\/\/wp.ufpel.edu.br\/cpi\/wp-json\/wp\/v2\/pages\/9","targetHints":{"allow":["GET"]}}],"collection":[{"href":"https:\/\/wp.ufpel.edu.br\/cpi\/wp-json\/wp\/v2\/pages"}],"about":[{"href":"https:\/\/wp.ufpel.edu.br\/cpi\/wp-json\/wp\/v2\/types\/page"}],"author":[{"embeddable":true,"href":"https:\/\/wp.ufpel.edu.br\/cpi\/wp-json\/wp\/v2\/users\/799"}],"replies":[{"embeddable":true,"href":"https:\/\/wp.ufpel.edu.br\/cpi\/wp-json\/wp\/v2\/comments?post=9"}],"version-history":[{"count":18,"href":"https:\/\/wp.ufpel.edu.br\/cpi\/wp-json\/wp\/v2\/pages\/9\/revisions"}],"predecessor-version":[{"id":1763,"href":"https:\/\/wp.ufpel.edu.br\/cpi\/wp-json\/wp\/v2\/pages\/9\/revisions\/1763"}],"wp:attachment":[{"href":"https:\/\/wp.ufpel.edu.br\/cpi\/wp-json\/wp\/v2\/media?parent=9"}],"curies":[{"name":"wp","href":"https:\/\/api.w.org\/{rel}","templated":true}]}}