{"id":763,"date":"2018-08-29T14:25:18","date_gmt":"2018-08-29T17:25:18","guid":{"rendered":"https:\/\/wp.ufpel.edu.br\/cpi\/?page_id=763"},"modified":"2022-12-21T09:58:19","modified_gmt":"2022-12-21T12:58:19","slug":"contato","status":"publish","type":"page","link":"https:\/\/wp.ufpel.edu.br\/cpi\/contato\/","title":{"rendered":"Contato e Hor\u00e1rios"},"content":{"rendered":"<p><span style=\"font-family: arial, helvetica, sans-serif; font-size: 10pt;\"><a href=\"https:\/\/institucional.ufpel.edu.br\/unidades\/id\/941\" target=\"_blank\" rel=\"noopener noreferrer\">N\u00facleo de Regula\u00e7\u00e3o de Cursos (NRC)<\/a><\/span><\/p>\n<address>Fone: (53) 3284-4015 op\u00e7\u00e3o 7<\/address>\n<address>E-mail:\u00a0<a href=\"mailto:nrc@ufpel.edu.br\">nrc@ufpel.edu.br<\/a>\u00a0\u00a0 e \u00a0\u00a0<a href=\"mailto:pi@ufpel.edu.br\">pi@ufpel.edu.br<\/a><\/address>\n<address>Hor\u00e1rio de funcionamento: 8h \u00e0s 12h e das 14h \u00e0s 18h<\/address>\n<p><strong><span style=\"font-family: arial, helvetica, sans-serif; font-size: 10pt;\">Servidores:<\/span><\/strong><\/p>\n<pre><span style=\"font-family: arial, helvetica, sans-serif; font-size: 10pt;\"><a href=\"https:\/\/institucional.ufpel.edu.br\/servidores\/siape\/2047955\" target=\"_blank\" rel=\"noopener noreferrer\">Paula de Oliveira Moitinho Rippel<\/a> (Chefe do NRC e Procuradora Educacional Institucional);<\/span>\r\n<span style=\"font-family: arial, helvetica, sans-serif; font-size: 10pt;\"><a href=\"https:\/\/institucional.ufpel.edu.br\/servidores\/siape\/2108035\" target=\"_blank\" rel=\"noopener noreferrer\">Maria Luiza Koglin<\/a> (NRC);\r\n\r\n<\/span><\/pre>\n<p>&nbsp;<\/p>\n","protected":false},"excerpt":{"rendered":"<p>N\u00facleo de Regula\u00e7\u00e3o de Cursos (NRC) Fone: (53) 3284-4015 op\u00e7\u00e3o 7 E-mail:\u00a0nrc@ufpel.edu.br\u00a0\u00a0 e \u00a0\u00a0pi@ufpel.edu.br Hor\u00e1rio de funcionamento: 8h \u00e0s 12h e das 14h \u00e0s 18h Servidores: Paula de Oliveira Moitinho Rippel (Chefe do NRC e Procuradora Educacional Institucional); Maria Luiza Koglin (NRC); &nbsp;<\/p>\n","protected":false},"author":798,"featured_media":0,"parent":0,"menu_order":0,"comment_status":"closed","ping_status":"closed","template":"","meta":{"footnotes":""},"class_list":["post-763","page","type-page","status-publish","hentry"],"_links":{"self":[{"href":"https:\/\/wp.ufpel.edu.br\/cpi\/wp-json\/wp\/v2\/pages\/763","targetHints":{"allow":["GET"]}}],"collection":[{"href":"https:\/\/wp.ufpel.edu.br\/cpi\/wp-json\/wp\/v2\/pages"}],"about":[{"href":"https:\/\/wp.ufpel.edu.br\/cpi\/wp-json\/wp\/v2\/types\/page"}],"author":[{"embeddable":true,"href":"https:\/\/wp.ufpel.edu.br\/cpi\/wp-json\/wp\/v2\/users\/798"}],"replies":[{"embeddable":true,"href":"https:\/\/wp.ufpel.edu.br\/cpi\/wp-json\/wp\/v2\/comments?post=763"}],"version-history":[{"count":24,"href":"https:\/\/wp.ufpel.edu.br\/cpi\/wp-json\/wp\/v2\/pages\/763\/revisions"}],"predecessor-version":[{"id":1765,"href":"https:\/\/wp.ufpel.edu.br\/cpi\/wp-json\/wp\/v2\/pages\/763\/revisions\/1765"}],"wp:attachment":[{"href":"https:\/\/wp.ufpel.edu.br\/cpi\/wp-json\/wp\/v2\/media?parent=763"}],"curies":[{"name":"wp","href":"https:\/\/api.w.org\/{rel}","templated":true}]}}