{"id":69,"date":"2017-08-28T13:50:24","date_gmt":"2017-08-28T16:50:24","guid":{"rendered":"https:\/\/wp.ufpel.edu.br\/cpi\/?page_id=69"},"modified":"2021-03-18T09:52:27","modified_gmt":"2021-03-18T12:52:27","slug":"informacoes-institucionais","status":"publish","type":"page","link":"https:\/\/wp.ufpel.edu.br\/cpi\/informacoes-institucionais\/","title":{"rendered":"Informa\u00e7\u00f5es Institucionais"},"content":{"rendered":"<address><span style=\"font-family: arial, helvetica, sans-serif;font-size: 10pt\">Com 50 anos de hist\u00f3ria e mais de 18,4 mil alunos e 2,6 mil servidores, a Universidade Federal de Pelotas (UFPel) \u00e9 uma institui\u00e7\u00e3o de vulto em termos de porte, abrang\u00eancia, ensino, pesquisa e a\u00e7\u00e3o na comunidade.<\/span> <span style=\"font-family: arial, helvetica, sans-serif;font-size: 10pt\">Conhe\u00e7a os n\u00fameros que revelam muito mais do que eles pr\u00f3prios: que mostram a magnitude dessa Universidade na forma\u00e7\u00e3o de profissionais, no desenvolvimento da ci\u00eancia e da humaniza\u00e7\u00e3o e no impacto na sociedade.<\/span> <span style=\"font-family: arial, helvetica, sans-serif;font-size: 10pt\">Ensino de gradua\u00e7\u00e3o, de p\u00f3s-gradua\u00e7\u00e3o, produ\u00e7\u00e3o cientifica e inova\u00e7\u00e3o tecnol\u00f3gica, atividades de extens\u00e3o, programa de bolsas, assist\u00eancia estudantil, bibliotecas, recursos humanos, servi\u00e7os, unidades acad\u00eamicas e informa\u00e7\u00f5es gerais est\u00e3o apresentadas a seguir. Adentre esse universo.<\/span><\/address>\n<p><span style=\"font-family: arial, helvetica, sans-serif;font-size: 10pt\"><strong>CENSO da Educa\u00e7\u00e3o Superior <\/strong>(Relat\u00f3rios demonstrativos dos principais dados censit\u00e1rios de cursos, v\u00ednculos de alunos nos cursos, docentes na IES, t\u00e9cnicos administrativos e receitas e despesas da institui\u00e7\u00e3o)<\/span><\/p>\n<pre><span style=\"font-family: arial, helvetica, sans-serif;font-size: 10pt\">Respons\u00e1vel: Fabricio Gonzales Scaglioni<\/span>\r\n<span style=\"font-family: arial, helvetica, sans-serif;font-size: 10pt\">Email: pesquisadorinstitucional@ufpel.edu.br\u00a0<\/span><\/pre>\n<table style=\"border-collapse: collapse;width: 100%\" border=\"1\">\n<tbody>\n<tr>\n<td style=\"width: 1.53165%\">\n<ul>\n<li><span style=\"font-family: arial, helvetica, sans-serif;font-size: 10pt\"><a href=\"https:\/\/wp.ufpel.edu.br\/cpi\/files\/2020\/01\/serieHistorica-ies-federal.pdf\" target=\"_blank\" rel=\"noopener noreferrer\">S\u00e9rie hist\u00f3rica &#8211; CENSO UFPEL<\/a><\/span><\/li>\n<li><span style=\"font-family: arial, helvetica, sans-serif;font-size: 10pt\"><a href=\"https:\/\/wp.ufpel.edu.br\/cpi\/files\/2020\/01\/ConsolidadoIES_2018.pdf\" target=\"_blank\" rel=\"noopener noreferrer\">Censo 2018<\/a><\/span><\/li>\n<li><span style=\"font-family: arial, helvetica, sans-serif;font-size: 10pt\"><a href=\"https:\/\/wp.ufpel.edu.br\/cpi\/files\/2020\/01\/ConsolidadoIES_2017.pdf\" target=\"_blank\" rel=\"noopener noreferrer\">Censo 2017<\/a><\/span><\/li>\n<li><span style=\"font-family: arial, helvetica, sans-serif;font-size: 10pt\"><a href=\"https:\/\/wp.ufpel.edu.br\/cpi\/files\/2017\/08\/ConsolidadoIES-2.pdf\" target=\"_blank\" rel=\"noopener noreferrer\">Censo 2016<\/a><\/span><\/li>\n<li><span style=\"font-family: arial, helvetica, sans-serif;font-size: 10pt\"><a href=\"https:\/\/wp.ufpel.edu.br\/cpi\/files\/2017\/08\/ConsolidadoIES-1-1.pdf\" target=\"_blank\" rel=\"noopener noreferrer\">Censo 2015<\/a><\/span><\/li>\n<\/ul>\n<\/td>\n<td style=\"width: 1.51802%\">\n<ul>\n<li><span style=\"font-family: arial, helvetica, sans-serif;font-size: 10pt\"><a href=\"https:\/\/wp.ufpel.edu.br\/proplan\/files\/2016\/05\/Relat%C3%B3rioConsolidadoIES634-2014.pdf\" target=\"_blank\" rel=\"noopener noreferrer\">Censo 2014<\/a><\/span><\/li>\n<li><span style=\"font-family: arial, helvetica, sans-serif;font-size: 10pt\"><a href=\"https:\/\/wp.ufpel.edu.br\/proplan\/files\/2016\/05\/Relat%C3%B3rioConsolidadoIES634-2013.pdf\" target=\"_blank\" rel=\"noopener noreferrer\">Censo 2013<\/a><\/span><\/li>\n<li><span style=\"font-family: arial, helvetica, sans-serif;font-size: 10pt\"><a href=\"https:\/\/wp.ufpel.edu.br\/proplan\/files\/2016\/05\/RelatorioConsolidadoIES634-2012.pdf\" target=\"_blank\" rel=\"noopener noreferrer\">Censo 2012<\/a><\/span><\/li>\n<li><span style=\"font-family: arial, helvetica, sans-serif;font-size: 10pt\"><a href=\"https:\/\/wp.ufpel.edu.br\/proplan\/files\/2016\/05\/RelatorioConsolidadoIES634-2011.pdf\" target=\"_blank\" rel=\"noopener noreferrer\">Censo 2011<\/a><\/span><\/li>\n<li><span style=\"font-family: arial, helvetica, sans-serif;font-size: 10pt\"><a href=\"https:\/\/wp.ufpel.edu.br\/proplan\/files\/2016\/05\/RelatorioConsolidadoIES634-2010.pdf\" target=\"_blank\" rel=\"noopener noreferrer\">Censo 2010<\/a><\/span><\/li>\n<\/ul>\n<\/td>\n<\/tr>\n<\/tbody>\n<\/table>\n<p><span style=\"font-family: arial, helvetica, sans-serif;font-size: 10pt\"><strong>Portal de Dados Abertos da UFPEL <\/strong>(Dados sobre cursos, n\u00famero de alunos, n\u00famero de servidores, acordos de coopera\u00e7\u00e3o, conv\u00eanios, bolsas, projetos de pesquisa e outras informa\u00e7\u00f5es)<\/span><\/p>\n<p><span style=\"font-family: arial, helvetica, sans-serif;font-size: 10pt\"><a href=\"http:\/\/dados.ufpel.edu.br\/\" target=\"_blank\" rel=\"noopener noreferrer\">Portal de dados abertos UFPel<\/a><\/span><\/p>\n<p><span style=\"font-family: arial, helvetica, sans-serif;font-size: 10pt\"><strong>Dados gerais:<\/strong><\/span><\/p>\n<address><span style=\"font-family: arial, helvetica, sans-serif;font-size: 10pt\">UFPel em n\u00fameros (ano base 2019) &#8211; em breve<\/span><\/address>\n<address><span style=\"font-family: arial, helvetica, sans-serif;font-size: 10pt\">UFPel em n\u00fameros (ano base 2018) &#8211; em breve<\/span><\/address>\n<address><a href=\"https:\/\/wp.ufpel.edu.br\/cpi\/files\/2020\/02\/Informa\u00e7\u00f5es-UFPel-2017-final.doc\"><span style=\"font-family: arial, helvetica, sans-serif;font-size: 10pt\">UFPel em n\u00fameros (ano base 2017)<\/span><\/a><\/address>\n<address><span style=\"font-family: arial, helvetica, sans-serif;font-size: 10pt\"><a href=\"https:\/\/wp.ufpel.edu.br\/cpi\/files\/2018\/01\/Informa\u00e7\u00f5es-UFPel-2016.pdf\" target=\"_blank\" rel=\"noopener noreferrer\">UFPel em n\u00fameros (ano base 2016)<\/a><\/span><\/address>\n<address><span style=\"font-family: arial, helvetica, sans-serif;font-size: 10pt\"><a href=\"https:\/\/wp.ufpel.edu.br\/cpi\/files\/2018\/01\/Informa\u00e7\u00f5es-UFPel-2015.pdf\" target=\"_blank\" rel=\"noopener noreferrer\">UFPel em n\u00fameros (ano base 2015)<\/a>\u00a0<\/span><\/address>\n<address>\u00a0<\/address>\n<address><span style=\"font-family: arial, helvetica, sans-serif;font-size: 10pt\"><strong>F\u00f3rmulas para o c\u00e1lculo de indicadores (Refer\u00eancia FORPLAD):<\/strong><\/span><\/address>\n<address><span style=\"font-family: arial, helvetica, sans-serif;font-size: 10pt\"><a href=\"https:\/\/wp.ufpel.edu.br\/proplan\/files\/2015\/05\/Indicadores-do-FORPLAD.pdf\" target=\"_blank\" rel=\"noopener noreferrer\">Indicadores FORPLAD<\/a><\/span><\/p>\n<h5><span style=\"font-family: arial, helvetica, sans-serif;font-size: 10pt\"><strong>Acesso a microdados gerados pelo Inep<\/strong><\/span><\/h5>\n<p style=\"text-align: justify\"><span style=\"font-family: arial, helvetica, sans-serif;font-size: 10pt\">No link abaixo est\u00e3o dispon\u00edveis para consulta os microdados gerados por avalia\u00e7\u00f5es, pesquisas e exames realizados pelo INEP (Censo da Educa\u00e7\u00e3o Superior, Enem, Enade, entre outros). \u00a0Os arquivos podem ser obtidos via download, em formato ASCII, e cont\u00eam inputs (canais de entrada) para leitura utilizando os softwares SAS e SPSS.<\/span><\/p>\n<p><span style=\"font-family: arial, helvetica, sans-serif;font-size: 10pt\">Link para acesso:\u00a0<a href=\"http:\/\/portal.inep.gov.br\/web\/guest\/dados\" target=\"_blank\" rel=\"noopener noreferrer\">Microdados para download<\/a><\/span><\/p>\n<\/address>\n","protected":false},"excerpt":{"rendered":"<p>Com 50 anos de hist\u00f3ria e mais de 18,4 mil alunos e 2,6 mil servidores, a Universidade Federal de Pelotas (UFPel) \u00e9 uma institui\u00e7\u00e3o de vulto em termos de porte, abrang\u00eancia, ensino, pesquisa e a\u00e7\u00e3o na comunidade. Conhe\u00e7a os n\u00fameros que revelam muito mais do que eles pr\u00f3prios: que mostram a magnitude dessa Universidade na [&hellip;]<\/p>\n","protected":false},"author":798,"featured_media":0,"parent":0,"menu_order":0,"comment_status":"closed","ping_status":"closed","template":"","meta":{"footnotes":""},"class_list":["post-69","page","type-page","status-publish","hentry"],"_links":{"self":[{"href":"https:\/\/wp.ufpel.edu.br\/cpi\/wp-json\/wp\/v2\/pages\/69","targetHints":{"allow":["GET"]}}],"collection":[{"href":"https:\/\/wp.ufpel.edu.br\/cpi\/wp-json\/wp\/v2\/pages"}],"about":[{"href":"https:\/\/wp.ufpel.edu.br\/cpi\/wp-json\/wp\/v2\/types\/page"}],"author":[{"embeddable":true,"href":"https:\/\/wp.ufpel.edu.br\/cpi\/wp-json\/wp\/v2\/users\/798"}],"replies":[{"embeddable":true,"href":"https:\/\/wp.ufpel.edu.br\/cpi\/wp-json\/wp\/v2\/comments?post=69"}],"version-history":[{"count":31,"href":"https:\/\/wp.ufpel.edu.br\/cpi\/wp-json\/wp\/v2\/pages\/69\/revisions"}],"predecessor-version":[{"id":1514,"href":"https:\/\/wp.ufpel.edu.br\/cpi\/wp-json\/wp\/v2\/pages\/69\/revisions\/1514"}],"wp:attachment":[{"href":"https:\/\/wp.ufpel.edu.br\/cpi\/wp-json\/wp\/v2\/media?parent=69"}],"curies":[{"name":"wp","href":"https:\/\/api.w.org\/{rel}","templated":true}]}}