{"id":62,"date":"2017-08-28T13:32:38","date_gmt":"2017-08-28T16:32:38","guid":{"rendered":"https:\/\/wp.ufpel.edu.br\/cpi\/?page_id=62"},"modified":"2022-10-20T10:09:53","modified_gmt":"2022-10-20T13:09:53","slug":"documentos-e-formularios","status":"publish","type":"page","link":"https:\/\/wp.ufpel.edu.br\/cpi\/nrc\/documentos-e-formularios\/","title":{"rendered":"Manual, Documentos e Formul\u00e1rios sobre processos regulat\u00f3rios e avaliativos"},"content":{"rendered":"<p>Nos links abaixo, disponibilizamos o Manual de orienta\u00e7\u00e3o geral para avalia\u00e7\u00e3o de cursos de gradua\u00e7\u00e3o \u2013 presencial e a dist\u00e2ncia, juntamente com os documentos e formul\u00e1rios que fazem parte do processo desde a sua abertura no sistema e-MEC at\u00e9 o momento da visita in loco.<\/p>\n<p>&nbsp;<\/p>\n<p style=\"text-align: center;\"><span style=\"font-size: 14pt;\"><strong>Manual de Orienta\u00e7\u00f5es sobre Processos Regulat\u00f3rios e Avalia\u00e7\u00f5es<em>\u00a0in loco<\/em>:<\/strong><\/span><\/p>\n<p><a href=\"https:\/\/wp.ufpel.edu.br\/cpi\/nrc\/documentos-e-formularios\/orientacoes-gerais-para-processos-de-cadastro-e-atualizacao-das-informacoes-de-cursos-e-da-instituicao-no-sistema-e-mec-2\/\" rel=\"attachment wp-att-1691\">Pref\u00e1cio &#8211; Orienta\u00e7\u00f5es Gerais para Processos de Cadastro e Atualiza\u00e7\u00e3o das Informa\u00e7\u00f5es de Cursos e da Institui\u00e7\u00e3o no Sistema e-MEC<\/a><\/p>\n<ol>\n<li><a href=\"https:\/\/wp.ufpel.edu.br\/cpi\/nrc\/documentos-e-formularios\/sistema-e-mec-rol-de-cursos-ja-previstos\/\" rel=\"attachment wp-att-1688\">Rol de Cursos que J\u00e1 Est\u00e3o Dispon\u00edveis no Sistema e-MEC<\/a><\/li>\n<li><a href=\"https:\/\/wp.ufpel.edu.br\/cpi\/files\/2022\/10\/Manual-Visao-Publica-Sistema-e-MEC-Informacoes-sobre-Cursos-de-Graduacao-e-de-Instituicoes.pdf\">Manual &#8211; Vis\u00e3o P\u00fablica Sistema e-MEC &#8211; Informa\u00e7\u00f5es sobre Cursos de Gradua\u00e7\u00e3o e de Institui\u00e7\u00f5es<\/a><\/li>\n<\/ol>\n<p><a href=\"https:\/\/wp.ufpel.edu.br\/cpi\/nrc\/documentos-e-formularios\/capitulo-1-introducao-e-informacoes-gerais-sobre-o-sistema-nacional-de-avaliacao-da-educacao-superior-sinaes-5\/\" rel=\"attachment wp-att-1028\">Cap\u00edtulo 1 \u2013 Introdu\u00e7\u00e3o e Informa\u00e7\u00f5es Gerais sobre o Sistema Nacional de Avalia\u00e7\u00e3o da Educa\u00e7\u00e3o Superior &#8211; SINAES<\/a><\/p>\n<ol>\n<li><a href=\"https:\/\/wp.ufpel.edu.br\/cpi\/files\/2017\/08\/ModeloFormulario-Atualiza\u00e7\u00e3o-Dados-Cursos.doc\">Formul\u00e1rio &#8211; Atualiza\u00e7\u00e3o Dados dos Cursos<\/a><\/li>\n<li><a href=\"https:\/\/wp.ufpel.edu.br\/cpi\/files\/2017\/08\/ModeloFormulario-Atualiza\u00e7\u00e3o-Dados-Coordenador.doc\">Formul\u00e1rio &#8211; Atualiza\u00e7\u00e3o Dados do Coordenador<\/a><\/li>\n<li><a href=\"https:\/\/wp.ufpel.edu.br\/cpi\/files\/2018\/05\/FLUXO-PROCESSUAL.pdf\">Fluxos Processuais<\/a><\/li>\n<\/ol>\n<p><a href=\"https:\/\/wp.ufpel.edu.br\/cpi\/nrc\/documentos-e-formularios\/capitulo-2-fluxos-processuais-abertura-de-processos-de-autorizacao-reconhecimento-e-renovacao-de-reconhecimento-de-cursos-novo-1\/\" rel=\"attachment wp-att-1672\">Cap\u00edtulo 2 \u2013 Fluxos Processuais \u2013 Abertura de Processos de Autoriza\u00e7\u00e3o, Reconhecimento e Renova\u00e7\u00e3o de Reconhecimento de Cursos<\/a><\/p>\n<ol>\n<li><a href=\"https:\/\/wp.ufpel.edu.br\/cpi\/files\/2020\/09\/Formulario-SEI-Informar-a-criacao-de-curso-de-graduacao-2.pdf\">Formul\u00e1rio para informar cria\u00e7\u00e3o de curso de gradua\u00e7\u00e3o &#8211; SEI<\/a><\/li>\n<li><a href=\"https:\/\/wp.ufpel.edu.br\/cpi\/files\/2020\/09\/Formulario-SEI-Solicitar-Autorizacao-de-funcionamento-de-Curso-de-Graduacao-e-MEC.pdf\">Formul\u00e1rio para solicitar autoriza\u00e7\u00e3o ao MEC para cria\u00e7\u00e3o de curso de gradua\u00e7\u00e3o &#8211; SEI<\/a><\/li>\n<li><a href=\"https:\/\/wp.ufpel.edu.br\/cpi\/files\/2018\/01\/Modelo.Formulario-para-Abertura-de-Processo-de-Reconhecimento-ou-Renovacao-de-Reconhecimento-e.MEC-Curso-XXXX-2.docx\">Formul\u00e1rio para Abertura de Processo de Reconhecimento ou Renova\u00e7\u00e3o de Reconhecimento<\/a><\/li>\n<li><a href=\"https:\/\/wp.ufpel.edu.br\/cpi\/files\/2017\/08\/Modelo.Formul\u00e1rio-Matriz-Curricular.doc\">Formul\u00e1rio Matriz Curricular<\/a><\/li>\n<li><a href=\"https:\/\/wp.ufpel.edu.br\/cpi\/files\/2017\/08\/Modelo.Formul\u00e1rio-Rela\u00e7\u00e3o-dos-Docentes-que-atuam-no-Curso.doc\">Formul\u00e1rio Rela\u00e7\u00e3o dos Docentes que atuam no Curso<\/a><\/li>\n<li><a href=\"https:\/\/wp.ufpel.edu.br\/cpi\/nrc\/documentos-e-formularios\/formulario-de-abertura-de-processo-de-autorizacao-de-curso-presencial\/\" rel=\"attachment wp-att-968\">Formul\u00e1rios para Abertura de Processo de Autoriza\u00e7\u00e3o de Curso Fora de Sede ou sem Autonomia<\/a><\/li>\n<li><a href=\"https:\/\/wp.ufpel.edu.br\/cpi\/files\/2017\/08\/Modelo.Termo-Abertura-Proc.-Reconhecimento-de-Curso.docx\">Termo de Concord\u00e2ncia &#8211; Abertura Processo Reconhecimento de Curso<\/a><\/li>\n<li><a href=\"https:\/\/wp.ufpel.edu.br\/cpi\/files\/2017\/08\/Modelo.Termo-Abertura-Proc.-Renovacao-Reconhecimento.docx\">Termo de Concord\u00e2ncia &#8211; Abertura Processo Renova\u00e7\u00e3o de Reconhecimento<\/a><\/li>\n<\/ol>\n<p><a href=\"https:\/\/wp.ufpel.edu.br\/cpi\/files\/2020\/10\/Capitulo-3-\u2013-Fluxos-Processuais-\u2013-Preenchimento-do-Formulario-Eletronico.pdf\">Cap\u00edtulo 3 \u2013 Fluxos Processuais \u2013 Preenchimento do Formul\u00e1rio Eletr\u00f4nico &#8211; Vers\u00e3o 2015<\/a><\/p>\n<p><a href=\"https:\/\/wp.ufpel.edu.br\/cpi\/nrc\/documentos-e-formularios\/capitulo-3-fluxos-processuais-preenchimento-do-formulario-eletronico-2017-7\/\" rel=\"attachment wp-att-1674\">Cap\u00edtulo 3 \u2013 Fluxos Processuais \u2013 Preenchimento do Formul\u00e1rio Eletr\u00f4nico &#8211; Vers\u00e3o 2017<\/a><\/p>\n<ol>\n<li><a href=\"https:\/\/wp.ufpel.edu.br\/cpi\/files\/2017\/08\/Modelo.Formulario-para-Preenchimento-F.-E.-INEP-Curso-XXXX-Vers\u00e3o-2015.doc\">Formul\u00e1rio Eletr\u00f4nico &#8211; Vers\u00e3o 2015<\/a><\/li>\n<li><a href=\"https:\/\/wp.ufpel.edu.br\/cpi\/files\/2017\/12\/Modelo.Formulario-para-Preenchimento-F.-E.-INEP-Curso-XXXX-Vers\u00e3o-2017.doc\">Formul\u00e1rio Eletr\u00f4nico &#8211; Vers\u00e3o 2017<\/a><\/li>\n<li><a href=\"https:\/\/wp.ufpel.edu.br\/cpi\/files\/2017\/08\/Modelo.Formul\u00e1rio-Atributos-docente.doc\">Formul\u00e1rio Atributos dos Docentes &#8211; Vers\u00e3o 2015 e 2017<\/a><\/li>\n<li><a href=\"https:\/\/wp.ufpel.edu.br\/cpi\/files\/2017\/08\/Modelo.Formul\u00e1rio-Vinculo-docente-por-disciplina.doc\">Formul\u00e1rio Vinculo Docente Por Disciplina &#8211; Vers\u00e3o 2015 e 2017<\/a><\/li>\n<li><a href=\"https:\/\/wp.ufpel.edu.br\/cpi\/files\/2017\/08\/Modelo.Termo-Formulario-Eletronico-Reconhecimento.docx\">Termo de Concord\u00e2ncia &#8211; Formul\u00e1rio Eletr\u00f4nico &#8211; Reconhecimento de Curso<\/a><\/li>\n<li><a href=\"https:\/\/wp.ufpel.edu.br\/cpi\/files\/2017\/08\/Modelo.Termo-Formulario-Eletronico-Renova\u00e7\u00e3o-de-Reconhecimento.docx\">Termo de Concord\u00e2ncia &#8211; Formul\u00e1rio Eletr\u00f4nico &#8211; Renova\u00e7\u00e3o de Reconhecimento de Curso<\/a><\/li>\n<\/ol>\n<p><a href=\"https:\/\/wp.ufpel.edu.br\/cpi\/files\/2022\/08\/Capitulo-4-\u2013-Fluxos-Processuais-Visita-in-loco.pdf\">Cap\u00edtulo 4 \u2013 Fluxos Processuais &#8211; Visita in loco<\/a><\/p>\n<ol>\n<li><a href=\"https:\/\/wp.ufpel.edu.br\/cpi\/nrc\/documentos-e-formularios\/avaliacao-externa-virtual-in-loco-ga-pptx\/\" rel=\"attachment wp-att-1678\">Apresenta\u00e7\u00e3o sobre Avalia\u00e7\u00e3o in loco Virtual<\/a><\/li>\n<li><a href=\"https:\/\/wp.ufpel.edu.br\/cpi\/files\/2017\/08\/Sugest\u00f5es-Hot\u00e9is.pdf\">Sugest\u00f5es de Hot\u00e9is para Avaliadores<\/a><\/li>\n<li><a href=\"https:\/\/wp.ufpel.edu.br\/cpi\/files\/2017\/08\/MODELO-Planilhas-para-Organiza\u00e7\u00e3o-Documentos-visita-in-loco.xls\">MODELO &#8211; Planilhas para Organiza\u00e7\u00e3o Documentos &#8211; Visita <em>in loco<\/em><\/a><\/li>\n<li><a href=\"https:\/\/wp.ufpel.edu.br\/cpi\/nrc\/documentos-e-formularios\/checklist-de-preparacao-para-visitas-in-loco-presenciais-e-virtuais-1\/\" rel=\"attachment wp-att-1681\">CHECKLIST &#8211; Exemplos de documentos e dicas para a organiza\u00e7\u00e3o da visita in loco<\/a><\/li>\n<li><a href=\"https:\/\/wp.ufpel.edu.br\/cpi\/files\/2017\/08\/Modelo.Formulario-para-Avaliacao-de-Avaliadores-INEP.docx\">Formul\u00e1rio para Avaliac\u00e3o de Avaliadores &#8211; P\u00f3s Visita <em>in loco<\/em><\/a><\/li>\n<li><a href=\"https:\/\/wp.ufpel.edu.br\/cpi\/files\/2017\/08\/Modelo.Termo-Manifestacao-sobre-Relatorio-do-INEP-Reconhecimento-de-Curso.docx\">Termo &#8211; Manifesta\u00e7\u00e3o sobre Relat\u00f3rio do INEP &#8211; Reconhecimento de Curso<\/a><\/li>\n<li><a href=\"https:\/\/wp.ufpel.edu.br\/cpi\/files\/2017\/08\/Modelo.Termo-Manifestacao-sobre-Relatorio-do-INEP-Renova\u00e7\u00e3o-de-Reconhecimento-de-Curso.docx\">Termo &#8211; Manifesta\u00e7\u00e3o sobre Relat\u00f3rio do INEP &#8211; Renova\u00e7\u00e3o de Reconhecimento de Curso<\/a><\/li>\n<li><a href=\"https:\/\/wp.ufpel.edu.br\/cpi\/files\/2017\/08\/ModeloDocumento-Dilig\u00eanciaINEP.docx\">Modelo de Documento para Resposta de Dilig\u00eancia <\/a><\/li>\n<li><a href=\"https:\/\/wp.ufpel.edu.br\/cpi\/nrc\/documentos-e-formularios\/modelo-documento-pedido-de-adiamento-de-visita-in-loco-2\/\" rel=\"attachment wp-att-735\">Modelo de Documento para Pedido de Adiamento de Visita in loco<\/a><\/li>\n<li><a href=\"https:\/\/wp.ufpel.edu.br\/cpi\/files\/2022\/08\/Geolocalizacao-Google-Maps.pdf\">INEP &#8211; Como fazer a Geolocaliza\u00e7\u00e3o &#8211; Google MAPS<\/a><\/li>\n<\/ol>\n<p><a href=\"https:\/\/wp.ufpel.edu.br\/cpi\/nrc\/documentos-e-formularios\/capitulo-5-fluxos-processuais-protocolo-de-compromisso-4\/\" rel=\"attachment wp-att-745\">Cap\u00edtulo 5 \u2013 Fluxos Processuais &#8211; Protocolo de Compromisso<\/a><\/p>\n<ol>\n<li><a href=\"https:\/\/wp.ufpel.edu.br\/cpi\/files\/2017\/08\/Modelo-Proposta-protocolo-de-compromisso-Visita-in-loco.doc\">Modelo de Proposta de Protocolo de Compromisso &#8211; Visita <em>in loco<\/em><\/a><\/li>\n<li><a href=\"https:\/\/wp.ufpel.edu.br\/cpi\/files\/2017\/08\/Modelo-Proposta-protocolo-de-compromisso-Enade.doc\">Modelo de Proposta de Protocolo de Compromisso &#8211; Enade<\/a><\/li>\n<li><a href=\"https:\/\/wp.ufpel.edu.br\/cpi\/files\/2017\/08\/ModeloDocumento-Relat\u00f3rio-de-Cumprimento-de-Protocolo-de-Compromisso.docx\">Modelo de Relat\u00f3rio de Cumprimento de Protocolo de Compromisso<\/a><\/li>\n<li><a href=\"https:\/\/wp.ufpel.edu.br\/cpi\/files\/2017\/08\/Modelo.Formulario-para-Preenchimento-F.-E.-INEP-Curso-XXXX-Vers\u00e3o-2015-1.doc\">Formul\u00e1rio Eletr\u00f4nico P\u00f3s-Protocolo de Compromisso<\/a><\/li>\n<li><a href=\"https:\/\/wp.ufpel.edu.br\/cpi\/files\/2017\/08\/Modelo.Formul\u00e1rio-Matriz-Curricular-1.doc\">Formul\u00e1rio Matriz Curricular &#8211; P\u00f3s-Protocolo de Compromisso<\/a><\/li>\n<li><a href=\"https:\/\/wp.ufpel.edu.br\/cpi\/files\/2017\/08\/Modelo.Formul\u00e1rio-Rela\u00e7\u00e3o-dos-Docentes-que-atuam-no-Curso-1.doc\">Formul\u00e1rio Rela\u00e7\u00e3o dos Docentes que atuam no Curso<\/a><\/li>\n<li><a href=\"https:\/\/wp.ufpel.edu.br\/cpi\/files\/2017\/08\/Modelo.Formul\u00e1rio-Vinculo-docente-por-disciplina-1.doc\">Formul\u00e1rio Vinculo Docente por Disciplina<\/a><\/li>\n<\/ol>\n<p><a href=\"https:\/\/wp.ufpel.edu.br\/cpi\/nrc\/documentos-e-formularios\/capitulo-6-resultados-dos-processos-avaliativos-e-acoes-decorrentes-das-avaliacoes-4\/\" rel=\"attachment wp-att-1033\">Cap\u00edtulo 6 \u2013 Resultados dos Processos Avaliativos e A\u00e7\u00f5es Decorrentes das Avalia\u00e7\u00f5es<\/a><\/p>\n<p><a href=\"https:\/\/wp.ufpel.edu.br\/cpi\/nrc\/documentos-e-formularios\/capitulo-7-exame-nacional-de-desempenho-do-estudante-enade-e-tutorial-sistema-enade-2\/\" rel=\"attachment wp-att-748\">Cap\u00edtulo 7 \u2013 Exame Nacional de Desempenho do Estudante \u2013 ENADE e Tutorial Sistema ENADE<\/a><\/p>\n<ol>\n<li><a href=\"https:\/\/wp.ufpel.edu.br\/cpi\/files\/2017\/08\/Tutorial-Acesso-ao-sistema-ENADE.pdf\">Tutorial Acesso ao sistema ENADE<\/a><\/li>\n<li><a href=\"https:\/\/wp.ufpel.edu.br\/cpi\/files\/2017\/08\/Dispensa-estudantes.pdf\">Dispensa Estudantes<\/a><\/li>\n<li><a href=\"https:\/\/wp.ufpel.edu.br\/cpi\/files\/2017\/08\/Formulario-Solicitacao-Dispensa-ENADE-20XX.doc\">Formul\u00e1rio Solicita\u00e7\u00e3o Dispensa de Estudantes &#8211; ENADE 20XX<\/a><\/li>\n<li><a href=\"https:\/\/wp.ufpel.edu.br\/cpi\/nrc\/documentos-e-formularios\/tutorial-inscricao-arquivo-em-lote-2\/\" rel=\"attachment wp-att-750\">Tutorial Inscri\u00e7\u00e3o Arquivo em lote<\/a><\/li>\n<\/ol>\n<p>&nbsp;<\/p>\n<p><a href=\"https:\/\/wp.ufpel.edu.br\/cpi\/files\/2021\/05\/Processos-Regulatorios-e-Avaliativos-Externos-da-Educacao-Superior.pdf\">Apresenta\u00e7\u00e3o &#8211; Informa\u00e7\u00f5es Gerais sobre Processos Regulat\u00f3rios e Avaliativos Externos da Educa\u00e7\u00e3o Superior<\/a><\/p>\n<p>&nbsp;<\/p>\n<p style=\"text-align: center;\"><strong>Processos de Credenciamento e Recredenciamento Institucional Presencial<\/strong><\/p>\n<p><a href=\"https:\/\/wp.ufpel.edu.br\/cpi\/files\/2020\/09\/Formulario-para-Abertura-do-Processo-de-Credenciamento-de-Campus-Fora-de-Sede.pdf\">Formul\u00e1rio de Abertura de Processo de Credenciamento de Campus fora de sede<\/a> &#8211; Fase SERES &#8211; inclusive quando situado em infraestrutura de outras Institui\u00e7\u00f5es de Educa\u00e7\u00e3o Superior j\u00e1 credenciadas pelo MEC<\/p>\n<p><a href=\"https:\/\/wp.ufpel.edu.br\/cpi\/files\/2020\/09\/Formulario-para-Abertura-de-Processo-de-Recredenciamento-Presencial.pdf\">Formul\u00e1rio de Abertura de Processo de Recredenciamento Institucional Presencial<\/a><\/p>\n<p><a href=\"https:\/\/wp.ufpel.edu.br\/cpi\/files\/2020\/09\/Formulario-Eletronico-INEP-Credenciamento-e-Recredenciamento-Institucional-Presencial.pdf\">Formul\u00e1rio Eletr\u00f4nico Fase INEP para Credenciamento e Recredenciamento Institucional Presencial<\/a><\/p>\n","protected":false},"excerpt":{"rendered":"<p>Nos links abaixo, disponibilizamos o Manual de orienta\u00e7\u00e3o geral para avalia\u00e7\u00e3o de cursos de gradua\u00e7\u00e3o \u2013 presencial e a dist\u00e2ncia, juntamente com os documentos e formul\u00e1rios que fazem parte do processo desde a sua abertura no sistema e-MEC at\u00e9 o momento da visita in loco. &nbsp; Manual de Orienta\u00e7\u00f5es sobre Processos Regulat\u00f3rios e Avalia\u00e7\u00f5es\u00a0in loco: [&hellip;]<\/p>\n","protected":false},"author":798,"featured_media":0,"parent":9,"menu_order":0,"comment_status":"closed","ping_status":"closed","template":"","meta":{"footnotes":""},"class_list":["post-62","page","type-page","status-publish","hentry"],"_links":{"self":[{"href":"https:\/\/wp.ufpel.edu.br\/cpi\/wp-json\/wp\/v2\/pages\/62","targetHints":{"allow":["GET"]}}],"collection":[{"href":"https:\/\/wp.ufpel.edu.br\/cpi\/wp-json\/wp\/v2\/pages"}],"about":[{"href":"https:\/\/wp.ufpel.edu.br\/cpi\/wp-json\/wp\/v2\/types\/page"}],"author":[{"embeddable":true,"href":"https:\/\/wp.ufpel.edu.br\/cpi\/wp-json\/wp\/v2\/users\/798"}],"replies":[{"embeddable":true,"href":"https:\/\/wp.ufpel.edu.br\/cpi\/wp-json\/wp\/v2\/comments?post=62"}],"version-history":[{"count":70,"href":"https:\/\/wp.ufpel.edu.br\/cpi\/wp-json\/wp\/v2\/pages\/62\/revisions"}],"predecessor-version":[{"id":1743,"href":"https:\/\/wp.ufpel.edu.br\/cpi\/wp-json\/wp\/v2\/pages\/62\/revisions\/1743"}],"up":[{"embeddable":true,"href":"https:\/\/wp.ufpel.edu.br\/cpi\/wp-json\/wp\/v2\/pages\/9"}],"wp:attachment":[{"href":"https:\/\/wp.ufpel.edu.br\/cpi\/wp-json\/wp\/v2\/media?parent=62"}],"curies":[{"name":"wp","href":"https:\/\/api.w.org\/{rel}","templated":true}]}}