{"id":59,"date":"2017-08-28T13:31:32","date_gmt":"2017-08-28T16:31:32","guid":{"rendered":"https:\/\/wp.ufpel.edu.br\/cpi\/?page_id=59"},"modified":"2017-11-29T15:11:55","modified_gmt":"2017-11-29T17:11:55","slug":"sisu","status":"publish","type":"page","link":"https:\/\/wp.ufpel.edu.br\/cpi\/nrc\/sisu\/","title":{"rendered":"SISU"},"content":{"rendered":"<p>O ingresso nos cursos de gradua\u00e7\u00e3o presenciais da UFPel se d\u00e1 atrav\u00e9s de diversos processos seletivos. As vagas s\u00e3o ofertadas, em sua grande maioria, pelo SISU. Al\u00e9m dessa forma de acesso, a Universidade promove o Programa de Avalia\u00e7\u00e3o da Vida Escolar &#8211; PAVE &#8211; e vestibulares especiais para quilombolas e ind\u00edgenas.<\/p>\n<p>Abaixo, voc\u00ea encontra os termos de ades\u00e3o das edi\u00e7\u00f5es do SISU e um relat\u00f3rio com an\u00e1lise sobre as notas de corte do \u00faltimo colocado matriculado nas gradua\u00e7\u00f5es presenciais da UFPel.<\/p>\n<p><a href=\"https:\/\/wp.ufpel.edu.br\/cpi\/files\/2017\/08\/Relatorio-Completo-SISU-divulgacao-1.pdf\">Relat\u00f3rio de An\u00e1lise &#8211; \u00daltimo Ingressante SISU<\/a><\/p>\n<p><a href=\"https:\/\/wp.ufpel.edu.br\/proplan\/files\/2014\/10\/Termo_Adesao-SISU_2011-1.pdf\">SISU 2011\/1<\/a><\/p>\n<p><a href=\"https:\/\/wp.ufpel.edu.br\/proplan\/files\/2014\/10\/Termo_Adesao-SISU_2012-1.pdf\" target=\"_blank\" rel=\"noopener\">SISU 2012\/1<\/a><\/p>\n<p><a href=\"https:\/\/wp.ufpel.edu.br\/proplan\/files\/2014\/10\/Termo_Adesao-SISU_2012-2.pdf\" target=\"_blank\" rel=\"noopener\">SISU 2012\/2<\/a><\/p>\n<p><a href=\"https:\/\/wp.ufpel.edu.br\/proplan\/files\/2014\/10\/Termo_Adesao-SISU_2013-1.pdf\" target=\"_blank\" rel=\"noopener\">SISU 2013\/1<\/a><\/p>\n<p><a href=\"https:\/\/wp.ufpel.edu.br\/proplan\/files\/2014\/10\/Termo_Adesao-SISU_2013-2.pdf\" target=\"_blank\" rel=\"noopener\">SISU 2013\/2<\/a><\/p>\n<p><a href=\"https:\/\/wp.ufpel.edu.br\/proplan\/files\/2014\/10\/Termo_Adesao-SISU_2014-1.pdf\" target=\"_blank\" rel=\"noopener\">SISU 2014\/1<\/a><\/p>\n<p><a href=\"https:\/\/wp.ufpel.edu.br\/proplan\/files\/2014\/10\/Termo_Adesao-SISU_2014-2.pdf\" target=\"_blank\" rel=\"noopener\">SISU 2014\/2<\/a><\/p>\n<p><a href=\"https:\/\/wp.ufpel.edu.br\/proplan\/files\/2014\/10\/Termo_Adesao-SISU_2015-1.pdf\" target=\"_blank\" rel=\"noopener\">SISU 2015\/1<\/a><\/p>\n<p><a href=\"https:\/\/wp.ufpel.edu.br\/proplan\/files\/2014\/10\/Termo_Adesao-SISU_2015-2.pdf\" target=\"_blank\" rel=\"noopener\">SISU 2015\/2<\/a><\/p>\n<p><a href=\"https:\/\/wp.ufpel.edu.br\/proplan\/files\/2014\/10\/Termo_Adesao-SISU_2016-1.pdf\" target=\"_blank\" rel=\"noopener\">SISU 2016\/1<\/a><\/p>\n<p><a href=\"https:\/\/wp.ufpel.edu.br\/cpi\/files\/2017\/08\/37_1463432827299_termo_adesao_2611.pdf\">SISU 2016\/2<\/a><\/p>\n<p><a href=\"https:\/\/wp.ufpel.edu.br\/cpi\/files\/2017\/08\/89_1480700030081_termo_adesao634.pdf\">SISU 2017\/1<\/a><\/p>\n<p><a href=\"https:\/\/wp.ufpel.edu.br\/cpi\/files\/2017\/08\/89_1495732514678_termo_adesao634.pdf\">SISU 2017\/2<\/a><\/p>\n<p><a href=\"https:\/\/wp.ufpel.edu.br\/cpi\/files\/2017\/11\/termo_adesao_634_UFPEL-Retificado-17-novembro.pdf\">SISU 2018\/1<\/a><\/p>\n","protected":false},"excerpt":{"rendered":"<p>O ingresso nos cursos de gradua\u00e7\u00e3o presenciais da UFPel se d\u00e1 atrav\u00e9s de diversos processos seletivos. As vagas s\u00e3o ofertadas, em sua grande maioria, pelo SISU. Al\u00e9m dessa forma de acesso, a Universidade promove o Programa de Avalia\u00e7\u00e3o da Vida Escolar &#8211; PAVE &#8211; e vestibulares especiais para quilombolas e ind\u00edgenas. Abaixo, voc\u00ea encontra os [&hellip;]<\/p>\n","protected":false},"author":798,"featured_media":0,"parent":9,"menu_order":0,"comment_status":"closed","ping_status":"closed","template":"","meta":{"footnotes":""},"class_list":["post-59","page","type-page","status-publish","hentry"],"_links":{"self":[{"href":"https:\/\/wp.ufpel.edu.br\/cpi\/wp-json\/wp\/v2\/pages\/59","targetHints":{"allow":["GET"]}}],"collection":[{"href":"https:\/\/wp.ufpel.edu.br\/cpi\/wp-json\/wp\/v2\/pages"}],"about":[{"href":"https:\/\/wp.ufpel.edu.br\/cpi\/wp-json\/wp\/v2\/types\/page"}],"author":[{"embeddable":true,"href":"https:\/\/wp.ufpel.edu.br\/cpi\/wp-json\/wp\/v2\/users\/798"}],"replies":[{"embeddable":true,"href":"https:\/\/wp.ufpel.edu.br\/cpi\/wp-json\/wp\/v2\/comments?post=59"}],"version-history":[{"count":5,"href":"https:\/\/wp.ufpel.edu.br\/cpi\/wp-json\/wp\/v2\/pages\/59\/revisions"}],"predecessor-version":[{"id":329,"href":"https:\/\/wp.ufpel.edu.br\/cpi\/wp-json\/wp\/v2\/pages\/59\/revisions\/329"}],"up":[{"embeddable":true,"href":"https:\/\/wp.ufpel.edu.br\/cpi\/wp-json\/wp\/v2\/pages\/9"}],"wp:attachment":[{"href":"https:\/\/wp.ufpel.edu.br\/cpi\/wp-json\/wp\/v2\/media?parent=59"}],"curies":[{"name":"wp","href":"https:\/\/api.w.org\/{rel}","templated":true}]}}