{"id":574,"date":"2018-03-06T09:39:03","date_gmt":"2018-03-06T12:39:03","guid":{"rendered":"https:\/\/wp.ufpel.edu.br\/cpi\/?page_id=574"},"modified":"2018-03-06T09:39:03","modified_gmt":"2018-03-06T12:39:03","slug":"conceitos-enade-e-cpc","status":"publish","type":"page","link":"https:\/\/wp.ufpel.edu.br\/cpi\/nrc\/indicadores-de-qualidade-da-ufpel\/conceitos-enade-e-cpc\/","title":{"rendered":"Conceitos Enade e CPC"},"content":{"rendered":"<p><strong>Conceito ENADE<\/strong><\/p>\n<p>O c\u00e1lculo do Conceito ENADE \u00e9 realizado para o conjunto de cursos de uma Institui\u00e7\u00e3o de Educa\u00e7\u00e3o Superior que comp\u00f5em uma \u00e1rea de abrang\u00eancia no ENADE em um mesmo munic\u00edpio.<\/p>\n<p>A nota final do curso depende do desempenho dos estudantes concluintes no Componente de Conhecimento Espec\u00edfico e no Componente de Forma\u00e7\u00e3o Geral. A parte referente ao Componente Espec\u00edfico contribui com 75% da nota final, enquanto a parcela referente \u00e0 Forma\u00e7\u00e3o Geral contribui com 25%, em conson\u00e2ncia com o n\u00famero de quest\u00f5es da prova, 30 e 10, respectivamente.<\/p>\n<p>O Conceito ENADE \u00e9 uma vari\u00e1vel discreta que assume valores de 1 a 5, resultante da convers\u00e3o da Nota dos Concluintes no Enade do respectivo curso avaliado<\/p>\n<p>A avalia\u00e7\u00e3o ENADE \u00e9 aplicada geralmente no m\u00eas de novembro de cada ano e os resultados s\u00e3o divulgados no m\u00eas de Outubro do ano seguinte \u00e0 avalia\u00e7\u00e3o.<\/p>\n<p>Todas as medidas originais, referentes ao Conceito Enade, s\u00e3o padronizadas e reescalonadas para assumirem valores de 0 (zero) a 5 (cinco), na forma de vari\u00e1veis cont\u00ednuas.<\/p>\n<p>As unidades de observa\u00e7\u00e3o com menos de 2 (dois) concluintes participantes no Exame n\u00e3o obt\u00eam o Conceito Enade, ficando \u201cSem Conceito (SC)\u201d.<\/p>\n<p>&nbsp;<\/p>\n<p><strong>Conceito Preliminar de Curso (CPC)<\/strong><\/p>\n<p>O Conceito Preliminar de Curso (CPC) foi concebido para ser um indicador pr\u00e9vio de qualidade dos cursos de gradua\u00e7\u00e3o, anterior \u00e0 avalia\u00e7\u00e3o <em>in loco<\/em> destinada \u00e0 renova\u00e7\u00e3o de reconhecimento de curso. Segundo a Portaria n\u00b0 40 de 2007, o CPC \u00e9 baseado no desempenho dos estudantes concluintes (NC), desempenho do corpo docente (Nota de Professores Mestres &#8211; NPM, Nota de Professores Doutores &#8211; NPD e Nota de Professores com Regime de Dedica\u00e7\u00e3o Integral ou Parcial \u2013 NPR), Nota do Indicador de Diferen\u00e7a entre o Desempenho Observado e Esperado (NIDD) e por fim, na percep\u00e7\u00e3o dos estudantes acerca \u00e0 organiza\u00e7\u00e3o did\u00e1tico-pedag\u00f3gica (NO), \u00e0 infraestrutura e instala\u00e7\u00f5es f\u00edsicas (NF) e referente \u00e0s oportunidades de amplia\u00e7\u00e3o da forma\u00e7\u00e3o acad\u00eamica e profissional (NA).<\/p>\n<p>A Nota Cont\u00ednua do Conceito Preliminar de Curso (NCPC), calculada para cada unidade de observa\u00e7\u00e3o, \u00e9 uma vari\u00e1vel cont\u00ednua que pode assumir valores de 0 (zero) a 5 (cinco). A NCPC, convertida em faixa segundo os crit\u00e9rios expostos na tabela abaixo, \u00e9 transformada no Conceito Preliminar de Curso propriamente dito, que \u00e9 uma vari\u00e1vel discreta definida de 1 (um) a 5 (cinco). Essa nota \u00e9 calculada para as unidades de observa\u00e7\u00e3o que possuam no m\u00ednimo 2 (dois) estudantes concluintes participantes no Enade. Com isso, as unidades de observa\u00e7\u00e3o que n\u00e3o atendam a esse crit\u00e9rio ficam na condi\u00e7\u00e3o de \u201cSem Conceito (SC)\u201d.<\/p>\n<p>Os <a href=\"http:\/\/enadeies.inep.gov.br\/enadeIes\/enadeResultado\/\">relat\u00f3rios de cursos<\/a> que cont\u00e9m todas as informa\u00e7\u00f5es e c\u00e1lculos referentes \u00e0s notas de cada curso avaliado s\u00e3o disponibilizados no ano posterior a aplica\u00e7\u00e3o da prova e podem ser consultados no <a href=\"http:\/\/portal.inep.gov.br\/web\/guest\/relatorios\">pr\u00f3prio site do INEP<\/a>.<\/p>\n","protected":false},"excerpt":{"rendered":"<p>Conceito ENADE O c\u00e1lculo do Conceito ENADE \u00e9 realizado para o conjunto de cursos de uma Institui\u00e7\u00e3o de Educa\u00e7\u00e3o Superior que comp\u00f5em uma \u00e1rea de abrang\u00eancia no ENADE em um mesmo munic\u00edpio. A nota final do curso depende do desempenho dos estudantes concluintes no Componente de Conhecimento Espec\u00edfico e no Componente de Forma\u00e7\u00e3o Geral. A [&hellip;]<\/p>\n","protected":false},"author":799,"featured_media":0,"parent":49,"menu_order":0,"comment_status":"closed","ping_status":"closed","template":"","meta":{"footnotes":""},"class_list":["post-574","page","type-page","status-publish","hentry"],"_links":{"self":[{"href":"https:\/\/wp.ufpel.edu.br\/cpi\/wp-json\/wp\/v2\/pages\/574","targetHints":{"allow":["GET"]}}],"collection":[{"href":"https:\/\/wp.ufpel.edu.br\/cpi\/wp-json\/wp\/v2\/pages"}],"about":[{"href":"https:\/\/wp.ufpel.edu.br\/cpi\/wp-json\/wp\/v2\/types\/page"}],"author":[{"embeddable":true,"href":"https:\/\/wp.ufpel.edu.br\/cpi\/wp-json\/wp\/v2\/users\/799"}],"replies":[{"embeddable":true,"href":"https:\/\/wp.ufpel.edu.br\/cpi\/wp-json\/wp\/v2\/comments?post=574"}],"version-history":[{"count":1,"href":"https:\/\/wp.ufpel.edu.br\/cpi\/wp-json\/wp\/v2\/pages\/574\/revisions"}],"predecessor-version":[{"id":576,"href":"https:\/\/wp.ufpel.edu.br\/cpi\/wp-json\/wp\/v2\/pages\/574\/revisions\/576"}],"up":[{"embeddable":true,"href":"https:\/\/wp.ufpel.edu.br\/cpi\/wp-json\/wp\/v2\/pages\/49"}],"wp:attachment":[{"href":"https:\/\/wp.ufpel.edu.br\/cpi\/wp-json\/wp\/v2\/media?parent=574"}],"curies":[{"name":"wp","href":"https:\/\/api.w.org\/{rel}","templated":true}]}}