{"id":571,"date":"2018-03-06T09:33:27","date_gmt":"2018-03-06T12:33:27","guid":{"rendered":"https:\/\/wp.ufpel.edu.br\/cpi\/?page_id=571"},"modified":"2021-04-26T18:28:54","modified_gmt":"2021-04-26T21:28:54","slug":"indice-geral-de-cursos-igc","status":"publish","type":"page","link":"https:\/\/wp.ufpel.edu.br\/cpi\/nrc\/indicadores-de-qualidade-da-ufpel\/indice-geral-de-cursos-igc\/","title":{"rendered":"\u00cdndice Geral de Cursos &#8211; IGC"},"content":{"rendered":"<p>O IGC \u00e9 um indicador de qualidade que avalia as institui\u00e7\u00f5es de educa\u00e7\u00e3o superior. Ele leva em considera\u00e7\u00e3o os Conceitos preliminares de cursos (CPC), os conceitos de avalia\u00e7\u00e3o de programas de p\u00f3s-gradua\u00e7\u00e3o stricto sensu atribu\u00eddos pela CAPES e a distribui\u00e7\u00e3o dos estudantes entre os diferentes n\u00edveis de ensino, gradua\u00e7\u00e3o ou p\u00f3s-gradua\u00e7\u00e3o stricto sensu da Institui\u00e7\u00e3o avaliada.<\/p>\n<p>Como o IGC considera o CPC dos cursos avaliados no ano do c\u00e1lculo e nos dois anos anteriores, sua divulga\u00e7\u00e3o refere-se sempre a um tri\u00eanio, compreendendo assim todas as \u00e1reas avaliadas, ou ainda, todo o ciclo avaliativo.<\/p>\n<p>O \u00cdndice \u00e9 calculado de forma cont\u00ednua e apresentado, tamb\u00e9m, em forma de faixas de 1 a 5, sendo 5 a maior nota que pode ser atribu\u00edda \u00e0s\u00a0 Institui\u00e7\u00f5es.<\/p>\n<table class=\" aligncenter\" style=\"width: 195px\" width=\"205\">\n<tbody>\n<tr style=\"height: 24px\">\n<td style=\"width: 195px;text-align: center;height: 24px\" colspan=\"3\" width=\"205\"><strong>UFPel<\/strong><\/td>\n<\/tr>\n<tr style=\"height: 22px\">\n<td style=\"width: 47px;text-align: center;height: 46px\" rowspan=\"2\"><strong>Ano<\/strong><\/td>\n<td style=\"width: 148px;text-align: center;height: 22px\" colspan=\"2\"><strong>IGC<\/strong><\/td>\n<\/tr>\n<tr style=\"height: 24px\">\n<td style=\"width: 91px;text-align: center;height: 24px\"><strong>Cont\u00ednuo<\/strong><\/td>\n<td style=\"width: 57px;text-align: center;height: 24px\"><strong>Faixas<\/strong><\/td>\n<\/tr>\n<tr style=\"height: 24px\">\n<td style=\"width: 47px;text-align: center;height: 24px\"><strong>2007<\/strong><\/td>\n<td style=\"width: 91px;text-align: center;height: 24px\">3,16<\/td>\n<td style=\"width: 57px;text-align: center;height: 24px\">4<\/td>\n<\/tr>\n<tr style=\"height: 24px\">\n<td style=\"width: 47px;text-align: center;height: 24px\"><strong>2008<\/strong><\/td>\n<td style=\"width: 91px;text-align: center;height: 24px\">3,15<\/td>\n<td style=\"width: 57px;text-align: center;height: 24px\">4<\/td>\n<\/tr>\n<tr style=\"height: 24px\">\n<td style=\"width: 47px;text-align: center;height: 24px\"><strong>2009<\/strong><\/td>\n<td style=\"width: 91px;text-align: center;height: 24px\">3,26<\/td>\n<td style=\"width: 57px;text-align: center;height: 24px\">4<\/td>\n<\/tr>\n<tr style=\"height: 24px\">\n<td style=\"width: 47px;text-align: center;height: 24px\"><strong>2010<\/strong><\/td>\n<td style=\"width: 91px;text-align: center;height: 24px\">3,50<\/td>\n<td style=\"width: 57px;text-align: center;height: 24px\">4<\/td>\n<\/tr>\n<tr style=\"height: 24px\">\n<td style=\"width: 47px;text-align: center;height: 24px\"><strong>2011<\/strong><\/td>\n<td style=\"width: 91px;text-align: center;height: 24px\">3,56<\/td>\n<td style=\"width: 57px;text-align: center;height: 24px\">4<\/td>\n<\/tr>\n<tr style=\"height: 24px\">\n<td style=\"width: 47px;text-align: center;height: 24px\"><strong>2012<\/strong><\/td>\n<td style=\"width: 91px;text-align: center;height: 24px\">3,57<\/td>\n<td style=\"width: 57px;text-align: center;height: 24px\">4<\/td>\n<\/tr>\n<tr style=\"height: 24px\">\n<td style=\"width: 47px;text-align: center;height: 24px\"><strong>2013<\/strong><\/td>\n<td style=\"width: 91px;text-align: center;height: 24px\">3,50<\/td>\n<td style=\"width: 57px;text-align: center;height: 24px\">4<\/td>\n<\/tr>\n<tr style=\"height: 24px\">\n<td style=\"width: 47px;text-align: center;height: 24px\"><strong>2014<\/strong><\/td>\n<td style=\"width: 91px;text-align: center;height: 24px\">3,43<\/td>\n<td style=\"width: 57px;text-align: center;height: 24px\">4<\/td>\n<\/tr>\n<tr style=\"height: 24px\">\n<td style=\"width: 47px;text-align: center;height: 24px\"><strong>2015<\/strong><\/td>\n<td style=\"width: 91px;text-align: center;height: 24px\">3,38<\/td>\n<td style=\"width: 57px;text-align: center;height: 24px\">4<\/td>\n<\/tr>\n<tr style=\"height: 24px\">\n<td style=\"width: 47px;text-align: center;height: 24px\"><strong>2016<\/strong><\/td>\n<td style=\"width: 91px;text-align: center;height: 24px\">3,43<\/td>\n<td style=\"width: 57px;text-align: center;height: 24px\">4<\/td>\n<\/tr>\n<tr style=\"height: 24px\">\n<td style=\"width: 47px;text-align: center;height: 24px\"><strong>2017<\/strong><\/td>\n<td style=\"width: 91px;text-align: center;height: 24px\">3,5050<\/td>\n<td style=\"width: 57px;text-align: center;height: 24px\">4<\/td>\n<\/tr>\n<tr style=\"height: 24px\">\n<td style=\"width: 47px;text-align: center;height: 24px\"><strong>2018<\/strong><\/td>\n<td style=\"width: 91px;text-align: center;height: 24px\" width=\"87\">3,5277<\/td>\n<td style=\"width: 57px;text-align: center;height: 24px\">4<\/td>\n<\/tr>\n<tr>\n<td style=\"width: 47px;text-align: center\"><strong>2019<\/strong><\/td>\n<td style=\"width: 91px;text-align: center\">3,6205<\/td>\n<td style=\"width: 57px;text-align: center\">4<\/td>\n<\/tr>\n<\/tbody>\n<\/table>\n<p>&nbsp;<\/p>\n<p>Na edi\u00e7\u00e3o do Enade 2019, foram avaliadas 2.070 Institui\u00e7\u00f5es brasileiras, entre p\u00fablicas e privadas, e, dessas, 107 ga\u00fachas.<\/p>\n<p>Em compara\u00e7\u00e3o com as demais Institui\u00e7\u00f5es de ensino superior do pa\u00eds p\u00fablicas e privadas, a UFPel ficou na posi\u00e7\u00e3o 84, sendo a 32\u00aa entre as institui\u00e7\u00f5es p\u00fablicas. No ranking de Institui\u00e7\u00f5es avaliadas do estado do Rio Grande do Sul, nossa institui\u00e7\u00e3o foi a 10\u00ba colocada. Quando filtradas apenas as Institui\u00e7\u00f5es p\u00fablicas, a UFPel figura na 4\u00aa posi\u00e7\u00e3o estadual.<\/p>\n","protected":false},"excerpt":{"rendered":"<p>O IGC \u00e9 um indicador de qualidade que avalia as institui\u00e7\u00f5es de educa\u00e7\u00e3o superior. Ele leva em considera\u00e7\u00e3o os Conceitos preliminares de cursos (CPC), os conceitos de avalia\u00e7\u00e3o de programas de p\u00f3s-gradua\u00e7\u00e3o stricto sensu atribu\u00eddos pela CAPES e a distribui\u00e7\u00e3o dos estudantes entre os diferentes n\u00edveis de ensino, gradua\u00e7\u00e3o ou p\u00f3s-gradua\u00e7\u00e3o stricto sensu da Institui\u00e7\u00e3o [&hellip;]<\/p>\n","protected":false},"author":799,"featured_media":0,"parent":49,"menu_order":0,"comment_status":"closed","ping_status":"closed","template":"","meta":{"footnotes":""},"class_list":["post-571","page","type-page","status-publish","hentry"],"_links":{"self":[{"href":"https:\/\/wp.ufpel.edu.br\/cpi\/wp-json\/wp\/v2\/pages\/571","targetHints":{"allow":["GET"]}}],"collection":[{"href":"https:\/\/wp.ufpel.edu.br\/cpi\/wp-json\/wp\/v2\/pages"}],"about":[{"href":"https:\/\/wp.ufpel.edu.br\/cpi\/wp-json\/wp\/v2\/types\/page"}],"author":[{"embeddable":true,"href":"https:\/\/wp.ufpel.edu.br\/cpi\/wp-json\/wp\/v2\/users\/799"}],"replies":[{"embeddable":true,"href":"https:\/\/wp.ufpel.edu.br\/cpi\/wp-json\/wp\/v2\/comments?post=571"}],"version-history":[{"count":8,"href":"https:\/\/wp.ufpel.edu.br\/cpi\/wp-json\/wp\/v2\/pages\/571\/revisions"}],"predecessor-version":[{"id":1580,"href":"https:\/\/wp.ufpel.edu.br\/cpi\/wp-json\/wp\/v2\/pages\/571\/revisions\/1580"}],"up":[{"embeddable":true,"href":"https:\/\/wp.ufpel.edu.br\/cpi\/wp-json\/wp\/v2\/pages\/49"}],"wp:attachment":[{"href":"https:\/\/wp.ufpel.edu.br\/cpi\/wp-json\/wp\/v2\/media?parent=571"}],"curies":[{"name":"wp","href":"https:\/\/api.w.org\/{rel}","templated":true}]}}