{"id":560,"date":"2018-03-05T18:33:40","date_gmt":"2018-03-05T21:33:40","guid":{"rendered":"https:\/\/wp.ufpel.edu.br\/cpi\/?page_id=560"},"modified":"2022-11-28T15:36:02","modified_gmt":"2022-11-28T18:36:02","slug":"cursos-que-terao-processos-de-reconhecimento-abertos-em-2018","status":"publish","type":"page","link":"https:\/\/wp.ufpel.edu.br\/cpi\/nrc\/agenda-avaliacao-in-loco\/cursos-que-terao-processos-de-reconhecimento-abertos-em-2018\/","title":{"rendered":"Cursos novos que ainda ter\u00e3o processos de Reconhecimento abertos nos pr\u00f3ximos anos"},"content":{"rendered":"<p>De acordo com as normativas do Minist\u00e9rio da Educa\u00e7\u00e3o que regulamentam os processos regulat\u00f3rios da Educa\u00e7\u00e3o Superior, os cursos abaixo ter\u00e3o processos de reconhecimento abertos nos pr\u00f3ximos anos, culminando em visitas <em>in loco:<\/em><\/p>\n<p><span style=\"color: #000000;\">Fisioterapia: A partir de 2022\/2<\/span><\/p>\n<p><span style=\"color: #000000;\">Engenharia de Transporte e Mobilidade: Entre 50 e 75% da carga Hor\u00e1ria m\u00ednima da primeira turma, a partir do in\u00edcio de atividade.<\/span><\/p>\n<p><span style=\"color: #000000;\">Hist\u00f3ria (EaD): A partir de 2023\/1<\/span><\/p>\n<p><span style=\"color: #000000;\">Com\u00e9rcio Exterior: 2024\/1<\/span><\/p>\n<p><span style=\"color: #000000;\">Design de Jogos: 2025\/1<\/span><\/p>\n<p><span style=\"color: #000000;\">Libras: 2025\/1<\/span><\/p>\n","protected":false},"excerpt":{"rendered":"<p>De acordo com as normativas do Minist\u00e9rio da Educa\u00e7\u00e3o que regulamentam os processos regulat\u00f3rios da Educa\u00e7\u00e3o Superior, os cursos abaixo ter\u00e3o processos de reconhecimento abertos nos pr\u00f3ximos anos, culminando em visitas in loco: Fisioterapia: A partir de 2022\/2 Engenharia de Transporte e Mobilidade: Entre 50 e 75% da carga Hor\u00e1ria m\u00ednima da primeira turma, a [&hellip;]<\/p>\n","protected":false},"author":799,"featured_media":0,"parent":564,"menu_order":0,"comment_status":"closed","ping_status":"closed","template":"","meta":{"footnotes":""},"class_list":["post-560","page","type-page","status-publish","hentry"],"_links":{"self":[{"href":"https:\/\/wp.ufpel.edu.br\/cpi\/wp-json\/wp\/v2\/pages\/560","targetHints":{"allow":["GET"]}}],"collection":[{"href":"https:\/\/wp.ufpel.edu.br\/cpi\/wp-json\/wp\/v2\/pages"}],"about":[{"href":"https:\/\/wp.ufpel.edu.br\/cpi\/wp-json\/wp\/v2\/types\/page"}],"author":[{"embeddable":true,"href":"https:\/\/wp.ufpel.edu.br\/cpi\/wp-json\/wp\/v2\/users\/799"}],"replies":[{"embeddable":true,"href":"https:\/\/wp.ufpel.edu.br\/cpi\/wp-json\/wp\/v2\/comments?post=560"}],"version-history":[{"count":10,"href":"https:\/\/wp.ufpel.edu.br\/cpi\/wp-json\/wp\/v2\/pages\/560\/revisions"}],"predecessor-version":[{"id":1755,"href":"https:\/\/wp.ufpel.edu.br\/cpi\/wp-json\/wp\/v2\/pages\/560\/revisions\/1755"}],"up":[{"embeddable":true,"href":"https:\/\/wp.ufpel.edu.br\/cpi\/wp-json\/wp\/v2\/pages\/564"}],"wp:attachment":[{"href":"https:\/\/wp.ufpel.edu.br\/cpi\/wp-json\/wp\/v2\/media?parent=560"}],"curies":[{"name":"wp","href":"https:\/\/api.w.org\/{rel}","templated":true}]}}