{"id":557,"date":"2018-03-05T18:31:15","date_gmt":"2018-03-05T21:31:15","guid":{"rendered":"https:\/\/wp.ufpel.edu.br\/cpi\/?page_id=557"},"modified":"2023-03-15T10:13:14","modified_gmt":"2023-03-15T13:13:14","slug":"cursos-que-terao-processo-de-renovacao-de-reconhecimento-abertos-nos-proximos-meses","status":"publish","type":"page","link":"https:\/\/wp.ufpel.edu.br\/cpi\/nrc\/agenda-avaliacao-in-loco\/cursos-que-terao-processo-de-renovacao-de-reconhecimento-abertos-nos-proximos-meses\/","title":{"rendered":"Cursos que poder\u00e3o ter processo de renova\u00e7\u00e3o de reconhecimento abertos em 2023"},"content":{"rendered":"<p>De acordo com as normativas do Minist\u00e9rio da Educa\u00e7\u00e3o que regulamentam os ciclos avaliativos do SINAES, os cursos abaixo <span style=\"color: #ff0000;\"><strong>poder\u00e3o<\/strong><\/span> ter processos de renova\u00e7\u00e3o de reconhecimento abertos em 2022, culminando em visitas <em>in loco:\u00a0 (<\/em><strong>An\u00e1lise feita a partir das regras e normativas vigentes, no aguardo da posi\u00e7\u00e3o oficial da Seres\\MEC)<\/strong><\/p>\n<p><span style=\"background-color: #ffffff; color: #0000ff;\">Alimentos &#8211; <span style=\"color: #000000;\">Curso sem Enade 2019<\/span><\/span><\/p>\n<p>Biotecnologia &#8211; Curso sem Enade 2019<\/p>\n<p>Design Digital &#8211; Curso sem Enade 2021<\/p>\n<p>Design Gr\u00e1fico &#8211; Curso sem Enade 2021<\/p>\n<p><span style=\"color: #0000ff;\">Letras &#8211; Portugu\u00eas e Alem\u00e3o &#8211; <span style=\"color: #000000;\">Curso sem Enade 2017<\/span><\/span><\/p>\n<p>Letras &#8211; Portugu\u00eas e Franc\u00eas &#8211; Curso sem Enade 2019<\/p>\n<p>Letras &#8211; Tradu\u00e7\u00e3o &#8211; Espanhol &#8211; Portugu\u00eas &#8211; Curso sem Enade 2019<\/p>\n<p>Letras &#8211; Tradu\u00e7\u00e3o &#8211; Ingl\u00eas &#8211; Portugu\u00eas &#8211; Curso sem Enade 2019<\/p>\n<p>Letras &#8211; Reda\u00e7\u00e3o e Revis\u00e3o de Texto &#8211; Curso sem Enade 2019<\/p>\n<p><span style=\"color: #0000ff;\">Matem\u00e1tica (UAB) &#8211; <span style=\"color: #000000;\">Curso sem concluintes inscritos no Enade 2017<\/span><\/span><\/p>\n<p>Meteorologia &#8211; Curso sem Enade 2019<\/p>\n<p><span style=\"color: #0000ff;\">Pedagogia (UAB) &#8211; <span style=\"color: #000000;\">Curso sem Enade 2017<\/span><\/span><\/p>\n<p><span style=\"color: #0000ff;\">Qu\u00edmica de Alimentos &#8211; <span style=\"color: #000000;\">Curso sem Enade 2019<\/span><\/span><\/p>\n<p><span style=\"color: #008000;\">Geoprocessamento &#8211; <span style=\"color: #000000;\">Curso sem Enade 2019<\/span><\/span><\/p>\n<p>&nbsp;<\/p>\n","protected":false},"excerpt":{"rendered":"<p>De acordo com as normativas do Minist\u00e9rio da Educa\u00e7\u00e3o que regulamentam os ciclos avaliativos do SINAES, os cursos abaixo poder\u00e3o ter processos de renova\u00e7\u00e3o de reconhecimento abertos em 2022, culminando em visitas in loco:\u00a0 (An\u00e1lise feita a partir das regras e normativas vigentes, no aguardo da posi\u00e7\u00e3o oficial da Seres\\MEC) Alimentos &#8211; Curso sem Enade [&hellip;]<\/p>\n","protected":false},"author":799,"featured_media":0,"parent":564,"menu_order":0,"comment_status":"closed","ping_status":"closed","template":"","meta":{"footnotes":""},"class_list":["post-557","page","type-page","status-publish","hentry"],"_links":{"self":[{"href":"https:\/\/wp.ufpel.edu.br\/cpi\/wp-json\/wp\/v2\/pages\/557","targetHints":{"allow":["GET"]}}],"collection":[{"href":"https:\/\/wp.ufpel.edu.br\/cpi\/wp-json\/wp\/v2\/pages"}],"about":[{"href":"https:\/\/wp.ufpel.edu.br\/cpi\/wp-json\/wp\/v2\/types\/page"}],"author":[{"embeddable":true,"href":"https:\/\/wp.ufpel.edu.br\/cpi\/wp-json\/wp\/v2\/users\/799"}],"replies":[{"embeddable":true,"href":"https:\/\/wp.ufpel.edu.br\/cpi\/wp-json\/wp\/v2\/comments?post=557"}],"version-history":[{"count":22,"href":"https:\/\/wp.ufpel.edu.br\/cpi\/wp-json\/wp\/v2\/pages\/557\/revisions"}],"predecessor-version":[{"id":1774,"href":"https:\/\/wp.ufpel.edu.br\/cpi\/wp-json\/wp\/v2\/pages\/557\/revisions\/1774"}],"up":[{"embeddable":true,"href":"https:\/\/wp.ufpel.edu.br\/cpi\/wp-json\/wp\/v2\/pages\/564"}],"wp:attachment":[{"href":"https:\/\/wp.ufpel.edu.br\/cpi\/wp-json\/wp\/v2\/media?parent=557"}],"curies":[{"name":"wp","href":"https:\/\/api.w.org\/{rel}","templated":true}]}}