{"id":534,"date":"2018-03-05T18:03:04","date_gmt":"2018-03-05T21:03:04","guid":{"rendered":"https:\/\/wp.ufpel.edu.br\/cpi\/?page_id=534"},"modified":"2018-03-05T18:03:04","modified_gmt":"2018-03-05T21:03:04","slug":"avaliacao-dos-avaliadores","status":"publish","type":"page","link":"https:\/\/wp.ufpel.edu.br\/cpi\/nrc\/visitas-in-loco-inep-mec\/avaliacao-dos-avaliadores\/","title":{"rendered":"Avalia\u00e7\u00e3o dos avaliadores"},"content":{"rendered":"<p>A \u201cAvalia\u00e7\u00e3o dos Avaliadores\u201d \u00e9 uma das funcionalidades do sistema e-MEC que permite ao Reitor\/Dirigente da institui\u00e7\u00e3o avaliar o desempenho das comiss\u00f5es de avalia\u00e7\u00e3o <em>in loco<\/em> no \u00faltimo dia de visita.<\/p>\n<p>O formul\u00e1rio ser\u00e1 enviado pelo NRC ao coordenador de curso no primeiro dia da visita in loco,\u00a0 ficando dispon\u00edvel para preenchimento das 18h do \u00faltimo dia de avalia\u00e7\u00e3o, permanecendo aberto por mais 48 horas, e deve ser preenchido pelo coordenador e enviado para o e-mail <a href=\"mailto:pi@ufpel.edu.br\">pi@ufpel.edu.br<\/a>, imediatamente ap\u00f3s a partida dos avaliadores.<\/p>\n<p><strong>A possibilidade de impugna\u00e7\u00e3o de relat\u00f3rio por parte da Coordena\u00e7\u00e3o, caso o formul\u00e1rio de avalia\u00e7\u00e3o n\u00e3o tenha sido devidamente entregue ao N\u00facleo de Regula\u00e7\u00e3o de Cursos no tempo e forma estipulados, fica significativamente prejudicada.<\/strong><\/p>\n","protected":false},"excerpt":{"rendered":"<p>A \u201cAvalia\u00e7\u00e3o dos Avaliadores\u201d \u00e9 uma das funcionalidades do sistema e-MEC que permite ao Reitor\/Dirigente da institui\u00e7\u00e3o avaliar o desempenho das comiss\u00f5es de avalia\u00e7\u00e3o in loco no \u00faltimo dia de visita. O formul\u00e1rio ser\u00e1 enviado pelo NRC ao coordenador de curso no primeiro dia da visita in loco,\u00a0 ficando dispon\u00edvel para preenchimento das 18h do [&hellip;]<\/p>\n","protected":false},"author":799,"featured_media":0,"parent":517,"menu_order":0,"comment_status":"closed","ping_status":"closed","template":"","meta":{"footnotes":""},"class_list":["post-534","page","type-page","status-publish","hentry"],"_links":{"self":[{"href":"https:\/\/wp.ufpel.edu.br\/cpi\/wp-json\/wp\/v2\/pages\/534","targetHints":{"allow":["GET"]}}],"collection":[{"href":"https:\/\/wp.ufpel.edu.br\/cpi\/wp-json\/wp\/v2\/pages"}],"about":[{"href":"https:\/\/wp.ufpel.edu.br\/cpi\/wp-json\/wp\/v2\/types\/page"}],"author":[{"embeddable":true,"href":"https:\/\/wp.ufpel.edu.br\/cpi\/wp-json\/wp\/v2\/users\/799"}],"replies":[{"embeddable":true,"href":"https:\/\/wp.ufpel.edu.br\/cpi\/wp-json\/wp\/v2\/comments?post=534"}],"version-history":[{"count":1,"href":"https:\/\/wp.ufpel.edu.br\/cpi\/wp-json\/wp\/v2\/pages\/534\/revisions"}],"predecessor-version":[{"id":536,"href":"https:\/\/wp.ufpel.edu.br\/cpi\/wp-json\/wp\/v2\/pages\/534\/revisions\/536"}],"up":[{"embeddable":true,"href":"https:\/\/wp.ufpel.edu.br\/cpi\/wp-json\/wp\/v2\/pages\/517"}],"wp:attachment":[{"href":"https:\/\/wp.ufpel.edu.br\/cpi\/wp-json\/wp\/v2\/media?parent=534"}],"curies":[{"name":"wp","href":"https:\/\/api.w.org\/{rel}","templated":true}]}}