{"id":517,"date":"2018-03-05T17:55:34","date_gmt":"2018-03-05T20:55:34","guid":{"rendered":"https:\/\/wp.ufpel.edu.br\/cpi\/?page_id=517"},"modified":"2018-03-05T17:55:34","modified_gmt":"2018-03-05T20:55:34","slug":"visitas-in-loco-inep-mec","status":"publish","type":"page","link":"https:\/\/wp.ufpel.edu.br\/cpi\/nrc\/visitas-in-loco-inep-mec\/","title":{"rendered":"Visitas in loco &#8211; INEP\/MEC"},"content":{"rendered":"<p>Ap\u00f3s o preenchimento do formul\u00e1rio eletr\u00f4nico, ocorre a visita de avalia\u00e7\u00e3o <em>in loco<\/em>. Esta tem como objetivo a verifica\u00e7\u00e3o da situa\u00e7\u00e3o do curso a partir da an\u00e1lise das informa\u00e7\u00f5es prestadas nas etapas que a precederam (abertura do processo e formul\u00e1rio eletr\u00f4nico). \u00c9 feita por dois avaliadores com forma\u00e7\u00e3o afeta \u00e0 \u00e1rea do curso em quest\u00e3o, sorteados entre os capacitados e credenciados junto ao Banco Nacional de Avaliadores (BASis).<\/p>\n<p>A data da visita \u00e9 comunicada pelo sistema e-MEC ao Procurador Educacional Institucional (PI) que encaminha as informa\u00e7\u00f5es para os gabinetes do Reitor e Vice-Reitor e ao coordenador do curso.<\/p>\n<p>N\u00e3o existe como a IES intervir nesse processo ou ter ci\u00eancia antecipada ao e-mail de notifica\u00e7\u00e3o da data de marca\u00e7\u00e3o da avalia\u00e7\u00e3o, ou de informa\u00e7\u00f5es sobre a identidade dos avaliadores. N\u00e3o \u00e9 poss\u00edvel tamb\u00e9m, em fun\u00e7\u00e3o do mecanismo de sele\u00e7\u00e3o de avaliadores, estimar precisamente o tempo de espera entre a finaliza\u00e7\u00e3o do FE e a marca\u00e7\u00e3o da avalia\u00e7\u00e3o.<\/p>\n<p>Imediatamente ap\u00f3s notifica\u00e7\u00e3o do sistema e-MEC, o N\u00facleo de Regula\u00e7\u00e3o de Cursos encaminha aos gestores envolvidos na avalia\u00e7\u00e3o os dados referentes a avalia\u00e7\u00e3o e instru\u00e7\u00f5es complementares para organiza\u00e7\u00e3o da recep\u00e7\u00e3o \u00e0s comiss\u00f5es.<\/p>\n<p>O contato do avaliador presidente da Comiss\u00e3o \u00e9 feito com o coordenador do curso cadastrado no sistema e-MEC, via e-mail. As tratativas referentes ao cronograma da visita s\u00e3o feitas nesses contatos e devem ser informadas ao N\u00facleo de Regula\u00e7\u00e3o de Cursos para que o mesmo possa agendar a Reuni\u00e3o com os Dirigentes.<\/p>\n<p>Cabe ao Coordenador de Curso a responsabilidade de receber e apresentar o curso aos avaliadores, devendo estar dispon\u00edvel e acess\u00edvel \u00e0 comiss\u00e3o durante todo o per\u00edodo de efetivo trabalho de avalia\u00e7\u00e3o.<\/p>\n<p>As avalia\u00e7\u00f5es in loco s\u00e3o designadas para verificar localmente o que foi informado pelo curso avaliado nas etapas documentais do processo de reconhecimento ou renova\u00e7\u00e3o de reconhecimento de curso.<\/p>\n<p>Cabe ressaltar que n\u00e3o compete aos avaliadores designados pelo INEP qualquer sugest\u00e3o ou recomenda\u00e7\u00e3o \u00e0s Institui\u00e7\u00f5es avaliadas, conforme dita a Portaria Normativa n\u00ba 40, de 12 de Dezembro de 2007.<\/p>\n<p>Maiores informa\u00e7\u00f5es sobre a organiza\u00e7\u00e3o das visitas in loco podem ser encontradas neste link:\u00a0<a href=\"https:\/\/wp.ufpel.edu.br\/cpi\/files\/2017\/08\/Cap%C3%ADtulo-4-%E2%80%93-Fluxos-Processuais-Visita-in-loco-1.pdf\">https:\/\/wp.ufpel.edu.br\/cpi\/files\/2017\/08\/Cap%C3%ADtulo-4-%E2%80%93-Fluxos-Processuais-Visita-in-loco-1.pdf<\/a><\/p>\n","protected":false},"excerpt":{"rendered":"<p>Ap\u00f3s o preenchimento do formul\u00e1rio eletr\u00f4nico, ocorre a visita de avalia\u00e7\u00e3o in loco. Esta tem como objetivo a verifica\u00e7\u00e3o da situa\u00e7\u00e3o do curso a partir da an\u00e1lise das informa\u00e7\u00f5es prestadas nas etapas que a precederam (abertura do processo e formul\u00e1rio eletr\u00f4nico). \u00c9 feita por dois avaliadores com forma\u00e7\u00e3o afeta \u00e0 \u00e1rea do curso em quest\u00e3o, [&hellip;]<\/p>\n","protected":false},"author":799,"featured_media":0,"parent":9,"menu_order":0,"comment_status":"closed","ping_status":"closed","template":"","meta":{"footnotes":""},"class_list":["post-517","page","type-page","status-publish","hentry"],"_links":{"self":[{"href":"https:\/\/wp.ufpel.edu.br\/cpi\/wp-json\/wp\/v2\/pages\/517","targetHints":{"allow":["GET"]}}],"collection":[{"href":"https:\/\/wp.ufpel.edu.br\/cpi\/wp-json\/wp\/v2\/pages"}],"about":[{"href":"https:\/\/wp.ufpel.edu.br\/cpi\/wp-json\/wp\/v2\/types\/page"}],"author":[{"embeddable":true,"href":"https:\/\/wp.ufpel.edu.br\/cpi\/wp-json\/wp\/v2\/users\/799"}],"replies":[{"embeddable":true,"href":"https:\/\/wp.ufpel.edu.br\/cpi\/wp-json\/wp\/v2\/comments?post=517"}],"version-history":[{"count":1,"href":"https:\/\/wp.ufpel.edu.br\/cpi\/wp-json\/wp\/v2\/pages\/517\/revisions"}],"predecessor-version":[{"id":519,"href":"https:\/\/wp.ufpel.edu.br\/cpi\/wp-json\/wp\/v2\/pages\/517\/revisions\/519"}],"up":[{"embeddable":true,"href":"https:\/\/wp.ufpel.edu.br\/cpi\/wp-json\/wp\/v2\/pages\/9"}],"wp:attachment":[{"href":"https:\/\/wp.ufpel.edu.br\/cpi\/wp-json\/wp\/v2\/media?parent=517"}],"curies":[{"name":"wp","href":"https:\/\/api.w.org\/{rel}","templated":true}]}}