{"id":49,"date":"2017-08-28T13:25:51","date_gmt":"2017-08-28T16:25:51","guid":{"rendered":"https:\/\/wp.ufpel.edu.br\/cpi\/?page_id=49"},"modified":"2020-09-09T17:33:44","modified_gmt":"2020-09-09T20:33:44","slug":"indicadores-de-qualidade-da-ufpel","status":"publish","type":"page","link":"https:\/\/wp.ufpel.edu.br\/cpi\/nrc\/indicadores-de-qualidade-da-ufpel\/","title":{"rendered":"Conceitos de Curso de Gradua\u00e7\u00e3o e Indicadores de Qualidade da UFPel"},"content":{"rendered":"<p style=\"text-align: justify\">Nos links abaixo, voc\u00ea pode encontrar informa\u00e7\u00f5es sobre os indicadores da UFPel \u2013 IGC, CPC e conceito ENADE, assim como notas obtidas pelos cursos da universidade nas diversas avalia\u00e7\u00f5es.<\/p>\n<p style=\"text-align: justify\">Em rela\u00e7\u00e3o \u00e0s avalia\u00e7\u00f5es externas Institucionais, a Universidade Federal de Pelotas passou por processo de Recredenciamento junto ao MEC, recebendo duas visitas in loco, uma no Campus Pelotas, em maio de 2017, e outra no Campus Cap\u00e3o do Le\u00e3o, em agosto de 2017.<\/p>\n<p>O Conceito Institucional da UFPel \u00e9 4.<\/p>\n<p>As avalia\u00e7\u00f5es de cursos de gradua\u00e7\u00e3o podem ser visualizadas no menu &#8220;<a href=\"https:\/\/wp.ufpel.edu.br\/cpi\/nrc\/regulacao\/\">Regula\u00e7\u00e3o<\/a>&#8220;.<\/p>\n<p>&nbsp;<\/p>\n<p><strong><a href=\"https:\/\/wp.ufpel.edu.br\/proplan\/files\/2014\/10\/Indicadores-de-qualidade-UFPEL.docx\">Indicadores de qualidade UFPEL<\/a><\/strong><\/p>\n<p><strong><a href=\"https:\/\/wp.ufpel.edu.br\/cpi\/nrc\/indicadores-de-qualidade-da-ufpel\/indicadores-de-qualidade-enade-2015-2016-e-2017\/\" rel=\"attachment wp-att-919\">Indicadores de Qualidade UFPel &#8211; Enade 2015, 2016 e 2017<\/a><\/strong><\/p>\n<p>&nbsp;<\/p>\n<p><strong>ENADE 2019<\/strong><\/p>\n<p><a href=\"https:\/\/wp.ufpel.edu.br\/cpi\/nrc\/indicadores-de-qualidade-da-ufpel\/edital_n43_04062019-enade2019-3\/\" rel=\"attachment wp-att-917\">Edital Enade 2019<\/a><\/p>\n<p><strong>ENADE 2018<\/strong><\/p>\n<p><a href=\"https:\/\/wp.ufpel.edu.br\/cpi\/nrc\/indicadores-de-qualidade-da-ufpel\/edital-no-40-de-19-de-junho-de-2018-diario-oficial-da-uniao-imprensa-nacional-2\/\" rel=\"attachment wp-att-915\">Edital Enade 2018<\/a><\/p>\n<p><a href=\"https:\/\/wp.ufpel.edu.br\/cpi\/nrc\/indicadores-de-qualidade-da-ufpel\/relatorio-ies-enade-2018-pelotas\/\" rel=\"attachment wp-att-1081\">Relat\u00f3rio IES \u2013 2018 &#8211; Pelotas<\/a> <a href=\"https:\/\/wp.ufpel.edu.br\/cpi\/nrc\/indicadores-de-qualidade-da-ufpel\/relatorio-ies-enade-2018-pelotas-2\/\" rel=\"attachment wp-att-1082\">Relat\u00f3rio IES &#8211; Enade 2018 &#8211; Pelotas<\/a><\/p>\n<p><strong>ENADE 2017<\/strong><\/p>\n<p><a href=\"https:\/\/wp.ufpel.edu.br\/cpi\/files\/2017\/08\/Edital-26_2017_Enade-2017.pdf\">Edital &#8211; ENADE 2017<\/a> \u00a0 \u00a0 \u00a0 \u00a0 \u00a0 <a href=\"https:\/\/wp.ufpel.edu.br\/cpi\/files\/2017\/08\/Of\u00edcio-Dispensa-greve.pdf\">Of\u00edcio Dispensa Greve<\/a><\/p>\n<p><a href=\"https:\/\/wp.ufpel.edu.br\/cpi\/nrc\/indicadores-de-qualidade-da-ufpel\/relatorio-ies-enade2017-pelotas\/\" rel=\"attachment wp-att-1078\">Relat\u00f3rio IES \u2013 2017 &#8211; Pelotas<\/a><\/p>\n<p><a href=\"https:\/\/wp.ufpel.edu.br\/cpi\/nrc\/indicadores-de-qualidade-da-ufpel\/relatorio-ies-enade2017-capao-do-leao\/\" rel=\"attachment wp-att-1079\">Relat\u00f3rio IES \u2013 2017 &#8211; Cap\u00e3o do Le\u00e3o \u00a0<\/a><\/p>\n<p><strong>ENADE 2016<\/strong><\/p>\n<p><a href=\"https:\/\/wp.ufpel.edu.br\/proplan\/files\/2014\/10\/Manual-ENADE-2016.pdf\">Manual \u2013 ENADE 2016<\/a>\u00a0 \u00a0 \u00a0 \u00a0 \u00a0\u00a0<a href=\"https:\/\/wp.ufpel.edu.br\/proplan\/files\/2014\/10\/Portaria-Normativa-2016.pdf\">Portaria Normativa 2016<\/a>\u00a0 \u00a0 \u00a0 \u00a0 <a href=\"https:\/\/wp.ufpel.edu.br\/cpi\/files\/2018\/01\/Relat\u00f3rio-ENADE-2016-IES.pdf\">Relat\u00f3rio IES \u2013 2016<\/a><\/p>\n<p><strong>ENADE 2015<\/strong><\/p>\n<p><a href=\"https:\/\/wp.ufpel.edu.br\/proplan\/files\/2014\/10\/Manual-ENADE-2015.pdf\">Manual \u2013 ENADE 2015<\/a>\u00a0 \u00a0 \u00a0 \u00a0 \u00a0\u00a0<a href=\"https:\/\/wp.ufpel.edu.br\/proplan\/files\/2014\/10\/Portaria-Normativa-2015.pdf\">Portaria Normativa 2015<\/a>\u00a0 \u00a0 \u00a0 \u00a0 <a href=\"https:\/\/wp.ufpel.edu.br\/cpi\/files\/2018\/01\/Relat\u00f3rio-IES-ENADE2015.pdf\">Relat\u00f3rio IES \u2013 2015<\/a><\/p>\n<p><strong>ENADE 2014<\/strong><\/p>\n<p><a href=\"https:\/\/wp.ufpel.edu.br\/proplan\/files\/2014\/10\/Manual-ENADE-2014-1.pdf\">Manual \u2013 ENADE 2014<\/a>\u00a0\u00a0 \u00a0 \u00a0 \u00a0 \u00a0<a href=\"https:\/\/wp.ufpel.edu.br\/proplan\/files\/2014\/10\/Portaria-Normativa-2014.pdf\">Portaria Normativa 2014<\/a>\u00a0\u00a0 \u00a0 \u00a0 \u00a0 \u00a0<a href=\"https:\/\/wp.ufpel.edu.br\/proplan\/files\/2014\/10\/Relat%C3%B3rio-IES-2014.pdf\">Relat\u00f3rio IES \u2013 2014<\/a><\/p>\n<p><strong>ENADE 2013<\/strong><\/p>\n<p><a href=\"https:\/\/wp.ufpel.edu.br\/proplan\/files\/2014\/10\/Manual-ENADE-2013.pdf\">Manual \u2013 ENADE 2013<\/a>\u00a0\u00a0\u00a0\u00a0 \u00a0 \u00a0 \u00a0<a href=\"https:\/\/wp.ufpel.edu.br\/proplan\/files\/2014\/10\/Portaria-Normativa-2013.pdf\">Portaria Normativa 2013<\/a>\u00a0\u00a0\u00a0 \u00a0 \u00a0 \u00a0\u00a0<a href=\"https:\/\/wp.ufpel.edu.br\/proplan\/files\/2014\/10\/Relat%C3%B3rio-IES-2013.pdf\">Relat\u00f3rio IES \u2013 2013<\/a><\/p>\n<p><strong>ENADE 2012<\/strong><\/p>\n<p><a href=\"https:\/\/wp.ufpel.edu.br\/proplan\/files\/2014\/10\/Manual-ENADE-2012.pdf\">Manual \u2013 ENADE 2012<\/a>\u00a0\u00a0 \u00a0 \u00a0 \u00a0 \u00a0\u00a0<a href=\"https:\/\/wp.ufpel.edu.br\/proplan\/files\/2014\/10\/Portaria-Normativa-2012.pdf\">Portaria Normativa 2012<\/a>\u00a0\u00a0 \u00a0 \u00a0 \u00a0 \u00a0<a href=\"https:\/\/wp.ufpel.edu.br\/proplan\/files\/2014\/10\/Relat%C3%B3rio-IES-2012.pdf\">Relat\u00f3rio IES \u2013 2012<\/a><\/p>\n<p><strong>ENADE 2011<\/strong><\/p>\n<p><a href=\"https:\/\/wp.ufpel.edu.br\/proplan\/files\/2014\/10\/Manual-ENADE-2011.pdf\">Manual \u2013 ENADE 2011<\/a>\u00a0\u00a0 \u00a0 \u00a0 \u00a0 \u00a0\u00a0<a href=\"https:\/\/wp.ufpel.edu.br\/proplan\/files\/2014\/10\/Portaria-Normativa-2011.pdf\">Portaria Normativa 2011<\/a>\u00a0\u00a0 \u00a0 \u00a0 \u00a0 \u00a0\u00a0<a href=\"https:\/\/wp.ufpel.edu.br\/proplan\/files\/2014\/10\/Relat%C3%B3rio-IES-2011.pdf\">Relat\u00f3rio IES \u2013 2011<\/a><\/p>\n<p>&nbsp;<\/p>\n<p><strong>Recredenciamento Institucional<\/strong><\/p>\n<p><a href=\"https:\/\/wp.ufpel.edu.br\/proplan\/files\/2014\/10\/Relat%C3%B3rio-final-de-avalia%C3%A7%C3%A3o-in-loco.pdf\">Relat\u00f3rio Avalia\u00e7\u00e3o Campus Pelotas \u2013 Maio 2017<\/a><\/p>\n<p><a href=\"https:\/\/wp.ufpel.edu.br\/cpi\/files\/2017\/08\/Relat\u00f3rio-final-de-avalia\u00e7\u00e3o-in-loco-Campus-Cap\u00e3o-do-Le\u00e3o.pdf\">Relat\u00f3rio Avalia\u00e7\u00e3o Campus Cap\u00e3o do Le\u00e3o &#8211; Agosto 2017<\/a><\/p>\n","protected":false},"excerpt":{"rendered":"<p>Nos links abaixo, voc\u00ea pode encontrar informa\u00e7\u00f5es sobre os indicadores da UFPel \u2013 IGC, CPC e conceito ENADE, assim como notas obtidas pelos cursos da universidade nas diversas avalia\u00e7\u00f5es. Em rela\u00e7\u00e3o \u00e0s avalia\u00e7\u00f5es externas Institucionais, a Universidade Federal de Pelotas passou por processo de Recredenciamento junto ao MEC, recebendo duas visitas in loco, uma no [&hellip;]<\/p>\n","protected":false},"author":798,"featured_media":0,"parent":9,"menu_order":0,"comment_status":"closed","ping_status":"closed","template":"","meta":{"footnotes":""},"class_list":["post-49","page","type-page","status-publish","hentry"],"_links":{"self":[{"href":"https:\/\/wp.ufpel.edu.br\/cpi\/wp-json\/wp\/v2\/pages\/49","targetHints":{"allow":["GET"]}}],"collection":[{"href":"https:\/\/wp.ufpel.edu.br\/cpi\/wp-json\/wp\/v2\/pages"}],"about":[{"href":"https:\/\/wp.ufpel.edu.br\/cpi\/wp-json\/wp\/v2\/types\/page"}],"author":[{"embeddable":true,"href":"https:\/\/wp.ufpel.edu.br\/cpi\/wp-json\/wp\/v2\/users\/798"}],"replies":[{"embeddable":true,"href":"https:\/\/wp.ufpel.edu.br\/cpi\/wp-json\/wp\/v2\/comments?post=49"}],"version-history":[{"count":14,"href":"https:\/\/wp.ufpel.edu.br\/cpi\/wp-json\/wp\/v2\/pages\/49\/revisions"}],"predecessor-version":[{"id":1210,"href":"https:\/\/wp.ufpel.edu.br\/cpi\/wp-json\/wp\/v2\/pages\/49\/revisions\/1210"}],"up":[{"embeddable":true,"href":"https:\/\/wp.ufpel.edu.br\/cpi\/wp-json\/wp\/v2\/pages\/9"}],"wp:attachment":[{"href":"https:\/\/wp.ufpel.edu.br\/cpi\/wp-json\/wp\/v2\/media?parent=49"}],"curies":[{"name":"wp","href":"https:\/\/api.w.org\/{rel}","templated":true}]}}