{"id":427,"date":"2018-02-16T13:53:50","date_gmt":"2018-02-16T15:53:50","guid":{"rendered":"https:\/\/wp.ufpel.edu.br\/cpi\/?page_id=427"},"modified":"2020-04-07T15:48:30","modified_gmt":"2020-04-07T18:48:30","slug":"ciclos-avaliativos-classificacao-dos-cursos-por-cores","status":"publish","type":"page","link":"https:\/\/wp.ufpel.edu.br\/cpi\/nrc\/enade\/ciclos-avaliativos-classificacao-dos-cursos-por-cores\/","title":{"rendered":"Ciclos Avaliativos &#8211; Classifica\u00e7\u00e3o dos Cursos por Cores"},"content":{"rendered":"<p><a href=\"https:\/\/wp.ufpel.edu.br\/cpi\/nrc\/enade\/ciclos-avaliativos-classificacao-dos-cursos-por-cores\/ciclos-avaliativos-a-partir-da-port-840-2018-cursos\/\" rel=\"attachment wp-att-858\">Ciclos Avaliativos a partir da port.840.2018- Cursos<\/a><\/p>\n<p>A partir da portaria MEC 14, de 3 de janeiro de 2020, houve nova altera\u00e7\u00e3o da classifica\u00e7\u00e3o de cursos dentro dos ciclos avaliativos. Desta vez, os cursos de bacharelado em Educa\u00e7\u00e3o F\u00edsica, anteriormente no ciclo 1 (\u00faltima participa\u00e7\u00e3o em 2019), e os cursos de bacharelado em Design, inicialmente do ciclo 3 (\u00faltima participa\u00e7\u00e3o em 2018), passam a ser avaliados durante o ciclo 2, que ser\u00e1 avalia\u00e7\u00e3o no ano de 2020.<\/p>\n<p><a href=\"https:\/\/wp.ufpel.edu.br\/cpi\/nrc\/enade\/ciclos-avaliativos-classificacao-dos-cursos-por-cores\/portaria-no-14-de-3-de-janeiro-de-2020-enade2020\/\" rel=\"attachment wp-att-1145\">Portaria MEC 14, de 3 de janeiro de 2020 &#8211; Estabelece o regulamento do Exame Nacional de Desempenho dos Estudantes &#8211; Enade, edi\u00e7\u00e3o 2020<\/a><\/p>\n","protected":false},"excerpt":{"rendered":"<p>Ciclos Avaliativos a partir da port.840.2018- Cursos A partir da portaria MEC 14, de 3 de janeiro de 2020, houve nova altera\u00e7\u00e3o da classifica\u00e7\u00e3o de cursos dentro dos ciclos avaliativos. Desta vez, os cursos de bacharelado em Educa\u00e7\u00e3o F\u00edsica, anteriormente no ciclo 1 (\u00faltima participa\u00e7\u00e3o em 2019), e os cursos de bacharelado em Design, inicialmente [&hellip;]<\/p>\n","protected":false},"author":799,"featured_media":0,"parent":362,"menu_order":0,"comment_status":"closed","ping_status":"closed","template":"","meta":{"footnotes":""},"class_list":["post-427","page","type-page","status-publish","hentry"],"_links":{"self":[{"href":"https:\/\/wp.ufpel.edu.br\/cpi\/wp-json\/wp\/v2\/pages\/427","targetHints":{"allow":["GET"]}}],"collection":[{"href":"https:\/\/wp.ufpel.edu.br\/cpi\/wp-json\/wp\/v2\/pages"}],"about":[{"href":"https:\/\/wp.ufpel.edu.br\/cpi\/wp-json\/wp\/v2\/types\/page"}],"author":[{"embeddable":true,"href":"https:\/\/wp.ufpel.edu.br\/cpi\/wp-json\/wp\/v2\/users\/799"}],"replies":[{"embeddable":true,"href":"https:\/\/wp.ufpel.edu.br\/cpi\/wp-json\/wp\/v2\/comments?post=427"}],"version-history":[{"count":4,"href":"https:\/\/wp.ufpel.edu.br\/cpi\/wp-json\/wp\/v2\/pages\/427\/revisions"}],"predecessor-version":[{"id":1146,"href":"https:\/\/wp.ufpel.edu.br\/cpi\/wp-json\/wp\/v2\/pages\/427\/revisions\/1146"}],"up":[{"embeddable":true,"href":"https:\/\/wp.ufpel.edu.br\/cpi\/wp-json\/wp\/v2\/pages\/362"}],"wp:attachment":[{"href":"https:\/\/wp.ufpel.edu.br\/cpi\/wp-json\/wp\/v2\/media?parent=427"}],"curies":[{"name":"wp","href":"https:\/\/api.w.org\/{rel}","templated":true}]}}