{"id":40,"date":"2017-08-28T13:08:38","date_gmt":"2017-08-28T16:08:38","guid":{"rendered":"https:\/\/wp.ufpel.edu.br\/cpi\/?page_id=40"},"modified":"2023-03-29T15:50:30","modified_gmt":"2023-03-29T18:50:30","slug":"regulacao","status":"publish","type":"page","link":"https:\/\/wp.ufpel.edu.br\/cpi\/nrc\/regulacao\/","title":{"rendered":"Regula\u00e7\u00e3o e Avalia\u00e7\u00e3o de Cursos e Institui\u00e7\u00f5es"},"content":{"rendered":"<p>A Regula\u00e7\u00e3o de Cursos de Gradua\u00e7\u00e3o monitora e mant\u00e9m atualizados os dados da institui\u00e7\u00e3o junto aos diversos \u00f3rg\u00e3os de regula\u00e7\u00e3o e supervis\u00e3o do ensino superior. Al\u00e9m disso, \u00e9 a \u00e1rea respons\u00e1vel pelos processos de autoriza\u00e7\u00e3o, reconhecimento e renova\u00e7\u00e3o de reconhecimento de cursos, al\u00e9m de credenciamento e recredenciamento institucional.<\/p>\n<p>Na \u00e1rea de Avalia\u00e7\u00e3o, o N\u00facleo de Regula\u00e7\u00e3o de Cursos \u00e9 respons\u00e1vel pelo acompanhamento e orienta\u00e7\u00e3o das coordena\u00e7\u00f5es e secret\u00e1rios de cursos de gradua\u00e7\u00e3o durante todo o processo avaliativo, seja ele com avalia\u00e7\u00e3o in loco ou avalia\u00e7\u00e3o Enade.<\/p>\n<p>Abaixo, voc\u00ea pode encontrar um documento explicativo sobre o Sistema Nacional de Avalia\u00e7\u00e3o da Educa\u00e7\u00e3o Superior &#8211; SINAES, os dados relativos aos cursos de gradua\u00e7\u00e3o da UFPel, assim como os conceitos obtidos por eles nas avalia\u00e7\u00f5es do INEP\/MEC.<\/p>\n<p><a href=\"https:\/\/wp.ufpel.edu.br\/cpi\/files\/2017\/08\/Documento-Avalia\u00e7\u00e3o-Cursos-para-Divulga\u00e7\u00e3o.docx\">O SINAES e a UFPel &#8211; Dados sobre Avalia\u00e7\u00e3o de Cursos<\/a><\/p>\n<p><a href=\"https:\/\/wp.ufpel.edu.br\/cpi\/nrc\/regulacao\/conceitos-de-avaliacoes-in-loco-cursos-de-graduacao-presenciais\/\" rel=\"attachment wp-att-1089\">Conceitos de Avalia\u00e7\u00f5es in loco &#8211; Cursos de Gradua\u00e7\u00e3o Presenciai<\/a><\/p>\n<p><a href=\"https:\/\/wp.ufpel.edu.br\/cpi\/files\/2023\/03\/Relatorio-de-Cursos-de-graduacao-situacao-de-funcionamento.pdf\">Relat\u00f3rio de Cursos de gradua\u00e7\u00e3o &#8211; situa\u00e7\u00e3o de funcionamento<\/a><\/p>\n<p><a href=\"https:\/\/wp.ufpel.edu.br\/cpi\/nrc\/regulacao\/conceitos-de-avaliacoes-in-loco-cursos-de-graduacao-ead-2\/\" rel=\"attachment wp-att-836\">Conceitos de Avalia\u00e7\u00f5es in loco &#8211; Cursos de Gradua\u00e7\u00e3o &#8211; EaD<\/a><\/p>\n<p>&nbsp;<\/p>\n","protected":false},"excerpt":{"rendered":"<p>A Regula\u00e7\u00e3o de Cursos de Gradua\u00e7\u00e3o monitora e mant\u00e9m atualizados os dados da institui\u00e7\u00e3o junto aos diversos \u00f3rg\u00e3os de regula\u00e7\u00e3o e supervis\u00e3o do ensino superior. Al\u00e9m disso, \u00e9 a \u00e1rea respons\u00e1vel pelos processos de autoriza\u00e7\u00e3o, reconhecimento e renova\u00e7\u00e3o de reconhecimento de cursos, al\u00e9m de credenciamento e recredenciamento institucional. Na \u00e1rea de Avalia\u00e7\u00e3o, o N\u00facleo de [&hellip;]<\/p>\n","protected":false},"author":798,"featured_media":0,"parent":9,"menu_order":0,"comment_status":"closed","ping_status":"closed","template":"","meta":{"footnotes":""},"class_list":["post-40","page","type-page","status-publish","hentry"],"_links":{"self":[{"href":"https:\/\/wp.ufpel.edu.br\/cpi\/wp-json\/wp\/v2\/pages\/40","targetHints":{"allow":["GET"]}}],"collection":[{"href":"https:\/\/wp.ufpel.edu.br\/cpi\/wp-json\/wp\/v2\/pages"}],"about":[{"href":"https:\/\/wp.ufpel.edu.br\/cpi\/wp-json\/wp\/v2\/types\/page"}],"author":[{"embeddable":true,"href":"https:\/\/wp.ufpel.edu.br\/cpi\/wp-json\/wp\/v2\/users\/798"}],"replies":[{"embeddable":true,"href":"https:\/\/wp.ufpel.edu.br\/cpi\/wp-json\/wp\/v2\/comments?post=40"}],"version-history":[{"count":56,"href":"https:\/\/wp.ufpel.edu.br\/cpi\/wp-json\/wp\/v2\/pages\/40\/revisions"}],"predecessor-version":[{"id":1793,"href":"https:\/\/wp.ufpel.edu.br\/cpi\/wp-json\/wp\/v2\/pages\/40\/revisions\/1793"}],"up":[{"embeddable":true,"href":"https:\/\/wp.ufpel.edu.br\/cpi\/wp-json\/wp\/v2\/pages\/9"}],"wp:attachment":[{"href":"https:\/\/wp.ufpel.edu.br\/cpi\/wp-json\/wp\/v2\/media?parent=40"}],"curies":[{"name":"wp","href":"https:\/\/api.w.org\/{rel}","templated":true}]}}