{"id":377,"date":"2018-01-12T10:30:57","date_gmt":"2018-01-12T12:30:57","guid":{"rendered":"https:\/\/wp.ufpel.edu.br\/cpi\/?page_id=377"},"modified":"2023-06-26T08:48:53","modified_gmt":"2023-06-26T11:48:53","slug":"apresentacoes-e-tutotr","status":"publish","type":"page","link":"https:\/\/wp.ufpel.edu.br\/cpi\/nrc\/enade\/apresentacoes-e-tutotr\/","title":{"rendered":"Apresenta\u00e7\u00f5es e Tutoriais"},"content":{"rendered":"<p style=\"text-align: center;\"><strong>Enade 2021<\/strong><\/p>\n<p><a href=\"https:\/\/wp.ufpel.edu.br\/cpi\/nrc\/enade\/apresentacoes-e-tutotr\/apresentacao-enade-edicao-2021-edital-9\/\" rel=\"attachment wp-att-1630\">Apresenta\u00e7\u00e3o Treinamento Enade edi\u00e7\u00e3o 2021 &#8211; Edital n\u00ba 36\/2021<\/a><\/p>\n<p><a href=\"https:\/\/wp.ufpel.edu.br\/cpi\/nrc\/enade\/apresentacoes-e-tutotr\/tutorial-gov-br-e-primeiro-acesso-ao-sistema-enade\/\" rel=\"attachment wp-att-1614\">Tutorial gov.br e Primeiro Acesso ao Sistema Enade<\/a><\/p>\n<p><a href=\"https:\/\/wp.ufpel.edu.br\/cpi\/nrc\/enade\/apresentacoes-e-tutotr\/edital-no-36-de-12-de-julho-de-2021exame-nacional-de-desempenho-dos-estudantes-enade-2021-dou-imprensa-nacional\/\" rel=\"attachment wp-att-1615\">Edital INEP n\u00ba 36\/2021 &#8211; Enade edi\u00e7\u00e3o 2021<\/a><\/p>\n<p><a href=\"https:\/\/wp.ufpel.edu.br\/cpi\/nrc\/enade\/apresentacoes-e-tutotr\/tutorial-enade-2020-inscricao-arquivo-em-lote-e-individual-3\/\" rel=\"attachment wp-att-1634\">Enade 2021 &#8211; Tutorial Inscri\u00e7\u00e3o Individual e com Arquivo em lote\u00a0<\/a><\/p>\n<p><a href=\"https:\/\/wp.ufpel.edu.br\/cpi\/nrc\/enade\/apresentacoes-e-tutotr\/primeiro-acesso-ao-sistema-enade-estudante\/\" rel=\"attachment wp-att-1622\">Tutorial gov.br e Primeiro Acesso ao Sistema Enade &#8211; Estudante<\/a><\/p>\n<p><a href=\"https:\/\/wp.ufpel.edu.br\/cpi\/nrc\/enade\/apresentacoes-e-tutotr\/apresentacao-sinaes-enade-2021-alunos\/\" rel=\"attachment wp-att-1636\">Apresenta\u00e7\u00e3o &#8211; Enade 2021 &#8211; Alunos<\/a><\/p>\n<p><a href=\"https:\/\/wp.ufpel.edu.br\/cpi\/nrc\/enade\/apresentacoes-e-tutotr\/enade-2021-manual-auxiliar-do-estudante-3\/\" rel=\"attachment wp-att-1653\">Enade 2021 &#8211; Manual Auxiliar para alunos e coordenadores de curso<\/a><\/p>\n<p><a href=\"https:\/\/wp.ufpel.edu.br\/cpi\/nrc\/enade\/apresentacoes-e-tutotr\/cartaz_enade-2021end-rev02\/\" rel=\"attachment wp-att-1644\">Enade 2021 &#8211; Cartaz de divulga\u00e7\u00e3o<\/a><\/p>\n<p>&nbsp;<\/p>\n<p style=\"text-align: center;\"><strong>Enade 2022<\/strong><\/p>\n<p><a href=\"https:\/\/wp.ufpel.edu.br\/cpi\/nrc\/enade\/apresentacoes-e-tutotr\/apresentacao-enade-edicao-2022-2\/\" rel=\"attachment wp-att-1710\">Apresenta\u00e7\u00e3o Treinamento Enade edi\u00e7\u00e3o 2022 \u2013 Edital n\u00ba 51\/2022<\/a><\/p>\n<p><a href=\"https:\/\/wp.ufpel.edu.br\/cpi\/nrc\/enade\/apresentacoes-e-tutotr\/cartaz_enade-2022-rev02-print\/\" rel=\"attachment wp-att-1713\">Enade 2022 \u2013 Cartaz de divulga\u00e7\u00e3o<\/a><\/p>\n<p><a href=\"https:\/\/wp.ufpel.edu.br\/cpi\/files\/2022\/07\/Enade-2022-Manual-Auxiliar-para-alunos-e-coordenadores-de-curso.pdf\">Enade 2022 &#8211; Manual Auxiliar para alunos e coordenadores de curso<\/a><\/p>\n<p>&nbsp;<\/p>\n<p style=\"text-align: center;\"><strong>Enade 2023<\/strong><\/p>\n<p><a href=\"https:\/\/wp.ufpel.edu.br\/cpi\/files\/2023\/06\/Apresentacao-Enade-edicao-2023.pdf\">Apresenta\u00e7\u00e3o Treinamento Enade edi\u00e7\u00e3o 2023 \u2013 Edital n\u00ba 37\/2023<\/a><\/p>\n<p><a href=\"https:\/\/wp.ufpel.edu.br\/cpi\/files\/2023\/06\/Cartaz_ENADE-2023_rev03.pdf\">Enade 2023 \u2013 Cartaz de divulga\u00e7\u00e3o<\/a><\/p>\n<p><a href=\"https:\/\/wp.ufpel.edu.br\/cpi\/files\/2023\/06\/Enade-2023-Manual-Auxiliar-do-Estudante.pdf\">Enade 2023 &#8211; Manual Auxiliar do Estudante<\/a><\/p>\n","protected":false},"excerpt":{"rendered":"<p>Enade 2021 Apresenta\u00e7\u00e3o Treinamento Enade edi\u00e7\u00e3o 2021 &#8211; Edital n\u00ba 36\/2021 Tutorial gov.br e Primeiro Acesso ao Sistema Enade Edital INEP n\u00ba 36\/2021 &#8211; Enade edi\u00e7\u00e3o 2021 Enade 2021 &#8211; Tutorial Inscri\u00e7\u00e3o Individual e com Arquivo em lote\u00a0 Tutorial gov.br e Primeiro Acesso ao Sistema Enade &#8211; Estudante Apresenta\u00e7\u00e3o &#8211; Enade 2021 &#8211; Alunos Enade [&hellip;]<\/p>\n","protected":false},"author":799,"featured_media":0,"parent":362,"menu_order":0,"comment_status":"closed","ping_status":"closed","template":"","meta":{"footnotes":""},"class_list":["post-377","page","type-page","status-publish","hentry"],"_links":{"self":[{"href":"https:\/\/wp.ufpel.edu.br\/cpi\/wp-json\/wp\/v2\/pages\/377","targetHints":{"allow":["GET"]}}],"collection":[{"href":"https:\/\/wp.ufpel.edu.br\/cpi\/wp-json\/wp\/v2\/pages"}],"about":[{"href":"https:\/\/wp.ufpel.edu.br\/cpi\/wp-json\/wp\/v2\/types\/page"}],"author":[{"embeddable":true,"href":"https:\/\/wp.ufpel.edu.br\/cpi\/wp-json\/wp\/v2\/users\/799"}],"replies":[{"embeddable":true,"href":"https:\/\/wp.ufpel.edu.br\/cpi\/wp-json\/wp\/v2\/comments?post=377"}],"version-history":[{"count":52,"href":"https:\/\/wp.ufpel.edu.br\/cpi\/wp-json\/wp\/v2\/pages\/377\/revisions"}],"predecessor-version":[{"id":1807,"href":"https:\/\/wp.ufpel.edu.br\/cpi\/wp-json\/wp\/v2\/pages\/377\/revisions\/1807"}],"up":[{"embeddable":true,"href":"https:\/\/wp.ufpel.edu.br\/cpi\/wp-json\/wp\/v2\/pages\/362"}],"wp:attachment":[{"href":"https:\/\/wp.ufpel.edu.br\/cpi\/wp-json\/wp\/v2\/media?parent=377"}],"curies":[{"name":"wp","href":"https:\/\/api.w.org\/{rel}","templated":true}]}}