{"id":370,"date":"2018-01-12T09:53:37","date_gmt":"2018-01-12T11:53:37","guid":{"rendered":"https:\/\/wp.ufpel.edu.br\/cpi\/?page_id=370"},"modified":"2019-07-15T17:19:27","modified_gmt":"2019-07-15T20:19:27","slug":"responsabilidades-dos-estudantes","status":"publish","type":"page","link":"https:\/\/wp.ufpel.edu.br\/cpi\/nrc\/enade\/responsabilidades-dos-estudantes\/","title":{"rendered":"Responsabilidades dos Estudantes"},"content":{"rendered":"<p><strong>S\u00e3o obriga\u00e7\u00f5es do Estudante no Enade:<\/strong><\/p>\n<p>&#8211; <strong>Tomar conhecimento sobre as regras do Enade, analisando o edital e suas retifica\u00e7\u00f5es.<\/strong><\/p>\n<p style=\"text-align: justify\">&#8211; Certificar-se de que preenche todos os requisitos exigidos para a participa\u00e7\u00e3o no Exame, verificando nas listas de inscritos e na consulta p\u00fablica do INEP se est\u00e1 inscrito na avalia\u00e7\u00e3o quando enquadrado na situa\u00e7\u00e3o de ingressante ou concluinte.<\/p>\n<p style=\"text-align: justify\">&#8211; Verificar a sua situa\u00e7\u00e3o em rela\u00e7\u00e3o ao Enade de anos anteriores, junto ao colegiado do seu curso.<\/p>\n<p style=\"text-align: justify\">&#8211; Certificar-se de todas as informa\u00e7\u00f5es e regras constantes deste Edital e das demais orienta\u00e7\u00f5es que estar\u00e3o dispon\u00edveis na P\u00e1gina do Inep.<\/p>\n<p style=\"text-align: justify\">&#8211; Cumprir rigorosamente os procedimentos de cadastro estabelecidos neste Edital.<\/p>\n<p>-Efetuar o cadastro do estudante concluinte no sistema Enade, ap\u00f3s a sua inscri\u00e7\u00e3o pela coordena\u00e7\u00e3o do curso, e dentro dos prazos do edital que rege a edi\u00e7\u00e3o do Enade.<\/p>\n<p style=\"text-align: justify\">&#8211;<span style=\"color: #ff0000\"><strong> Responsabilizar-se pelo preenchimento correto e fidedigno das informa\u00e7\u00f5es prestadas no Question\u00e1rio do Estudante, sob pena de ser considerado irregular.<\/strong><\/span><\/p>\n<p style=\"text-align: justify\">&#8211; Manter a guarda da senha, que \u00e9 indispens\u00e1vel para o acompanhamento do cadastro, para a obten\u00e7\u00e3o dos resultados individuais via Internet e para solicita\u00e7\u00e3o de dispensa junto ao Inep.<\/p>\n<p style=\"text-align: justify\">&#8211; A senha de acesso ao sistema de cadastro \u00e9 pessoal, intransfer\u00edvel e de inteira responsabilidade do Estudante.<\/p>\n<p style=\"text-align: justify\">&#8211; Conferir com anteced\u00eancia, na P\u00e1gina do Estudante, o local de prova para o qual foi designado.<\/p>\n<p style=\"text-align: justify\">&#8211; Comparecer, no dia do Exame, ao local de realiza\u00e7\u00e3o da prova indicado, no hor\u00e1rio marcado, de acordo com o hor\u00e1rio oficial de Bras\u00edlia- DF.<\/p>\n<p style=\"text-align: justify\">&#8211;\u00a0 Iniciar a prova somente ap\u00f3s a leitura das instru\u00e7\u00f5es contidas na capa do Caderno de Prova e no Cart\u00e3o-Resposta, observada a autoriza\u00e7\u00e3o do aplicador.<\/p>\n<p style=\"text-align: justify\">&#8211; Antes de iniciar a prova, verificar se o seu Caderno de Prova, cont\u00e9m:<br \/>\n1) seus dados e os do curso;<br \/>\n2) a quantidade de quest\u00f5es indicadas no seu Cart\u00e3o-Resposta; e<br \/>\n3) qualquer defeito gr\u00e1fico que impossibilite a resposta \u00e0s quest\u00f5es.<\/p>\n<p style=\"text-align: justify\">&#8211; Ler e conferir todas as informa\u00e7\u00f5es registradas no Caderno de Prova, no Cart\u00e3o-Resposta, inclusive sua \u00e1rea\/curso e seu nome, bem como na lista de presen\u00e7a e nos demais documentos do Exame.<\/p>\n<p style=\"text-align: justify\">&#8211; Reportar exclusivamente ao aplicador da sua sala qualquer ocorr\u00eancia em rela\u00e7\u00e3o ao seu Caderno de Prova e ao Cart\u00e3o-Resposta para que sejam tomadas as provid\u00eancias cab\u00edveis no momento da aplica\u00e7\u00e3o da prova.<\/p>\n<p style=\"text-align: justify\">&#8211;\u00a0 Inserir documentos na P\u00e1gina do Estudante, <a href=\"http:\/\/enade.inep.gov.br\">http:\/\/enade.inep.gov.br<\/a>, quando solicitado pelo Inep.<\/p>\n<p style=\"text-align: justify\">&#8211; O Estudante dever\u00e1 observar e cumprir as determina\u00e7\u00f5es deste Edital, do aplicador de sala, das instru\u00e7\u00f5es contidas na capa do Caderno de Prova e no Cart\u00e3o-Resposta durante a realiza\u00e7\u00e3o da prova, sob pena de elimina\u00e7\u00e3o do Exame.<\/p>\n<p style=\"text-align: justify\">&#8211; Em caso de n\u00e3o comparecimento \u00e0 prova e em situa\u00e7\u00f5es previstas no Edital que rege a edi\u00e7\u00e3o corrente da prova, o aluno deve informar imediatamente a coordena\u00e7\u00e3o do curso e solicitar a sua dispensa, via sistema Enade, <strong>nos prazos e crit\u00e9rios atinente a edi\u00e7\u00e3o da avalia\u00e7\u00e3o<\/strong>.<\/p>\n<p>&nbsp;<\/p>\n","protected":false},"excerpt":{"rendered":"<p>S\u00e3o obriga\u00e7\u00f5es do Estudante no Enade: &#8211; Tomar conhecimento sobre as regras do Enade, analisando o edital e suas retifica\u00e7\u00f5es. &#8211; Certificar-se de que preenche todos os requisitos exigidos para a participa\u00e7\u00e3o no Exame, verificando nas listas de inscritos e na consulta p\u00fablica do INEP se est\u00e1 inscrito na avalia\u00e7\u00e3o quando enquadrado na situa\u00e7\u00e3o de [&hellip;]<\/p>\n","protected":false},"author":799,"featured_media":0,"parent":362,"menu_order":0,"comment_status":"closed","ping_status":"closed","template":"","meta":{"footnotes":""},"class_list":["post-370","page","type-page","status-publish","hentry"],"_links":{"self":[{"href":"https:\/\/wp.ufpel.edu.br\/cpi\/wp-json\/wp\/v2\/pages\/370","targetHints":{"allow":["GET"]}}],"collection":[{"href":"https:\/\/wp.ufpel.edu.br\/cpi\/wp-json\/wp\/v2\/pages"}],"about":[{"href":"https:\/\/wp.ufpel.edu.br\/cpi\/wp-json\/wp\/v2\/types\/page"}],"author":[{"embeddable":true,"href":"https:\/\/wp.ufpel.edu.br\/cpi\/wp-json\/wp\/v2\/users\/799"}],"replies":[{"embeddable":true,"href":"https:\/\/wp.ufpel.edu.br\/cpi\/wp-json\/wp\/v2\/comments?post=370"}],"version-history":[{"count":5,"href":"https:\/\/wp.ufpel.edu.br\/cpi\/wp-json\/wp\/v2\/pages\/370\/revisions"}],"predecessor-version":[{"id":903,"href":"https:\/\/wp.ufpel.edu.br\/cpi\/wp-json\/wp\/v2\/pages\/370\/revisions\/903"}],"up":[{"embeddable":true,"href":"https:\/\/wp.ufpel.edu.br\/cpi\/wp-json\/wp\/v2\/pages\/362"}],"wp:attachment":[{"href":"https:\/\/wp.ufpel.edu.br\/cpi\/wp-json\/wp\/v2\/media?parent=370"}],"curies":[{"name":"wp","href":"https:\/\/api.w.org\/{rel}","templated":true}]}}