{"id":1575,"date":"2021-04-22T18:59:22","date_gmt":"2021-04-22T21:59:22","guid":{"rendered":"https:\/\/wp.ufpel.edu.br\/cpi\/?page_id=1575"},"modified":"2021-04-22T18:59:22","modified_gmt":"2021-04-22T21:59:22","slug":"ciclos-avaliativos-e-seus-cursos","status":"publish","type":"page","link":"https:\/\/wp.ufpel.edu.br\/cpi\/ciclos-avaliativos-e-seus-cursos\/","title":{"rendered":"Ciclos Avaliativos e seus cursos"},"content":{"rendered":"<p>De acordo com a P.N. N\u00ba 840\/2018, os ciclos se dividem da seguinte maneira:<\/p>\n<p><strong>I \u2013 Ano I (Antigo Ciclo verde):<\/strong><br \/>\na) Cursos de bacharelado nas \u00e1reas de conhecimento de Ci\u00eancias Agr\u00e1rias, Ci\u00eancias da Sa\u00fade e \u00e1reas afins;<br \/>\nb)\u00a0<em>Cursos de bacharelado nas \u00e1reas de conhecimento de Engenharias e Arquitetura e Urbanismo<\/em>; e<br \/>\nc) Cursos Superiores de Tecnologia nas \u00e1reas de Ambiente e Sa\u00fade, Produ\u00e7\u00e3o Aliment\u00edcia, Recursos Naturais, Militar e<br \/>\nSeguran\u00e7a.<\/p>\n<p><strong>II \u2013 Ano II (Antigo Ciclo azul):<\/strong><br \/>\na) Cursos de bacharelado nas \u00e1reas de conhecimento de Ci\u00eancias Biol\u00f3gicas; Ci\u00eancias Exatas e da Terra; Lingu\u00edstica, Letras e Artes; e \u00e1reas afins;<br \/>\nb) Cursos de licenciatura nas \u00e1reas de conhecimento de Ci\u00eancias da Sa\u00fade; Ci\u00eancias Humanas; Ci\u00eancias Biol\u00f3gicas; Ci\u00eancias Exatas e da Terra; Lingu\u00edstica, Letras e Artes;<br \/>\nc) Cursos de bacharelado nas \u00e1reas de conhecimento de Ci\u00eancias Humanas e Ci\u00eancias da Sa\u00fade, com cursos avaliados no\u00a0\u00e2mbito das licenciaturas;<br \/>\nd) Cursos Superiores de Tecnologia nas \u00e1reas de Controle e Processos Industriais, Informa\u00e7\u00e3o e Comunica\u00e7\u00e3o, Infraestrutura e Produ\u00e7\u00e3o Industrial.<\/p>\n<p><strong>III \u2013 Ano III (Antigo Ciclo vermelho):<\/strong><br \/>\na) Cursos de bacharelado nas \u00c1reas de Conhecimento Ci\u00eancias Sociais Aplicadas e \u00e1reas afins;<br \/>\nb) Cursos de bacharelado nas \u00c1reas de Conhecimento Ci\u00eancias Humanas e \u00e1reas afins que n\u00e3o tenham cursos tamb\u00e9m avaliados no \u00e2mbito das licenciaturas; e<br \/>\nc) Cursos Superiores de Tecnologia nas \u00e1reas de Gest\u00e3o e Neg\u00f3cios, Apoio Escolar, Hospitalidade e Lazer, Produ\u00e7\u00e3o Cultural e Design.<\/p>\n","protected":false},"excerpt":{"rendered":"<p>De acordo com a P.N. N\u00ba 840\/2018, os ciclos se dividem da seguinte maneira: I \u2013 Ano I (Antigo Ciclo verde): a) Cursos de bacharelado nas \u00e1reas de conhecimento de Ci\u00eancias Agr\u00e1rias, Ci\u00eancias da Sa\u00fade e \u00e1reas afins; b)\u00a0Cursos de bacharelado nas \u00e1reas de conhecimento de Engenharias e Arquitetura e Urbanismo; e c) Cursos Superiores [&hellip;]<\/p>\n","protected":false},"author":799,"featured_media":0,"parent":0,"menu_order":0,"comment_status":"closed","ping_status":"closed","template":"","meta":{"footnotes":""},"class_list":["post-1575","page","type-page","status-publish","hentry"],"_links":{"self":[{"href":"https:\/\/wp.ufpel.edu.br\/cpi\/wp-json\/wp\/v2\/pages\/1575","targetHints":{"allow":["GET"]}}],"collection":[{"href":"https:\/\/wp.ufpel.edu.br\/cpi\/wp-json\/wp\/v2\/pages"}],"about":[{"href":"https:\/\/wp.ufpel.edu.br\/cpi\/wp-json\/wp\/v2\/types\/page"}],"author":[{"embeddable":true,"href":"https:\/\/wp.ufpel.edu.br\/cpi\/wp-json\/wp\/v2\/users\/799"}],"replies":[{"embeddable":true,"href":"https:\/\/wp.ufpel.edu.br\/cpi\/wp-json\/wp\/v2\/comments?post=1575"}],"version-history":[{"count":1,"href":"https:\/\/wp.ufpel.edu.br\/cpi\/wp-json\/wp\/v2\/pages\/1575\/revisions"}],"predecessor-version":[{"id":1577,"href":"https:\/\/wp.ufpel.edu.br\/cpi\/wp-json\/wp\/v2\/pages\/1575\/revisions\/1577"}],"wp:attachment":[{"href":"https:\/\/wp.ufpel.edu.br\/cpi\/wp-json\/wp\/v2\/media?parent=1575"}],"curies":[{"name":"wp","href":"https:\/\/api.w.org\/{rel}","templated":true}]}}