{"id":1564,"date":"2021-04-22T18:51:44","date_gmt":"2021-04-22T21:51:44","guid":{"rendered":"https:\/\/wp.ufpel.edu.br\/cpi\/?page_id=1564"},"modified":"2021-04-22T18:51:44","modified_gmt":"2021-04-22T21:51:44","slug":"grafico-evolucao-cpc-ano-iii","status":"publish","type":"page","link":"https:\/\/wp.ufpel.edu.br\/cpi\/grafico-evolucao-cpc-ano-iii\/","title":{"rendered":"Gr\u00e1fico Evolu\u00e7\u00e3o CPC &#8211; Ano III"},"content":{"rendered":"<p><a href=\"https:\/\/wp.ufpel.edu.br\/cpi\/files\/2021\/04\/Ano-III-Evolucao-CPC-2015-e-2018.pdf\">Ano III &#8211; Evolu\u00e7\u00e3o CPC &#8211; 2015 e 2018<\/a><\/p>\n","protected":false},"excerpt":{"rendered":"<p>Ano III &#8211; Evolu\u00e7\u00e3o CPC &#8211; 2015 e 2018<\/p>\n","protected":false},"author":799,"featured_media":0,"parent":0,"menu_order":0,"comment_status":"closed","ping_status":"closed","template":"","meta":{"footnotes":""},"class_list":["post-1564","page","type-page","status-publish","hentry"],"_links":{"self":[{"href":"https:\/\/wp.ufpel.edu.br\/cpi\/wp-json\/wp\/v2\/pages\/1564","targetHints":{"allow":["GET"]}}],"collection":[{"href":"https:\/\/wp.ufpel.edu.br\/cpi\/wp-json\/wp\/v2\/pages"}],"about":[{"href":"https:\/\/wp.ufpel.edu.br\/cpi\/wp-json\/wp\/v2\/types\/page"}],"author":[{"embeddable":true,"href":"https:\/\/wp.ufpel.edu.br\/cpi\/wp-json\/wp\/v2\/users\/799"}],"replies":[{"embeddable":true,"href":"https:\/\/wp.ufpel.edu.br\/cpi\/wp-json\/wp\/v2\/comments?post=1564"}],"version-history":[{"count":1,"href":"https:\/\/wp.ufpel.edu.br\/cpi\/wp-json\/wp\/v2\/pages\/1564\/revisions"}],"predecessor-version":[{"id":1567,"href":"https:\/\/wp.ufpel.edu.br\/cpi\/wp-json\/wp\/v2\/pages\/1564\/revisions\/1567"}],"wp:attachment":[{"href":"https:\/\/wp.ufpel.edu.br\/cpi\/wp-json\/wp\/v2\/media?parent=1564"}],"curies":[{"name":"wp","href":"https:\/\/api.w.org\/{rel}","templated":true}]}}