{"id":1552,"date":"2021-04-22T18:50:08","date_gmt":"2021-04-22T21:50:08","guid":{"rendered":"https:\/\/wp.ufpel.edu.br\/cpi\/?page_id=1552"},"modified":"2021-04-28T18:07:48","modified_gmt":"2021-04-28T21:07:48","slug":"grafico-evolucao-igc-2007-a-2019","status":"publish","type":"page","link":"https:\/\/wp.ufpel.edu.br\/cpi\/grafico-evolucao-igc-2007-a-2019\/","title":{"rendered":"Gr\u00e1fico Evolu\u00e7\u00e3o IGC da UFPel &#8211; 2007 a 2019"},"content":{"rendered":"<p><a href=\"https:\/\/wp.ufpel.edu.br\/cpi\/files\/2021\/04\/Evolucao-IGC-Continuo-2007-a-2019.pdf\">Gr\u00e1fico Evolu\u00e7\u00e3o IGC &#8211; 2007 a 2019<\/a><\/p>\n","protected":false},"excerpt":{"rendered":"<p>Gr\u00e1fico Evolu\u00e7\u00e3o IGC &#8211; 2007 a 2019<\/p>\n","protected":false},"author":799,"featured_media":0,"parent":0,"menu_order":0,"comment_status":"closed","ping_status":"closed","template":"","meta":{"footnotes":""},"class_list":["post-1552","page","type-page","status-publish","hentry"],"_links":{"self":[{"href":"https:\/\/wp.ufpel.edu.br\/cpi\/wp-json\/wp\/v2\/pages\/1552","targetHints":{"allow":["GET"]}}],"collection":[{"href":"https:\/\/wp.ufpel.edu.br\/cpi\/wp-json\/wp\/v2\/pages"}],"about":[{"href":"https:\/\/wp.ufpel.edu.br\/cpi\/wp-json\/wp\/v2\/types\/page"}],"author":[{"embeddable":true,"href":"https:\/\/wp.ufpel.edu.br\/cpi\/wp-json\/wp\/v2\/users\/799"}],"replies":[{"embeddable":true,"href":"https:\/\/wp.ufpel.edu.br\/cpi\/wp-json\/wp\/v2\/comments?post=1552"}],"version-history":[{"count":2,"href":"https:\/\/wp.ufpel.edu.br\/cpi\/wp-json\/wp\/v2\/pages\/1552\/revisions"}],"predecessor-version":[{"id":1586,"href":"https:\/\/wp.ufpel.edu.br\/cpi\/wp-json\/wp\/v2\/pages\/1552\/revisions\/1586"}],"wp:attachment":[{"href":"https:\/\/wp.ufpel.edu.br\/cpi\/wp-json\/wp\/v2\/media?parent=1552"}],"curies":[{"name":"wp","href":"https:\/\/api.w.org\/{rel}","templated":true}]}}