{"id":1484,"date":"2021-01-26T15:44:16","date_gmt":"2021-01-26T18:44:16","guid":{"rendered":"https:\/\/wp.ufpel.edu.br\/cpi\/?page_id=1484"},"modified":"2021-01-26T16:13:21","modified_gmt":"2021-01-26T19:13:21","slug":"avaliacao-externa-de-cursos-de-graduacao","status":"publish","type":"page","link":"https:\/\/wp.ufpel.edu.br\/cpi\/avaliacao-externa-de-cursos-de-graduacao\/","title":{"rendered":"Avalia\u00e7\u00e3o Externa de Institui\u00e7\u00e3o e de Cursos de Gradua\u00e7\u00e3o"},"content":{"rendered":"","protected":false},"excerpt":{"rendered":"","protected":false},"author":799,"featured_media":0,"parent":0,"menu_order":0,"comment_status":"closed","ping_status":"closed","template":"","meta":{"footnotes":""},"class_list":["post-1484","page","type-page","status-publish","hentry"],"_links":{"self":[{"href":"https:\/\/wp.ufpel.edu.br\/cpi\/wp-json\/wp\/v2\/pages\/1484","targetHints":{"allow":["GET"]}}],"collection":[{"href":"https:\/\/wp.ufpel.edu.br\/cpi\/wp-json\/wp\/v2\/pages"}],"about":[{"href":"https:\/\/wp.ufpel.edu.br\/cpi\/wp-json\/wp\/v2\/types\/page"}],"author":[{"embeddable":true,"href":"https:\/\/wp.ufpel.edu.br\/cpi\/wp-json\/wp\/v2\/users\/799"}],"replies":[{"embeddable":true,"href":"https:\/\/wp.ufpel.edu.br\/cpi\/wp-json\/wp\/v2\/comments?post=1484"}],"version-history":[{"count":2,"href":"https:\/\/wp.ufpel.edu.br\/cpi\/wp-json\/wp\/v2\/pages\/1484\/revisions"}],"predecessor-version":[{"id":1497,"href":"https:\/\/wp.ufpel.edu.br\/cpi\/wp-json\/wp\/v2\/pages\/1484\/revisions\/1497"}],"wp:attachment":[{"href":"https:\/\/wp.ufpel.edu.br\/cpi\/wp-json\/wp\/v2\/media?parent=1484"}],"curies":[{"name":"wp","href":"https:\/\/api.w.org\/{rel}","templated":true}]}}