{"id":1344,"date":"2020-09-17T19:29:05","date_gmt":"2020-09-17T22:29:05","guid":{"rendered":"https:\/\/wp.ufpel.edu.br\/cpi\/?page_id=1344"},"modified":"2020-10-08T18:44:39","modified_gmt":"2020-10-08T21:44:39","slug":"analise-detalhada-avaliacoes-2017-a-2019","status":"publish","type":"page","link":"https:\/\/wp.ufpel.edu.br\/cpi\/nrc\/indicadores-de-qualidade-da-ufpel\/analise-detalhada-avaliacoes-2017-a-2019\/","title":{"rendered":"An\u00e1lise Detalhada Avalia\u00e7\u00f5es 2012 a 2019"},"content":{"rendered":"<p><a href=\"https:\/\/wp.ufpel.edu.br\/cpi\/files\/2020\/10\/Analise-Detalhada-Avaliacoes-2012-a-2019-1.pdf\">An\u00e1lise Detalhada Avalia\u00e7\u00f5es 2012 a 2019<\/a><\/p>\n","protected":false},"excerpt":{"rendered":"<p>An\u00e1lise Detalhada Avalia\u00e7\u00f5es 2012 a 2019<\/p>\n","protected":false},"author":799,"featured_media":0,"parent":49,"menu_order":0,"comment_status":"closed","ping_status":"closed","template":"","meta":{"footnotes":""},"class_list":["post-1344","page","type-page","status-publish","hentry"],"_links":{"self":[{"href":"https:\/\/wp.ufpel.edu.br\/cpi\/wp-json\/wp\/v2\/pages\/1344","targetHints":{"allow":["GET"]}}],"collection":[{"href":"https:\/\/wp.ufpel.edu.br\/cpi\/wp-json\/wp\/v2\/pages"}],"about":[{"href":"https:\/\/wp.ufpel.edu.br\/cpi\/wp-json\/wp\/v2\/types\/page"}],"author":[{"embeddable":true,"href":"https:\/\/wp.ufpel.edu.br\/cpi\/wp-json\/wp\/v2\/users\/799"}],"replies":[{"embeddable":true,"href":"https:\/\/wp.ufpel.edu.br\/cpi\/wp-json\/wp\/v2\/comments?post=1344"}],"version-history":[{"count":4,"href":"https:\/\/wp.ufpel.edu.br\/cpi\/wp-json\/wp\/v2\/pages\/1344\/revisions"}],"predecessor-version":[{"id":1418,"href":"https:\/\/wp.ufpel.edu.br\/cpi\/wp-json\/wp\/v2\/pages\/1344\/revisions\/1418"}],"up":[{"embeddable":true,"href":"https:\/\/wp.ufpel.edu.br\/cpi\/wp-json\/wp\/v2\/pages\/49"}],"wp:attachment":[{"href":"https:\/\/wp.ufpel.edu.br\/cpi\/wp-json\/wp\/v2\/media?parent=1344"}],"curies":[{"name":"wp","href":"https:\/\/api.w.org\/{rel}","templated":true}]}}