{"id":1328,"date":"2020-09-14T13:14:16","date_gmt":"2020-09-14T16:14:16","guid":{"rendered":"https:\/\/wp.ufpel.edu.br\/cpi\/?page_id=1328"},"modified":"2020-09-18T10:26:21","modified_gmt":"2020-09-18T13:26:21","slug":"instrumento-de-avaliacao-institucional-externa","status":"publish","type":"page","link":"https:\/\/wp.ufpel.edu.br\/cpi\/nrc\/documentos-e-formularios\/instrumento-de-avaliacao-institucional-externa\/","title":{"rendered":"Instrumento de Avalia\u00e7\u00e3o Institucional Externa"},"content":{"rendered":"<p><a href=\"https:\/\/wp.ufpel.edu.br\/cpi\/files\/2020\/09\/IES_credenciamento.pdf\">Instrumento de Avalia\u00e7\u00e3o Institucional Externa &#8211; 2017 &#8211; Credenciamento, inclusive para Campus fora de sede<\/a><\/p>\n<p><a href=\"https:\/\/wp.ufpel.edu.br\/cpi\/files\/2020\/09\/Instrumento-de-avaliacao-IES_recredenciamento-2017-1-1.pdf\">Instrumento de Avalia\u00e7\u00e3o Institucional Externa &#8211; 2017 &#8211; Recredenciamento<\/a><\/p>\n","protected":false},"excerpt":{"rendered":"<p>Instrumento de Avalia\u00e7\u00e3o Institucional Externa &#8211; 2017 &#8211; Credenciamento, inclusive para Campus fora de sede Instrumento de Avalia\u00e7\u00e3o Institucional Externa &#8211; 2017 &#8211; Recredenciamento<\/p>\n","protected":false},"author":799,"featured_media":0,"parent":62,"menu_order":0,"comment_status":"closed","ping_status":"closed","template":"","meta":{"footnotes":""},"class_list":["post-1328","page","type-page","status-publish","hentry"],"_links":{"self":[{"href":"https:\/\/wp.ufpel.edu.br\/cpi\/wp-json\/wp\/v2\/pages\/1328","targetHints":{"allow":["GET"]}}],"collection":[{"href":"https:\/\/wp.ufpel.edu.br\/cpi\/wp-json\/wp\/v2\/pages"}],"about":[{"href":"https:\/\/wp.ufpel.edu.br\/cpi\/wp-json\/wp\/v2\/types\/page"}],"author":[{"embeddable":true,"href":"https:\/\/wp.ufpel.edu.br\/cpi\/wp-json\/wp\/v2\/users\/799"}],"replies":[{"embeddable":true,"href":"https:\/\/wp.ufpel.edu.br\/cpi\/wp-json\/wp\/v2\/comments?post=1328"}],"version-history":[{"count":4,"href":"https:\/\/wp.ufpel.edu.br\/cpi\/wp-json\/wp\/v2\/pages\/1328\/revisions"}],"predecessor-version":[{"id":1366,"href":"https:\/\/wp.ufpel.edu.br\/cpi\/wp-json\/wp\/v2\/pages\/1328\/revisions\/1366"}],"up":[{"embeddable":true,"href":"https:\/\/wp.ufpel.edu.br\/cpi\/wp-json\/wp\/v2\/pages\/62"}],"wp:attachment":[{"href":"https:\/\/wp.ufpel.edu.br\/cpi\/wp-json\/wp\/v2\/media?parent=1328"}],"curies":[{"name":"wp","href":"https:\/\/api.w.org\/{rel}","templated":true}]}}