{"id":1295,"date":"2020-09-11T18:22:52","date_gmt":"2020-09-11T21:22:52","guid":{"rendered":"https:\/\/wp.ufpel.edu.br\/cpi\/?page_id=1295"},"modified":"2020-11-09T16:23:50","modified_gmt":"2020-11-09T19:23:50","slug":"principais-normativas-sobre-regulacao-e-avaliacao-de-cursos","status":"publish","type":"page","link":"https:\/\/wp.ufpel.edu.br\/cpi\/nrc\/regulacao\/legislacao\/principais-normativas-sobre-regulacao-e-avaliacao-de-cursos\/","title":{"rendered":"Principais normativas sobre Regula\u00e7\u00e3o e Avalia\u00e7\u00e3o de Cursos"},"content":{"rendered":"<p style=\"text-align: justify\"><a href=\"https:\/\/wp.ufpel.edu.br\/cpi\/nrc\/regulacao\/legislacao\/principais-normativas-sobre-regulacao-e-avaliacao-de-cursos\/decreto-no-9-235-de-2017-regulacaosupervisao-e-avaliacao\/\" rel=\"attachment wp-att-1297\">Decreto n\u00ba 9.235, de 15 de dezembro de 2017<\/a>&#8211; <span class=\"fontstyle0\">Disp\u00f5e sobre o exerc\u00edcio das fun\u00e7\u00f5es de regula\u00e7\u00e3o, supervis\u00e3o e avalia\u00e7\u00e3o das institui\u00e7\u00f5es de educa\u00e7\u00e3o superior e dos cursos superiores de gradua\u00e7\u00e3o e de p\u00f3s-gradua\u00e7\u00e3o no sistema federal de ensino.<\/span><\/p>\n<p style=\"text-align: justify\"><span class=\"fontstyle0\"><a href=\"https:\/\/wp.ufpel.edu.br\/cpi\/nrc\/regulacao\/legislacao\/principais-normativas-sobre-regulacao-e-avaliacao-de-cursos\/decreto-mec-n-9-057-de-25-de-maio-de-2017-2\/\" rel=\"attachment wp-att-1298\">Decreto n\u00ba 9.057, de 25 de maio de 2017<\/a> &#8211; Regulamenta o art. 80 da Lei n\u00ba 9.394, de 20 de dezembro de 1996, que estabelece as diretrizes e bases da educa\u00e7\u00e3o nacional.\u00a0<\/span><\/p>\n<p style=\"text-align: justify\"><span class=\"fontstyle0\"><a href=\"https:\/\/wp.ufpel.edu.br\/cpi\/nrc\/regulacao\/legislacao\/principais-normativas-sobre-regulacao-e-avaliacao-de-cursos\/lei-no-10-861-de-14-de-abril-de-2004-institui-o-sinaes\/\" rel=\"attachment wp-att-1299\">Lei n\u00ba 10.861, de 14 de Abril de 2004<\/a> &#8211; Institui o Sistema Nacional de Avalia\u00e7\u00e3o da Educa\u00e7\u00e3o Superior &#8211; SINAES, e d\u00e1 outras provid\u00eancias.<\/span><\/p>\n<p style=\"text-align: justify\"><span class=\"fontstyle0\"><a href=\"https:\/\/wp.ufpel.edu.br\/cpi\/nrc\/regulacao\/legislacao\/principais-normativas-sobre-regulacao-e-avaliacao-de-cursos\/portaria-normativa-no-23-de-21-de-dezembro-2017-imprensa-nacional\/\" rel=\"attachment wp-att-1300\">Portaria Normativa n\u00ba 23, de 21 de Dezembro de 2017<\/a> &#8211; Disp\u00f5e sobre os fluxos dos processos de credenciamento e<br \/>\nrecredenciamento de institui\u00e7\u00f5es de educa\u00e7\u00e3o superior e de autoriza\u00e7\u00e3o, reconhecimento e renova\u00e7\u00e3o de reconhecimento de cursos superiores, bem como seus aditamentos. (Reda\u00e7\u00e3o dada pela Portaria Normativa n\u00ba 742, de 3 de agosto de 2018)\u00a0<\/span><\/p>\n<p style=\"text-align: justify\"><a href=\"https:\/\/wp.ufpel.edu.br\/cpi\/files\/2020\/11\/PORTARIA-NORMATIVA-No-742-DE-2-DE-AGOSTO-DE-2018-Imprensa-Nacional.pdf\">Portaria Normativa n\u00ba 742, de 2 de Agosto de 2018<\/a> &#8211;\u00a0 Altera a Portaria Normativa n\u00ba 23, de 21 de dezembro de 2017, que disp\u00f5e sobre os fluxos dos processos de credenciamento e recredenciamento de institui\u00e7\u00f5es de educa\u00e7\u00e3o superior e de autoriza\u00e7\u00e3o, reconhecimento e renova\u00e7\u00e3o de reconhecimento de cursos superiores, bem como seus aditamentos.<\/p>\n<p style=\"text-align: justify\"><span class=\"fontstyle0\"><a href=\"https:\/\/wp.ufpel.edu.br\/cpi\/nrc\/regulacao\/legislacao\/principais-normativas-sobre-regulacao-e-avaliacao-de-cursos\/port-840-2018-retificada\/\" rel=\"attachment wp-att-1301\">Portaria Normativa n\u00ba 840, de 24 de Agosto de 2018<\/a> (Republicada em 31 de Agosto de 2018) &#8211; <\/span> <span class=\"fontstyle0\">Disp\u00f5e sobre os procedimentos de compet\u00eancia do Instituto Nacional de Estudos e Pesquisas Educacionais An\u00edsio Teixeira &#8211; INEP referentes \u00e0 avalia\u00e7\u00e3o de institui\u00e7\u00f5es de educa\u00e7\u00e3o superior, de cursos de gradua\u00e7\u00e3o e de desempenho acad\u00eamico<br \/>\nde estudantes.<\/span><\/p>\n<p style=\"text-align: justify\"><a href=\"https:\/\/wp.ufpel.edu.br\/cpi\/nrc\/regulacao\/legislacao\/principais-normativas-sobre-regulacao-e-avaliacao-de-cursos\/portaria-no-2-117-de-6-de-dezembro-de-2019-portaria-no-2-117-de-6-de-dezembro-de-2019-dou-imprensa-nacional\/\" rel=\"attachment wp-att-1302\">Portaria n\u00ba 2.117, de 6 de dezembro de 2019<\/a> &#8211; Disp\u00f5e sobre a oferta de carga hor\u00e1ria na modalidade de Ensino <span class=\"fontstyle0\">a Dist\u00e2ncia &#8211; EaD em cursos de gradua\u00e7\u00e3o presenciais ofertados por Institui\u00e7\u00f5es de Educa\u00e7\u00e3o Superior &#8211; IES pertencentes ao Sistema Federal de Ensino.\u00a0<\/span><\/p>\n<p style=\"text-align: justify\"><span class=\"fontstyle0\">\u00a0<\/span><\/p>\n","protected":false},"excerpt":{"rendered":"<p>Decreto n\u00ba 9.235, de 15 de dezembro de 2017&#8211; Disp\u00f5e sobre o exerc\u00edcio das fun\u00e7\u00f5es de regula\u00e7\u00e3o, supervis\u00e3o e avalia\u00e7\u00e3o das institui\u00e7\u00f5es de educa\u00e7\u00e3o superior e dos cursos superiores de gradua\u00e7\u00e3o e de p\u00f3s-gradua\u00e7\u00e3o no sistema federal de ensino. Decreto n\u00ba 9.057, de 25 de maio de 2017 &#8211; Regulamenta o art. 80 da Lei [&hellip;]<\/p>\n","protected":false},"author":799,"featured_media":0,"parent":43,"menu_order":0,"comment_status":"closed","ping_status":"closed","template":"","meta":{"footnotes":""},"class_list":["post-1295","page","type-page","status-publish","hentry"],"_links":{"self":[{"href":"https:\/\/wp.ufpel.edu.br\/cpi\/wp-json\/wp\/v2\/pages\/1295","targetHints":{"allow":["GET"]}}],"collection":[{"href":"https:\/\/wp.ufpel.edu.br\/cpi\/wp-json\/wp\/v2\/pages"}],"about":[{"href":"https:\/\/wp.ufpel.edu.br\/cpi\/wp-json\/wp\/v2\/types\/page"}],"author":[{"embeddable":true,"href":"https:\/\/wp.ufpel.edu.br\/cpi\/wp-json\/wp\/v2\/users\/799"}],"replies":[{"embeddable":true,"href":"https:\/\/wp.ufpel.edu.br\/cpi\/wp-json\/wp\/v2\/comments?post=1295"}],"version-history":[{"count":6,"href":"https:\/\/wp.ufpel.edu.br\/cpi\/wp-json\/wp\/v2\/pages\/1295\/revisions"}],"predecessor-version":[{"id":1440,"href":"https:\/\/wp.ufpel.edu.br\/cpi\/wp-json\/wp\/v2\/pages\/1295\/revisions\/1440"}],"up":[{"embeddable":true,"href":"https:\/\/wp.ufpel.edu.br\/cpi\/wp-json\/wp\/v2\/pages\/43"}],"wp:attachment":[{"href":"https:\/\/wp.ufpel.edu.br\/cpi\/wp-json\/wp\/v2\/media?parent=1295"}],"curies":[{"name":"wp","href":"https:\/\/api.w.org\/{rel}","templated":true}]}}