{"id":1279,"date":"2020-09-10T18:26:37","date_gmt":"2020-09-10T21:26:37","guid":{"rendered":"https:\/\/wp.ufpel.edu.br\/cpi\/?page_id=1279"},"modified":"2020-09-10T18:31:37","modified_gmt":"2020-09-10T21:31:37","slug":"conceito-institucional-ci","status":"publish","type":"page","link":"https:\/\/wp.ufpel.edu.br\/cpi\/conceito-institucional-ci\/","title":{"rendered":"Conceito Institucional &#8211; CI"},"content":{"rendered":"<p style=\"text-align: justify\">O processo de recredenciamento presencial da UFPel foi iniciado em novembro de 2015, quando foi protocolado o primeiro dos formul\u00e1rios eletr\u00f4nicos que comp\u00f5em as fases documentais. A segunda fase, tamb\u00e9m documental, foi finalizada em agosto de 2016. As visitas ocorreram em maio e agosto de 2017, nos Campus Pelotas e Cap\u00e3o do Le\u00e3o, respectivamente.<\/p>\n<p style=\"text-align: justify\">O processo \u00e9 um dos componentes do Sistema Nacional de Avalia\u00e7\u00e3o da Educa\u00e7\u00e3o Superior (Sinaes), que busca uma melhoria desse setor do sistema educacional brasileiro. Entre os crit\u00e9rios que s\u00e3o utilizados para a avalia\u00e7\u00e3o, est\u00e3o o planejamento e a avalia\u00e7\u00e3o institucional, que abordar\u00e1 elementos como o Plano de Desenvolvimento Institucional (PDI); o desenvolvimento institucional, onde s\u00e3o avaliados dados como a responsabilidade social; as pol\u00edticas acad\u00eamicas, entre as quais as atividades-fins de ensino, pesquisa e extens\u00e3o e a pr\u00f3pria rela\u00e7\u00e3o da Universidade com a sociedade; as pol\u00edticas de gest\u00e3o e a infraestrutura f\u00edsica, onde est\u00e3o inclusas as bibliotecas, laborat\u00f3rios, instala\u00e7\u00f5es e a acessibilidade.<\/p>\n<p style=\"text-align: justify\">Conforme o Instrumento de Avalia\u00e7\u00e3o Institucional do INEP\/MEC, o conceito das avalia\u00e7\u00f5es varia de 1 a 5, sendo o maior considerado excelente. O conceito institucional da UFPel \u00e9 4, considerando a qualidade da Institui\u00e7\u00e3o como muito boa. Os relat\u00f3rios e a portaria de Recredenciamento podem ser conferidos abaixo:<\/p>\n<p><a href=\"https:\/\/wp.ufpel.edu.br\/cpi\/conceito-institucional-ci\/relatorio-final-de-avaliacao-in-loco-campus-pelotas\/\" rel=\"attachment wp-att-1281\">Relat\u00f3rio Recredenciamento &#8211; Visita in loco &#8211; Campus Pelotas<\/a><\/p>\n<p><a href=\"https:\/\/wp.ufpel.edu.br\/cpi\/conceito-institucional-ci\/relatorio-final-de-avaliacao-in-loco-campus-capao-do-leao-2\/\" rel=\"attachment wp-att-1282\">Relat\u00f3rio Recredenciamento &#8211; Visita in loco &#8211; Campus Cap\u00e3o Le\u00e3o<\/a><\/p>\n<p><a href=\"https:\/\/wp.ufpel.edu.br\/cpi\/conceito-institucional-ci\/portaria-48422-05-2018-recredenciamento-presencial-2\/\" rel=\"attachment wp-att-1284\">Portaria Recredenciamento Institucional &#8211; 2018<\/a><\/p>\n","protected":false},"excerpt":{"rendered":"<p>O processo de recredenciamento presencial da UFPel foi iniciado em novembro de 2015, quando foi protocolado o primeiro dos formul\u00e1rios eletr\u00f4nicos que comp\u00f5em as fases documentais. A segunda fase, tamb\u00e9m documental, foi finalizada em agosto de 2016. As visitas ocorreram em maio e agosto de 2017, nos Campus Pelotas e Cap\u00e3o do Le\u00e3o, respectivamente. O [&hellip;]<\/p>\n","protected":false},"author":799,"featured_media":0,"parent":0,"menu_order":0,"comment_status":"closed","ping_status":"closed","template":"","meta":{"footnotes":""},"class_list":["post-1279","page","type-page","status-publish","hentry"],"_links":{"self":[{"href":"https:\/\/wp.ufpel.edu.br\/cpi\/wp-json\/wp\/v2\/pages\/1279","targetHints":{"allow":["GET"]}}],"collection":[{"href":"https:\/\/wp.ufpel.edu.br\/cpi\/wp-json\/wp\/v2\/pages"}],"about":[{"href":"https:\/\/wp.ufpel.edu.br\/cpi\/wp-json\/wp\/v2\/types\/page"}],"author":[{"embeddable":true,"href":"https:\/\/wp.ufpel.edu.br\/cpi\/wp-json\/wp\/v2\/users\/799"}],"replies":[{"embeddable":true,"href":"https:\/\/wp.ufpel.edu.br\/cpi\/wp-json\/wp\/v2\/comments?post=1279"}],"version-history":[{"count":6,"href":"https:\/\/wp.ufpel.edu.br\/cpi\/wp-json\/wp\/v2\/pages\/1279\/revisions"}],"predecessor-version":[{"id":1291,"href":"https:\/\/wp.ufpel.edu.br\/cpi\/wp-json\/wp\/v2\/pages\/1279\/revisions\/1291"}],"wp:attachment":[{"href":"https:\/\/wp.ufpel.edu.br\/cpi\/wp-json\/wp\/v2\/media?parent=1279"}],"curies":[{"name":"wp","href":"https:\/\/api.w.org\/{rel}","templated":true}]}}