{"id":60,"date":"2025-12-29T19:36:10","date_gmt":"2025-12-29T22:36:10","guid":{"rendered":"https:\/\/wp.ufpel.edu.br\/cpafst\/?page_id=60"},"modified":"2026-03-25T22:58:25","modified_gmt":"2026-03-26T01:58:25","slug":"junte-se-a-nos","status":"publish","type":"page","link":"https:\/\/wp.ufpel.edu.br\/cpafst\/junte-se-a-nos\/","title":{"rendered":"Junte-se a n\u00f3s"},"content":{"rendered":"<p>Estudantes de gradua\u00e7\u00e3o e p\u00f3s-gradua\u00e7\u00e3o, bem como pesquisadores de p\u00f3s-doutorado, s\u00e3o bem-vindos para trabalhar com estudos de coorte, dem\u00eancias e seus fatores de risco e desigualdades em sa\u00fade. Se tiver interesse, entre em contato conosco.<\/p>\n<p><a href=\"https:\/\/wp.ufpel.edu.br\/cpafst\/contato\/\">Contato aqui<\/a><\/p>\n","protected":false},"excerpt":{"rendered":"<p>Estudantes de gradua\u00e7\u00e3o e p\u00f3s-gradua\u00e7\u00e3o, bem como pesquisadores de p\u00f3s-doutorado, s\u00e3o bem-vindos para trabalhar com estudos de coorte, dem\u00eancias e seus fatores de risco e desigualdades em sa\u00fade. Se tiver interesse, entre em contato conosco. Contato aqui<\/p>\n","protected":false},"author":1551,"featured_media":0,"parent":0,"menu_order":0,"comment_status":"closed","ping_status":"closed","template":"","meta":{"footnotes":""},"class_list":["post-60","page","type-page","status-publish","hentry"],"jetpack_sharing_enabled":true,"_links":{"self":[{"href":"https:\/\/wp.ufpel.edu.br\/cpafst\/wp-json\/wp\/v2\/pages\/60","targetHints":{"allow":["GET"]}}],"collection":[{"href":"https:\/\/wp.ufpel.edu.br\/cpafst\/wp-json\/wp\/v2\/pages"}],"about":[{"href":"https:\/\/wp.ufpel.edu.br\/cpafst\/wp-json\/wp\/v2\/types\/page"}],"author":[{"embeddable":true,"href":"https:\/\/wp.ufpel.edu.br\/cpafst\/wp-json\/wp\/v2\/users\/1551"}],"replies":[{"embeddable":true,"href":"https:\/\/wp.ufpel.edu.br\/cpafst\/wp-json\/wp\/v2\/comments?post=60"}],"version-history":[{"count":3,"href":"https:\/\/wp.ufpel.edu.br\/cpafst\/wp-json\/wp\/v2\/pages\/60\/revisions"}],"predecessor-version":[{"id":231,"href":"https:\/\/wp.ufpel.edu.br\/cpafst\/wp-json\/wp\/v2\/pages\/60\/revisions\/231"}],"wp:attachment":[{"href":"https:\/\/wp.ufpel.edu.br\/cpafst\/wp-json\/wp\/v2\/media?parent=60"}],"curies":[{"name":"wp","href":"https:\/\/api.w.org\/{rel}","templated":true}]}}