{"id":43,"date":"2025-12-29T19:20:38","date_gmt":"2025-12-29T22:20:38","guid":{"rendered":"https:\/\/wp.ufpel.edu.br\/cpafst\/?page_id=43"},"modified":"2025-12-30T03:48:16","modified_gmt":"2025-12-30T06:48:16","slug":"o-que-fazemos","status":"publish","type":"page","link":"https:\/\/wp.ufpel.edu.br\/cpafst\/o-que-fazemos\/","title":{"rendered":"Produ\u00e7\u00e3o cient\u00edfica"},"content":{"rendered":"<h2 style=\"text-align: center;\">2025<\/h2>\n<p><a href=\"https:\/\/www.bjp.org.br\/details\/3665\/en-US\/a-small-step--giant-savings--the-impact-of-physical-activity-on-dementia-cases-and-economic-costs-in-brazil\"><img loading=\"lazy\" decoding=\"async\" class=\"size-medium wp-image-100 aligncenter\" src=\"https:\/\/wp.ufpel.edu.br\/cpafst\/files\/2025\/12\/Screenshot-2025-12-29-at-10.49.02-PM-311x400.png\" alt=\"\" width=\"311\" height=\"400\" srcset=\"https:\/\/wp.ufpel.edu.br\/cpafst\/files\/2025\/12\/Screenshot-2025-12-29-at-10.49.02-PM-311x400.png 311w, https:\/\/wp.ufpel.edu.br\/cpafst\/files\/2025\/12\/Screenshot-2025-12-29-at-10.49.02-PM-795x1024.png 795w, https:\/\/wp.ufpel.edu.br\/cpafst\/files\/2025\/12\/Screenshot-2025-12-29-at-10.49.02-PM-768x989.png 768w, https:\/\/wp.ufpel.edu.br\/cpafst\/files\/2025\/12\/Screenshot-2025-12-29-at-10.49.02-PM.png 924w\" sizes=\"auto, (max-width: 311px) 100vw, 311px\" \/><\/a><\/p>\n<p>&nbsp;<\/p>\n<p>&nbsp;<\/p>\n","protected":false},"excerpt":{"rendered":"<p>2025 &nbsp; &nbsp;<\/p>\n","protected":false},"author":1551,"featured_media":0,"parent":0,"menu_order":0,"comment_status":"closed","ping_status":"closed","template":"","meta":{"footnotes":""},"class_list":["post-43","page","type-page","status-publish","hentry"],"jetpack_sharing_enabled":true,"_links":{"self":[{"href":"https:\/\/wp.ufpel.edu.br\/cpafst\/wp-json\/wp\/v2\/pages\/43","targetHints":{"allow":["GET"]}}],"collection":[{"href":"https:\/\/wp.ufpel.edu.br\/cpafst\/wp-json\/wp\/v2\/pages"}],"about":[{"href":"https:\/\/wp.ufpel.edu.br\/cpafst\/wp-json\/wp\/v2\/types\/page"}],"author":[{"embeddable":true,"href":"https:\/\/wp.ufpel.edu.br\/cpafst\/wp-json\/wp\/v2\/users\/1551"}],"replies":[{"embeddable":true,"href":"https:\/\/wp.ufpel.edu.br\/cpafst\/wp-json\/wp\/v2\/comments?post=43"}],"version-history":[{"count":3,"href":"https:\/\/wp.ufpel.edu.br\/cpafst\/wp-json\/wp\/v2\/pages\/43\/revisions"}],"predecessor-version":[{"id":101,"href":"https:\/\/wp.ufpel.edu.br\/cpafst\/wp-json\/wp\/v2\/pages\/43\/revisions\/101"}],"wp:attachment":[{"href":"https:\/\/wp.ufpel.edu.br\/cpafst\/wp-json\/wp\/v2\/media?parent=43"}],"curies":[{"name":"wp","href":"https:\/\/api.w.org\/{rel}","templated":true}]}}