{"id":29,"date":"2025-12-29T19:09:52","date_gmt":"2025-12-29T22:09:52","guid":{"rendered":"https:\/\/wp.ufpel.edu.br\/cpafst\/?page_id=29"},"modified":"2025-12-29T19:45:35","modified_gmt":"2025-12-29T22:45:35","slug":"sobre-nos","status":"publish","type":"page","link":"https:\/\/wp.ufpel.edu.br\/cpafst\/sobre-nos\/","title":{"rendered":"Apresenta\u00e7\u00e3o"},"content":{"rendered":"<p data-start=\"0\" data-end=\"489\">O <strong data-start=\"2\" data-end=\"73\">Centro de Pesquisa em Atividade F\u00edsica, Sa\u00fade e Tecnologia (CPAFST)<\/strong> \u00e9 um n\u00facleo interdisciplinar dedicado \u00e0 integra\u00e7\u00e3o de dados, produ\u00e7\u00e3o de evid\u00eancias cient\u00edficas e forma\u00e7\u00e3o de recursos humanos qualificados na interface entre atividade f\u00edsica, sa\u00fade p\u00fablica e tecnologia. Sua miss\u00e3o \u00e9 centralizar e qualificar informa\u00e7\u00f5es oriundas de pesquisas populacionais, oferecendo suporte \u00e0 an\u00e1lise cient\u00edfica, \u00e0 reda\u00e7\u00e3o acad\u00eamica e ao desenvolvimento de estudos inovadores com impacto social.<\/p>\n<p data-start=\"491\" data-end=\"1007\">O CPAFST atua como um espa\u00e7o de excel\u00eancia para a capacita\u00e7\u00e3o de estudantes de gradua\u00e7\u00e3o e p\u00f3s-gradua\u00e7\u00e3o, estimulando o pensamento cr\u00edtico, o dom\u00ednio metodol\u00f3gico e o uso avan\u00e7ado de dados em sa\u00fade. As pesquisas desenvolvidas no Centro buscam subsidiar pol\u00edticas p\u00fablicas voltadas \u00e0 mitiga\u00e7\u00e3o dos efeitos de crises sociais, sanit\u00e1rias e ambientais sobre a sa\u00fade da popula\u00e7\u00e3o, com \u00eanfase na promo\u00e7\u00e3o de estilos de vida saud\u00e1veis, em interven\u00e7\u00f5es baseadas em mudan\u00e7as comportamentais e na redu\u00e7\u00e3o das desigualdades em sa\u00fade.<\/p>\n","protected":false},"excerpt":{"rendered":"<p>O Centro de Pesquisa em Atividade F\u00edsica, Sa\u00fade e Tecnologia (CPAFST) \u00e9 um n\u00facleo interdisciplinar dedicado \u00e0 integra\u00e7\u00e3o de dados, produ\u00e7\u00e3o de evid\u00eancias cient\u00edficas e forma\u00e7\u00e3o de recursos humanos qualificados na interface entre atividade f\u00edsica, sa\u00fade p\u00fablica e tecnologia. Sua miss\u00e3o \u00e9 centralizar e qualificar informa\u00e7\u00f5es oriundas de pesquisas populacionais, oferecendo suporte \u00e0 an\u00e1lise cient\u00edfica, &hellip; <a href=\"https:\/\/wp.ufpel.edu.br\/cpafst\/sobre-nos\/\" class=\"more-link\">Continuar lendo <span class=\"screen-reader-text\">Apresenta\u00e7\u00e3o<\/span><\/a><\/p>\n","protected":false},"author":1551,"featured_media":0,"parent":0,"menu_order":0,"comment_status":"closed","ping_status":"closed","template":"","meta":{"footnotes":""},"class_list":["post-29","page","type-page","status-publish","hentry"],"jetpack_sharing_enabled":true,"_links":{"self":[{"href":"https:\/\/wp.ufpel.edu.br\/cpafst\/wp-json\/wp\/v2\/pages\/29","targetHints":{"allow":["GET"]}}],"collection":[{"href":"https:\/\/wp.ufpel.edu.br\/cpafst\/wp-json\/wp\/v2\/pages"}],"about":[{"href":"https:\/\/wp.ufpel.edu.br\/cpafst\/wp-json\/wp\/v2\/types\/page"}],"author":[{"embeddable":true,"href":"https:\/\/wp.ufpel.edu.br\/cpafst\/wp-json\/wp\/v2\/users\/1551"}],"replies":[{"embeddable":true,"href":"https:\/\/wp.ufpel.edu.br\/cpafst\/wp-json\/wp\/v2\/comments?post=29"}],"version-history":[{"count":3,"href":"https:\/\/wp.ufpel.edu.br\/cpafst\/wp-json\/wp\/v2\/pages\/29\/revisions"}],"predecessor-version":[{"id":66,"href":"https:\/\/wp.ufpel.edu.br\/cpafst\/wp-json\/wp\/v2\/pages\/29\/revisions\/66"}],"wp:attachment":[{"href":"https:\/\/wp.ufpel.edu.br\/cpafst\/wp-json\/wp\/v2\/media?parent=29"}],"curies":[{"name":"wp","href":"https:\/\/api.w.org\/{rel}","templated":true}]}}