{"id":156,"date":"2025-12-30T04:51:15","date_gmt":"2025-12-30T07:51:15","guid":{"rendered":"https:\/\/wp.ufpel.edu.br\/cpafst\/?page_id=156"},"modified":"2026-01-02T17:41:15","modified_gmt":"2026-01-02T20:41:15","slug":"linhas-de-pesquisa","status":"publish","type":"page","link":"https:\/\/wp.ufpel.edu.br\/cpafst\/linhas-de-pesquisa\/","title":{"rendered":"Linhas de pesquisa"},"content":{"rendered":"<p>O CPAFST desenvolve pesquisas de base populacional e an\u00e1lises inovadoras com foco na preven\u00e7\u00e3o de doen\u00e7as, na redu\u00e7\u00e3o de desigualdades e na produ\u00e7\u00e3o de evid\u00eancias relevantes para pol\u00edticas p\u00fablicas. Atualmente, o centro abriga dois projetos estruturantes:<\/p>\n<p><a href=\"https:\/\/wp.ufpel.edu.br\/coortepampa\/\"><img loading=\"lazy\" decoding=\"async\" class=\"aligncenter wp-image-169\" src=\"https:\/\/wp.ufpel.edu.br\/cpafst\/files\/2025\/12\/logotipo-pampa-copy-400x400.png\" alt=\"\" width=\"396\" height=\"396\" \/><\/a><\/p>\n<h2 style=\"text-align: center;\" data-start=\"298\" data-end=\"315\"><a href=\"https:\/\/wp.ufpel.edu.br\/coortepampa\/\">Coorte PAMPA<\/a><\/h2>\n<p style=\"text-align: center;\" data-start=\"316\" data-end=\"370\"><strong data-start=\"316\" data-end=\"370\">Estudo Prospectivo sobre a Sa\u00fade Mental e F\u00edsica em Adultos no RS\u00a0<\/strong><\/p>\n<p style=\"text-align: center;\" data-start=\"372\" data-end=\"629\">A <strong data-start=\"374\" data-end=\"390\">Coorte PAMPA<\/strong> \u00e9 um estudo longitudinal conduzido no sul do Brasil, criado para investigar os impactos de curto, m\u00e9dio e longo prazo da pandemia de COVID-19 sobre a sa\u00fade da popula\u00e7\u00e3o. O projeto acompanha adultos ao longo do tempo, com \u00eanfase especial em atividade f\u00edsica, sa\u00fade mental, dor lombar e acesso aos servi\u00e7os de sa\u00fade.<\/p>\n<p style=\"text-align: center;\" data-start=\"857\" data-end=\"1191\">A Coorte PAMPA se destaca pelo uso de m\u00e9todos epidemiol\u00f3gicos digitais, pela coleta remota de dados e pela r\u00e1pida tradu\u00e7\u00e3o dos achados para gestores, profissionais de sa\u00fade e para a sociedade. Seus resultados t\u00eam contribu\u00eddo para compreender como crises sanit\u00e1rias e sociais podem gerar consequ\u00eancias duradouras para a sa\u00fade f\u00edsica e mental.<\/p>\n<p data-start=\"857\" data-end=\"1191\"><img loading=\"lazy\" decoding=\"async\" class=\"size-full wp-image-24 aligncenter\" src=\"https:\/\/wp.ufpel.edu.br\/cpafst\/files\/2025\/12\/cropped-EQUIProject-2-1.png\" alt=\"\" width=\"248\" height=\"242\" \/><\/p>\n<p style=\"text-align: center;\"><strong>EPIDEMENTIA STUDY<\/strong><\/p>\n<p style=\"text-align: center;\">Integrando Risco, Pol\u00edticas e Pesquisa<\/p>\n<p style=\"text-align: center;\">Este projeto investiga como fatores de risco modific\u00e1veis influenciam a ocorr\u00eancia de dem\u00eancia, e como esses efeitos se distribuem de forma desigual entre popula\u00e7\u00f5es, regi\u00f5es e grupos sociais.<\/p>\n<p style=\"text-align: center;\">O estudo integra diferentes fontes de dados nacionais e internacionais, incluindo grandes inqu\u00e9ritos populacionais, estimativas do Global Burden of Disease e evid\u00eancias de meta-an\u00e1lises, com o objetivo de:<\/p>\n<p style=\"text-align: center;\">&#8211; Identificar fatores de risco modific\u00e1veis da dem\u00eancia espec\u00edficos para cada pa\u00eds e territ\u00f3rio;<\/p>\n<p style=\"text-align: center;\">&#8211; Identificar desigualdades sociais, econ\u00f4micas e geogr\u00e1ficas na preven\u00e7\u00e3o da dem\u00eancia;<\/p>\n<p style=\"text-align: center;\">&#8211; Estimar o impacto de pol\u00edticas p\u00fablicas de transfer\u00eancia de renda na carga atual e futura de dem\u00eancia no Brasil.<\/p>\n<p style=\"text-align: center;\">Ao conectar evid\u00eancia cient\u00edfica, pol\u00edticas p\u00fablicas e equidade, este projeto busca apoiar estrat\u00e9gias eficazes e justas para a preven\u00e7\u00e3o da dem\u00eancia, especialmente em pa\u00edses de renda m\u00e9dia e baixa.<\/p>\n<p>&nbsp;<\/p>\n","protected":false},"excerpt":{"rendered":"<p>O CPAFST desenvolve pesquisas de base populacional e an\u00e1lises inovadoras com foco na preven\u00e7\u00e3o de doen\u00e7as, na redu\u00e7\u00e3o de desigualdades e na produ\u00e7\u00e3o de evid\u00eancias relevantes para pol\u00edticas p\u00fablicas. Atualmente, o centro abriga dois projetos estruturantes: Coorte PAMPA Estudo Prospectivo sobre a Sa\u00fade Mental e F\u00edsica em Adultos no RS\u00a0 A Coorte PAMPA \u00e9 um &hellip; <a href=\"https:\/\/wp.ufpel.edu.br\/cpafst\/linhas-de-pesquisa\/\" class=\"more-link\">Continuar lendo <span class=\"screen-reader-text\">Linhas de pesquisa<\/span><\/a><\/p>\n","protected":false},"author":1551,"featured_media":0,"parent":0,"menu_order":0,"comment_status":"closed","ping_status":"closed","template":"","meta":{"footnotes":""},"class_list":["post-156","page","type-page","status-publish","hentry"],"jetpack_sharing_enabled":true,"_links":{"self":[{"href":"https:\/\/wp.ufpel.edu.br\/cpafst\/wp-json\/wp\/v2\/pages\/156","targetHints":{"allow":["GET"]}}],"collection":[{"href":"https:\/\/wp.ufpel.edu.br\/cpafst\/wp-json\/wp\/v2\/pages"}],"about":[{"href":"https:\/\/wp.ufpel.edu.br\/cpafst\/wp-json\/wp\/v2\/types\/page"}],"author":[{"embeddable":true,"href":"https:\/\/wp.ufpel.edu.br\/cpafst\/wp-json\/wp\/v2\/users\/1551"}],"replies":[{"embeddable":true,"href":"https:\/\/wp.ufpel.edu.br\/cpafst\/wp-json\/wp\/v2\/comments?post=156"}],"version-history":[{"count":3,"href":"https:\/\/wp.ufpel.edu.br\/cpafst\/wp-json\/wp\/v2\/pages\/156\/revisions"}],"predecessor-version":[{"id":183,"href":"https:\/\/wp.ufpel.edu.br\/cpafst\/wp-json\/wp\/v2\/pages\/156\/revisions\/183"}],"wp:attachment":[{"href":"https:\/\/wp.ufpel.edu.br\/cpafst\/wp-json\/wp\/v2\/media?parent=156"}],"curies":[{"name":"wp","href":"https:\/\/api.w.org\/{rel}","templated":true}]}}