{"id":458,"date":"2016-09-09T11:52:57","date_gmt":"2016-09-09T14:52:57","guid":{"rendered":"https:\/\/wp.ufpel.edu.br\/cpa\/?page_id=458"},"modified":"2024-02-08T08:32:22","modified_gmt":"2024-02-08T11:32:22","slug":"documentos-de-referencia","status":"publish","type":"page","link":"https:\/\/wp.ufpel.edu.br\/cpa\/documentos-de-referencia\/","title":{"rendered":"Documentos de Refer\u00eancia"},"content":{"rendered":"<p style=\"text-align: justify;\"><span style=\"font-size: 10pt; font-family: arial, helvetica, sans-serif; color: #0000ff;\"><a style=\"color: #0000ff;\" href=\"http:\/\/www.planalto.gov.br\/ccivil_03\/_ato2004-2006\/2004\/lei\/l10.861.htm\" target=\"_blank\" rel=\"noopener\"><span style=\"font-family: georgia, palatino, serif;\">Lei n\u00b0 10.861, de 14 de A<\/span><\/a><\/span><span style=\"font-size: 10pt; font-family: arial, helvetica, sans-serif;\"><span style=\"color: #0000ff;\"><a style=\"color: #0000ff;\" href=\"http:\/\/www.planalto.gov.br\/ccivil_03\/_ato2004-2006\/2004\/lei\/l10.861.htm\" target=\"_blank\" rel=\"noopener\"><span style=\"font-family: georgia, palatino, serif;\">bril de 2004<\/span><span style=\"font-family: georgia, palatino, serif;\">\u00a0<\/span><\/a><\/span> <span style=\"font-family: georgia, palatino, serif; color: #000000;\">(Institui o Sistema Nacional de Avalia\u00e7\u00e3o da Educa\u00e7\u00e3o Superior \u2013 SINAES e d\u00e1 outras provid\u00eancias).<\/span><\/span><\/p>\n<p style=\"text-align: justify;\"><span style=\"font-size: 10pt; font-family: georgia, palatino, serif; color: #000000;\"><span style=\"color: #0000ff;\"><a style=\"color: #0000ff;\" href=\"https:\/\/wp.ufpel.edu.br\/cpa\/files\/2016\/09\/nota_tecnica_n65_roteiro_relatorio_de_autoavaliacao_institucional.pdf\" target=\"_blank\" rel=\"noopener\">Roteiro para Relat\u00f3rio de Autoavalia\u00e7\u00e3o Institucional<\/a><\/span> (Nota T\u00e9cnica INEP\/DAES\/CONAES n\u00b0 065, de 09 de Outubro de 2014).<\/span><\/p>\n<p style=\"text-align: justify;\"><span style=\"font-size: 10pt; font-family: georgia, palatino, serif; color: #000000;\"><span style=\"color: #0000ff;\"><a style=\"color: #0000ff;\" href=\"https:\/\/download.inep.gov.br\/educacao_superior\/avaliacao_institucional\/instrumentos\/2017\/IES_recredenciamento.pdf\" target=\"_blank\" rel=\"noopener\">Instrumento de Avalia\u00e7\u00e3o Institucional Externa<\/a><\/span> (Subsidia os atos de credenciamento, recredenciamento e transforma\u00e7\u00e3o da organiza\u00e7\u00e3o acad\u00eamica. Minist\u00e9rio da Educa\u00e7\u00e3o. INEP, Outubro de 2017).<\/span><\/p>\n<p style=\"text-align: justify;\"><span style=\"font-size: 10pt; font-family: georgia, palatino, serif; color: #000000;\"><span style=\"color: #0000ff;\"><a style=\"color: #0000ff;\" href=\"https:\/\/wp.ufpel.edu.br\/cpa\/files\/2023\/12\/curso_reconhecimento.pdf\" target=\"_blank\" rel=\"noopener\">Instrumento de Avalia\u00e7\u00e3o de Cursos de Gradua\u00e7\u00e3o<\/a><\/span> (Subsidia os atos de reconhecimento e renova\u00e7\u00e3o de reconhecimento. Minist\u00e9rio da Educa\u00e7\u00e3o. INEP, Outubro de 2017).<\/span><\/p>\n<p><a href=\"https:\/\/wp.ufpel.edu.br\/cpa\/files\/2023\/12\/curso_reconhecimento.pdf\"><img loading=\"lazy\" decoding=\"async\" class=\"alignnone size-medium wp-image-1112\" src=\"https:\/\/wp.ufpel.edu.br\/cpa\/files\/2024\/02\/INEP-cursos-282x400.png\" alt=\"\" width=\"282\" height=\"400\" srcset=\"https:\/\/wp.ufpel.edu.br\/cpa\/files\/2024\/02\/INEP-cursos-282x400.png 282w, https:\/\/wp.ufpel.edu.br\/cpa\/files\/2024\/02\/INEP-cursos.png 476w\" sizes=\"auto, (max-width: 282px) 100vw, 282px\" \/><\/a><\/p>\n","protected":false},"excerpt":{"rendered":"<p>Lei n\u00b0 10.861, de 14 de Abril de 2004\u00a0 (Institui o Sistema Nacional de Avalia\u00e7\u00e3o da Educa\u00e7\u00e3o Superior \u2013 SINAES e d\u00e1 outras provid\u00eancias). Roteiro para Relat\u00f3rio de Autoavalia\u00e7\u00e3o Institucional (Nota T\u00e9cnica INEP\/DAES\/CONAES n\u00b0 065, de 09 de Outubro de 2014). Instrumento de Avalia\u00e7\u00e3o Institucional Externa (Subsidia os atos de credenciamento, recredenciamento e transforma\u00e7\u00e3o da &hellip; <\/p>\n<p><a class=\"more-link btn\" href=\"https:\/\/wp.ufpel.edu.br\/cpa\/documentos-de-referencia\/\">Continue lendo<\/a><\/p>\n","protected":false},"author":106,"featured_media":0,"parent":0,"menu_order":0,"comment_status":"closed","ping_status":"closed","template":"","meta":{"footnotes":""},"class_list":["post-458","page","type-page","status-publish","hentry","nodate","item-wrap"],"jetpack_sharing_enabled":true,"_links":{"self":[{"href":"https:\/\/wp.ufpel.edu.br\/cpa\/wp-json\/wp\/v2\/pages\/458","targetHints":{"allow":["GET"]}}],"collection":[{"href":"https:\/\/wp.ufpel.edu.br\/cpa\/wp-json\/wp\/v2\/pages"}],"about":[{"href":"https:\/\/wp.ufpel.edu.br\/cpa\/wp-json\/wp\/v2\/types\/page"}],"author":[{"embeddable":true,"href":"https:\/\/wp.ufpel.edu.br\/cpa\/wp-json\/wp\/v2\/users\/106"}],"replies":[{"embeddable":true,"href":"https:\/\/wp.ufpel.edu.br\/cpa\/wp-json\/wp\/v2\/comments?post=458"}],"version-history":[{"count":16,"href":"https:\/\/wp.ufpel.edu.br\/cpa\/wp-json\/wp\/v2\/pages\/458\/revisions"}],"predecessor-version":[{"id":1113,"href":"https:\/\/wp.ufpel.edu.br\/cpa\/wp-json\/wp\/v2\/pages\/458\/revisions\/1113"}],"wp:attachment":[{"href":"https:\/\/wp.ufpel.edu.br\/cpa\/wp-json\/wp\/v2\/media?parent=458"}],"curies":[{"name":"wp","href":"https:\/\/api.w.org\/{rel}","templated":true}]}}