{"id":454,"date":"2016-09-09T11:52:25","date_gmt":"2016-09-09T14:52:25","guid":{"rendered":"https:\/\/wp.ufpel.edu.br\/cpa\/?page_id=454"},"modified":"2022-06-05T17:32:25","modified_gmt":"2022-06-05T20:32:25","slug":"regimento","status":"publish","type":"page","link":"https:\/\/wp.ufpel.edu.br\/cpa\/regimento\/","title":{"rendered":"Regimento"},"content":{"rendered":"<p><span style=\"font-family: georgia, palatino, serif; font-size: 10pt; color: #000000;\"><strong>Regimento da Comiss\u00e3o Pr\u00f3pria de Avalia\u00e7\u00e3o<\/strong><\/span><\/p>\n<p><span style=\"font-family: georgia, palatino, serif; font-size: 10pt; color: #0000ff;\"><a style=\"color: #0000ff;\" href=\"https:\/\/wp.ufpel.edu.br\/cpa\/files\/2021\/04\/Resolucao-43.2020-CONSUN.pdf\" target=\"_blank\" rel=\"noopener\"><span style=\"color: #0000ff;\">Regimento da CPA Resolucao-43.2020-CONSUN<\/span><\/a><\/span><\/p>\n","protected":false},"excerpt":{"rendered":"<p>Regimento da Comiss\u00e3o Pr\u00f3pria de Avalia\u00e7\u00e3o Regimento da CPA Resolucao-43.2020-CONSUN<\/p>\n","protected":false},"author":106,"featured_media":0,"parent":0,"menu_order":0,"comment_status":"closed","ping_status":"closed","template":"","meta":{"footnotes":""},"class_list":["post-454","page","type-page","status-publish","hentry","nodate","item-wrap"],"jetpack_sharing_enabled":true,"_links":{"self":[{"href":"https:\/\/wp.ufpel.edu.br\/cpa\/wp-json\/wp\/v2\/pages\/454","targetHints":{"allow":["GET"]}}],"collection":[{"href":"https:\/\/wp.ufpel.edu.br\/cpa\/wp-json\/wp\/v2\/pages"}],"about":[{"href":"https:\/\/wp.ufpel.edu.br\/cpa\/wp-json\/wp\/v2\/types\/page"}],"author":[{"embeddable":true,"href":"https:\/\/wp.ufpel.edu.br\/cpa\/wp-json\/wp\/v2\/users\/106"}],"replies":[{"embeddable":true,"href":"https:\/\/wp.ufpel.edu.br\/cpa\/wp-json\/wp\/v2\/comments?post=454"}],"version-history":[{"count":9,"href":"https:\/\/wp.ufpel.edu.br\/cpa\/wp-json\/wp\/v2\/pages\/454\/revisions"}],"predecessor-version":[{"id":860,"href":"https:\/\/wp.ufpel.edu.br\/cpa\/wp-json\/wp\/v2\/pages\/454\/revisions\/860"}],"wp:attachment":[{"href":"https:\/\/wp.ufpel.edu.br\/cpa\/wp-json\/wp\/v2\/media?parent=454"}],"curies":[{"name":"wp","href":"https:\/\/api.w.org\/{rel}","templated":true}]}}