{"id":442,"date":"2016-09-09T11:38:15","date_gmt":"2016-09-09T14:38:15","guid":{"rendered":"https:\/\/wp.ufpel.edu.br\/cpa\/?page_id=442"},"modified":"2025-09-02T17:12:23","modified_gmt":"2025-09-02T20:12:23","slug":"composicoes-anteriores","status":"publish","type":"page","link":"https:\/\/wp.ufpel.edu.br\/cpa\/composicoes-anteriores\/","title":{"rendered":"Composi\u00e7\u00f5es Anteriores"},"content":{"rendered":"<p><strong><a href=\"https:\/\/wp.ufpel.edu.br\/cpa\/files\/2024\/12\/POrtaria-presidencia.pdf\">Portaria de Pessoal n\u00ba 4817\/UFPel, de 16 de Dezembro de 2024 &#8211; PRESID\u00caNCIA<\/a><\/strong><\/p>\n<div title=\"August 19, 2016 at 4:42:47 PM UTC-3\">\n<h5><a href=\"https:\/\/wp.ufpel.edu.br\/cpa\/files\/2024\/09\/Portaria-CPA.pdf\">PORTARIA DE PESSOAL N\u00ba 3582\/UFPEL, DE 13 DE SETEMBRO DE 2024 \u2013 <\/a><a href=\"https:\/\/wp.ufpel.edu.br\/cpa\/files\/2024\/02\/Portaria_2023_4644.pdf\"> COMPOSI\u00c7\u00c3O GERAL<\/a><\/h5>\n<h5><a href=\"https:\/\/wp.ufpel.edu.br\/cpa\/files\/2023\/04\/Portaria-N\u00b0-1146_2023_Presidencia-CPA.pdf\">Portaria de pessoal n\u00ba 1146\/UFPel, de 12 de abril de 2023 \u2013 PRESID\u00caNCIA<\/a><\/h5>\n<\/div>\n<h5 title=\"August 19, 2016 at 4:42:47 PM UTC-3\"><a href=\"https:\/\/wp.ufpel.edu.br\/cpa\/files\/2023\/03\/Portaria-2650-CPA.pdf\">Portaria n\u00ba 2650, de 13 de\u00a0 dezembro de 2022\u00a0<\/a><\/h5>\n<h5 title=\"August 19, 2016 at 4:42:47 PM UTC-3\"><a href=\"https:\/\/wp.ufpel.edu.br\/cpa\/files\/2023\/09\/Portaria_2023_3306.pdf\">Portaria de pessoal n\u00ba 3306\/UFPel, de 01 de setembro de 2023<\/a><\/h5>\n<h5 title=\"August 19, 2016 at 4:42:47 PM UTC-3\"><a href=\"https:\/\/wp.ufpel.edu.br\/cpa\/files\/2024\/02\/Portaria_2023_4644.pdf\">Portaria de pessoal n\u00ba 4644\/UFPel, de 15 de dezembro de 2023 <\/a><\/h5>\n<div title=\"August 19, 2016 at 4:42:47 PM UTC-3\"><\/div>\n<div class=\"Mu SP\" title=\"August 19, 2016 at 4:42:47 PM UTC-3\"><span style=\"font-size: 10pt; font-family: georgia, palatino, serif; color: #000000;\"><strong><span id=\":22z.co\" class=\"tL8wMe EMoHub\" dir=\"ltr\">Comiss\u00e3o Pr\u00f3pria de Avalia\u00e7\u00e3o\u00a0<\/span><\/strong><\/span><\/div>\n<p><a href=\"https:\/\/wp.ufpel.edu.br\/cpa\/files\/2023\/03\/Portaria-1778.pdf\">Portaria n\u00ba 1778, de 04 de novembro de 2021.<\/a><\/p>\n<p><a href=\"https:\/\/wp.ufpel.edu.br\/cpa\/files\/2023\/03\/POrtaria-1980.pdf\">Portaria n\u00ba 1980, de 02 de dezembro de 2021. <\/a><\/p>\n<div class=\"Mu SP\" title=\"August 19, 2016 at 4:42:47 PM UTC-3\">\n<p><strong style=\"color: #000000; font-family: georgia, palatino, serif; font-size: 10pt;\"><span class=\"tL8wMe EMoHub\" dir=\"ltr\">Comiss\u00e3o Pr\u00f3pria de Avalia\u00e7\u00e3o (2018 &#8211; 2020)<\/span><\/strong><\/p>\n<p><span style=\"font-size: 10pt; font-family: georgia, palatino, serif; color: #0000ff;\"><a style=\"color: #0000ff;\" href=\"https:\/\/wp.ufpel.edu.br\/cpa\/files\/2019\/08\/Portraria-1572-13-06-2019.pdf\" target=\"_blank\" rel=\"noopener\">Portaria n\u00ba 1572, de 13 de junho de 2019<\/a><\/span><\/p>\n<p><span style=\"font-size: 10pt; font-family: georgia, palatino, serif; color: #0000ff;\"><a style=\"color: #0000ff;\" href=\"https:\/\/wp.ufpel.edu.br\/cpa\/files\/2019\/10\/Portaria-1260_2018-CPA-2018-2020.pdf\" target=\"_blank\" rel=\"noopener\">Portaria n\u00ba 1260, de 04 de junho de 2018<\/a><\/span><\/p>\n<\/div>\n<div class=\"Mu SP\" title=\"August 19, 2016 at 4:42:47 PM UTC-3\"><span style=\"font-size: 10pt; font-family: georgia, palatino, serif; color: #000000;\"><strong><span id=\":22z.co\" class=\"tL8wMe EMoHub\" dir=\"ltr\">Comiss\u00e3o Pr\u00f3pria de Avalia\u00e7\u00e3o (2016 &#8211; 2018)<\/span><\/strong><\/span><\/div>\n<div title=\"August 19, 2016 at 4:42:47 PM UTC-3\"><\/div>\n<div class=\"Mu SP\" title=\"August 19, 2016 at 4:42:47 PM UTC-3\"><span style=\"font-family: georgia, palatino, serif; font-size: 10pt; color: #0000ff;\"><a style=\"color: #0000ff;\" href=\"http:\/\/reitoria.ufpel.edu.br\/portarias\/arquivos\/0615_2016.pdf\" target=\"_blank\" rel=\"noopener noreferrer\">Portaria n\u00b0 615, de 04 de maio de 2016<\/a><\/span><\/div>\n<div class=\"Mu SP\" title=\"August 19, 2016 at 4:42:47 PM UTC-3\">\n<p><span style=\"font-family: georgia, palatino, serif; font-size: 10pt; color: #0000ff;\"><a style=\"color: #0000ff;\" href=\"https:\/\/wp.ufpel.edu.br\/cpa\/files\/2016\/08\/0714_2017.pdf\" target=\"_blank\" rel=\"noopener noreferrer\">Portaria n\u00ba 714, de 07 de abril de 2017<\/a><\/span><\/p>\n<p><span style=\"font-family: georgia, palatino, serif; font-size: 10pt; color: #0000ff;\"><a style=\"color: #0000ff;\" href=\"https:\/\/wp.ufpel.edu.br\/cpa\/files\/2016\/08\/1689_2017.pdf\">Portaria n\u00ba 1689, de 11 de agosto de 2017<\/a><\/span><\/p>\n<\/div>\n<p><span style=\"font-family: georgia, palatino, serif; font-size: 10pt; color: #000000;\"><strong><span id=\":22z.co\" class=\"tL8wMe EMoHub\" dir=\"ltr\">Comiss\u00e3o Pr\u00f3pria de Avalia\u00e7\u00e3o (2014 &#8211; 2016)<\/span><\/strong><\/span><\/p>\n<p><span style=\"font-family: georgia, palatino, serif; font-size: 10pt; color: #0000ff;\"><a style=\"color: #0000ff;\" href=\"https:\/\/wp.ufpel.edu.br\/cpa\/files\/2016\/09\/Portaria-0213_2014-CPA-2014-2016.pdf\" target=\"_blank\" rel=\"noopener noreferrer\"><span style=\"color: #0000ff;\">Portaria n\u00ba 213, de 29 de janeiro de 2014<\/span><\/a><\/span><\/p>\n<div class=\"Mu SP\" style=\"text-align: justify;\" title=\"August 19, 2016 at 4:42:47 PM UTC-3\"><span style=\"font-family: georgia, palatino, serif; font-size: 10pt; color: #000000;\"><strong><span id=\":22z.co\" class=\"tL8wMe EMoHub\" dir=\"ltr\">Comiss\u00e3o Pr\u00f3pria de Avalia\u00e7\u00e3o (2013 &#8211; 2014)<\/span><\/strong><\/span><\/div>\n<div class=\"Mu SP\" style=\"text-align: justify;\" title=\"August 19, 2016 at 4:42:47 PM UTC-3\">\n<p><span style=\"font-family: georgia, palatino, serif; font-size: 10pt; color: #0000ff;\"><a style=\"color: #0000ff;\" href=\"https:\/\/wp.ufpel.edu.br\/cpa\/files\/2016\/09\/Portaria-0653_2013-CPA-2013a.pdf\" target=\"_blank\" rel=\"noopener noreferrer\">Portaria n\u00ba 653, de 08 de mar\u00e7o de 2013<\/a><\/span><\/p>\n<div class=\"Mu SP\" title=\"August 19, 2016 at 4:42:47 PM UTC-3\">\n<div class=\"Mu SP\" title=\"August 19, 2016 at 4:42:47 PM UTC-3\"><span style=\"font-family: georgia, palatino, serif; font-size: 10pt; color: #0000ff;\"><a style=\"color: #0000ff;\" href=\"https:\/\/wp.ufpel.edu.br\/cpa\/files\/2016\/09\/Portaria-0699_2013-CPA-2013b.pdf\" target=\"_blank\" rel=\"noopener noreferrer\"><span style=\"color: #0000ff;\">Portaria n\u00ba 699, de 12 de mar\u00e7o de 2013<\/span><\/a><\/span><\/div>\n<\/div>\n<\/div>\n","protected":false},"excerpt":{"rendered":"<p>Portaria de Pessoal n\u00ba 4817\/UFPel, de 16 de Dezembro de 2024 &#8211; PRESID\u00caNCIA PORTARIA DE PESSOAL N\u00ba 3582\/UFPEL, DE 13 DE SETEMBRO DE 2024 \u2013 COMPOSI\u00c7\u00c3O GERAL Portaria de pessoal n\u00ba 1146\/UFPel, de 12 de abril de 2023 \u2013 PRESID\u00caNCIA Portaria n\u00ba 2650, de 13 de\u00a0 dezembro de 2022\u00a0 Portaria de pessoal n\u00ba 3306\/UFPel, de &hellip; <\/p>\n<p><a class=\"more-link btn\" href=\"https:\/\/wp.ufpel.edu.br\/cpa\/composicoes-anteriores\/\">Continue lendo<\/a><\/p>\n","protected":false},"author":106,"featured_media":0,"parent":0,"menu_order":0,"comment_status":"closed","ping_status":"closed","template":"","meta":{"footnotes":""},"class_list":["post-442","page","type-page","status-publish","hentry","nodate","item-wrap"],"jetpack_sharing_enabled":true,"_links":{"self":[{"href":"https:\/\/wp.ufpel.edu.br\/cpa\/wp-json\/wp\/v2\/pages\/442","targetHints":{"allow":["GET"]}}],"collection":[{"href":"https:\/\/wp.ufpel.edu.br\/cpa\/wp-json\/wp\/v2\/pages"}],"about":[{"href":"https:\/\/wp.ufpel.edu.br\/cpa\/wp-json\/wp\/v2\/types\/page"}],"author":[{"embeddable":true,"href":"https:\/\/wp.ufpel.edu.br\/cpa\/wp-json\/wp\/v2\/users\/106"}],"replies":[{"embeddable":true,"href":"https:\/\/wp.ufpel.edu.br\/cpa\/wp-json\/wp\/v2\/comments?post=442"}],"version-history":[{"count":4,"href":"https:\/\/wp.ufpel.edu.br\/cpa\/wp-json\/wp\/v2\/pages\/442\/revisions"}],"predecessor-version":[{"id":1743,"href":"https:\/\/wp.ufpel.edu.br\/cpa\/wp-json\/wp\/v2\/pages\/442\/revisions\/1743"}],"wp:attachment":[{"href":"https:\/\/wp.ufpel.edu.br\/cpa\/wp-json\/wp\/v2\/media?parent=442"}],"curies":[{"name":"wp","href":"https:\/\/api.w.org\/{rel}","templated":true}]}}