{"id":298,"date":"2016-08-18T22:41:07","date_gmt":"2016-08-19T01:41:07","guid":{"rendered":"https:\/\/wp.ufpel.edu.br\/cpa\/?page_id=298"},"modified":"2024-07-02T10:43:05","modified_gmt":"2024-07-02T13:43:05","slug":"relatorios-externos","status":"publish","type":"page","link":"https:\/\/wp.ufpel.edu.br\/cpa\/documentos\/relatorios-de-avaliacao\/relatorios-externos\/","title":{"rendered":"Relat\u00f3rios Externos"},"content":{"rendered":"<p style=\"text-align: justify;\"><span style=\"font-size: 10pt; font-family: georgia, palatino, serif; color: #000000;\">As informa\u00e7\u00f5es constantes no Relat\u00f3rio de IES possibilitam aos dirigentes das institui\u00e7\u00f5es uma vis\u00e3o ampla dos resultados do ENADE gerados a partir da participa\u00e7\u00e3o do conjunto dos cursos de sua institui\u00e7\u00e3o. Os dados apresentados possibilitam compara\u00e7\u00f5es, entre outras, de IES que compartilham a mesma organiza\u00e7\u00e3o acad\u00eamica, a mesma categoria administrativa, a mesma regi\u00e3o e a mesma Unidade da Federa\u00e7\u00e3o, traduzindo-se em subs\u00eddios fundamentais para a an\u00e1lise e avalia\u00e7\u00e3o das pol\u00edticas institucionais de ensino, pesquisa e extens\u00e3o.<\/span><\/p>\n<p style=\"text-align: justify;\"><span style=\"font-size: 10pt; font-family: georgia, palatino, serif; color: #000000;\">Al\u00e9m dos Relat\u00f3rios do ENADE, a UFPel apresenta os Relat\u00f3rios de Recredenciamento Institucional, tanto para a oferta de cursos presenciais como EaD.<\/span><\/p>\n<p><span style=\"font-size: 10pt; font-family: georgia, palatino, serif; color: #0000ff;\"><a style=\"color: #0000ff;\" href=\"https:\/\/wp.ufpel.edu.br\/cpa\/files\/2024\/07\/RelatoInstitucionalUFPelFinal2024_1711649865_ppc_ri.pdf\" target=\"_blank\" rel=\"noopener\">Relat\u00f3rio Institucional &#8211; Recredenciamento Institucional\u00a0 EAD (2023)<\/a><\/span><\/p>\n<p><span style=\"font-size: 10pt; font-family: georgia, palatino, serif; color: #0000ff;\"><a style=\"color: #0000ff;\" href=\"https:\/\/wp.ufpel.edu.br\/cpa\/files\/2024\/07\/Formulario-eletronico-de-avaliacao-recredenciamento-EAD.pdf\" target=\"_blank\" rel=\"noopener\">Formul\u00e1rio eletr\u00f4nico de avalia\u00e7\u00e3o &#8211; Recredenciamento Institucional\u00a0 EAD (2023)<\/a><\/span><\/p>\n<p><span style=\"font-size: 10pt; font-family: georgia, palatino, serif; color: #0000ff;\"><a style=\"color: #0000ff;\" href=\"https:\/\/wp.ufpel.edu.br\/cpa\/files\/2022\/06\/pces125_18-Recredenciamento-UFPel.pdf\" target=\"_blank\" rel=\"noopener\">Relat\u00f3rio UFPel &#8211; Recredenciamento Institucional (2018)<\/a><\/span><\/p>\n<p><span style=\"font-size: 10pt; font-family: georgia, palatino, serif; color: #0000ff;\"><a style=\"color: #0000ff;\" href=\"https:\/\/wp.ufpel.edu.br\/cpa\/files\/2022\/06\/pces319_17-Recredenciamento-UFPel-EaD.pdf\" target=\"_blank\" rel=\"noopener\"><span style=\"color: #0000ff;\">Relat\u00f3rio UFPel &#8211; Recredenciamento Institucional EaD (2017)<\/span><\/a><\/span><\/p>\n<p><span style=\"font-family: georgia, palatino, serif; font-size: 10pt; color: #0000ff;\"><a style=\"color: #0000ff;\" href=\"https:\/\/wp.ufpel.edu.br\/cpa\/files\/2016\/08\/Relatorio-UFPel-ENADE-2014.pdf\" target=\"_blank\" rel=\"noopener\"><span style=\"color: #0000ff;\">Relat\u00f3rio UFPel &#8211; ENADE 2014<\/span><\/a><\/span><\/p>\n<p><span style=\"font-family: georgia, palatino, serif; font-size: 10pt; color: #0000ff;\"><a style=\"color: #0000ff;\" href=\"https:\/\/wp.ufpel.edu.br\/cpa\/files\/2016\/08\/Relatorio-UFPel-ENADE-2013.pdf\" target=\"_blank\" rel=\"noopener\">Relat\u00f3rio UFPel &#8211; ENADE 2013<\/a><\/span><\/p>\n<p><span style=\"font-family: georgia, palatino, serif; font-size: 10pt; color: #0000ff;\"><a style=\"color: #0000ff;\" href=\"https:\/\/wp.ufpel.edu.br\/cpa\/files\/2016\/08\/Relatorio-UFPel-ENADE-2012.pdf\" target=\"_blank\" rel=\"noopener\">Relat\u00f3rio UFPel &#8211; ENADE 2012<\/a><\/span><\/p>\n<p><span style=\"font-family: georgia, palatino, serif; font-size: 10pt; color: #0000ff;\"><a style=\"color: #0000ff;\" href=\"https:\/\/wp.ufpel.edu.br\/cpa\/files\/2016\/08\/Relatorio-UFPel-ENADE-2011.pdf\">Relat\u00f3rio UFPel &#8211; ENADE 2011<\/a><\/span><\/p>\n<p><span style=\"font-family: georgia, palatino, serif; font-size: 10pt; color: #0000ff;\"><a style=\"color: #0000ff;\" href=\"https:\/\/wp.ufpel.edu.br\/cpa\/files\/2016\/08\/Relatorio-UFPel-ENADE-2010.pdf\" target=\"_blank\" rel=\"noopener\">Relat\u00f3rio UFPel &#8211; ENADE 2010<\/a><\/span><\/p>\n","protected":false},"excerpt":{"rendered":"<p>As informa\u00e7\u00f5es constantes no Relat\u00f3rio de IES possibilitam aos dirigentes das institui\u00e7\u00f5es uma vis\u00e3o ampla dos resultados do ENADE gerados a partir da participa\u00e7\u00e3o do conjunto dos cursos de sua institui\u00e7\u00e3o. Os dados apresentados possibilitam compara\u00e7\u00f5es, entre outras, de IES que compartilham a mesma organiza\u00e7\u00e3o acad\u00eamica, a mesma categoria administrativa, a mesma regi\u00e3o e a &hellip; <\/p>\n<p><a class=\"more-link btn\" href=\"https:\/\/wp.ufpel.edu.br\/cpa\/documentos\/relatorios-de-avaliacao\/relatorios-externos\/\">Continue lendo<\/a><\/p>\n","protected":false},"author":106,"featured_media":0,"parent":293,"menu_order":0,"comment_status":"closed","ping_status":"closed","template":"","meta":{"footnotes":""},"class_list":["post-298","page","type-page","status-publish","hentry","nodate","item-wrap"],"jetpack_sharing_enabled":true,"_links":{"self":[{"href":"https:\/\/wp.ufpel.edu.br\/cpa\/wp-json\/wp\/v2\/pages\/298","targetHints":{"allow":["GET"]}}],"collection":[{"href":"https:\/\/wp.ufpel.edu.br\/cpa\/wp-json\/wp\/v2\/pages"}],"about":[{"href":"https:\/\/wp.ufpel.edu.br\/cpa\/wp-json\/wp\/v2\/types\/page"}],"author":[{"embeddable":true,"href":"https:\/\/wp.ufpel.edu.br\/cpa\/wp-json\/wp\/v2\/users\/106"}],"replies":[{"embeddable":true,"href":"https:\/\/wp.ufpel.edu.br\/cpa\/wp-json\/wp\/v2\/comments?post=298"}],"version-history":[{"count":17,"href":"https:\/\/wp.ufpel.edu.br\/cpa\/wp-json\/wp\/v2\/pages\/298\/revisions"}],"predecessor-version":[{"id":1223,"href":"https:\/\/wp.ufpel.edu.br\/cpa\/wp-json\/wp\/v2\/pages\/298\/revisions\/1223"}],"up":[{"embeddable":true,"href":"https:\/\/wp.ufpel.edu.br\/cpa\/wp-json\/wp\/v2\/pages\/293"}],"wp:attachment":[{"href":"https:\/\/wp.ufpel.edu.br\/cpa\/wp-json\/wp\/v2\/media?parent=298"}],"curies":[{"name":"wp","href":"https:\/\/api.w.org\/{rel}","templated":true}]}}