{"id":296,"date":"2016-08-18T22:40:27","date_gmt":"2016-08-19T01:40:27","guid":{"rendered":"https:\/\/wp.ufpel.edu.br\/cpa\/?page_id=296"},"modified":"2025-10-28T10:02:19","modified_gmt":"2025-10-28T13:02:19","slug":"relatorios-internos","status":"publish","type":"page","link":"https:\/\/wp.ufpel.edu.br\/cpa\/documentos\/relatorios-de-avaliacao\/relatorios-internos\/","title":{"rendered":"Relat\u00f3rios Internos"},"content":{"rendered":"<p><a href=\"https:\/\/wp.ufpel.edu.br\/cpa\/files\/2025\/09\/relatorio-autoavaliacao-UFPel-2024-2025.docx.pdf\"><span style=\"font-family: georgia, palatino, serif; font-size: 10pt; color: #0000ff;\">Relat\u00f3rio de Autoavalia\u00e7\u00e3o Institucional UFPel (2024)<\/span><\/a><\/p>\n<p><a href=\"https:\/\/wp.ufpel.edu.br\/cpa\/files\/2025\/04\/CPA_Relatorio_parcial__2024-1.pdf\"><span style=\"font-family: georgia, palatino, serif; font-size: 10pt; color: #0000ff;\">Relat\u00f3rio Parcial de Autoavalia\u00e7\u00e3o UFPel (2024)<\/span><\/a><\/p>\n<p><span style=\"font-family: georgia, palatino, serif; font-size: 10pt; color: #0000ff;\"><a style=\"color: #0000ff;\" href=\"https:\/\/wp.ufpel.edu.br\/cpa\/files\/2024\/07\/SEI_UFPel-2674127-Relatorio.pdf\">Relat\u00f3rio referente \u00e0 Pesquisa sobre autoavalia\u00e7\u00e3o nos cursos de gradua\u00e7\u00e3o &#8211; CPA (2024)<\/a><\/span><\/p>\n<p><span style=\"font-family: georgia, palatino, serif; font-size: 10pt; color: #0000ff;\"><a style=\"color: #0000ff;\" href=\"https:\/\/wp.ufpel.edu.br\/cpa\/files\/2024\/07\/Relatorio-parcial-2023-2024.pdf\">Relat\u00f3rio Parcial de Autoavalia\u00e7\u00e3o UFPel (2023)<\/a><\/span><\/p>\n<p><span style=\"font-family: georgia, palatino, serif; font-size: 10pt; color: #0000ff;\"><a style=\"color: #0000ff;\" href=\"https:\/\/wp.ufpel.edu.br\/cpa\/files\/2023\/04\/SEI_UFPel-2109259-Relatorio2022.pdf\">Relat\u00f3rio Parcial de Autoavalia\u00e7\u00e3o UFPel (2022)<\/a><\/span><\/p>\n<p><span style=\"font-size: 10pt; color: #0000ff;\"><a style=\"color: #0000ff;\" href=\"https:\/\/wp.ufpel.edu.br\/cpa\/files\/2022\/06\/Relatorio_Parcial_Autoavaliacao_Institucional_UFPel_2021.pdf\" target=\"_blank\" rel=\"noopener\"><span style=\"font-family: georgia, palatino, serif;\">Relatorio Parcial de Autoavalia\u00e7\u00e3o UFPel (2021)<\/span><\/a><\/span><\/p>\n<p><span style=\"font-family: georgia, palatino, serif; font-size: 10pt; color: #0000ff;\"><a style=\"color: #0000ff;\" href=\"https:\/\/wp.ufpel.edu.br\/cpa\/files\/2021\/04\/Relatorio_Final_Autoavaliacao_Institucional_UFPel_2018-2020.pdf\" target=\"_blank\" rel=\"noopener\"><span style=\"color: #0000ff;\">Relat\u00f3rio de Autoavalia\u00e7\u00e3o UFPel (2018-2020)<\/span><\/a><\/span><\/p>\n<p><span style=\"font-family: georgia, palatino, serif; font-size: 10pt; color: #0000ff;\"><a style=\"color: #0000ff;\" href=\"https:\/\/wp.ufpel.edu.br\/cpa\/files\/2021\/04\/Relatorio_Parcial_CPA_UFPel_2020.pdf\" target=\"_blank\" rel=\"noopener\">Relat\u00f3rio Parcial de Autoavalia\u00e7\u00e3o UFPel (2019)<\/a><\/span><\/p>\n<p><span style=\"font-size: 10pt; font-family: georgia, palatino, serif; color: #0000ff;\"><a style=\"color: #0000ff;\" href=\"https:\/\/wp.ufpel.edu.br\/cpa\/files\/2021\/04\/Relatorio_Parcial_Autoavaliacao_Institucional_UFPel_2018.pdf\" target=\"_blank\" rel=\"noopener\">Relat\u00f3rio Parcial de Autoavalia\u00e7\u00e3o UFPel (2018)<\/a><\/span><\/p>\n<p><span style=\"font-family: georgia, palatino, serif; font-size: 10pt; color: #0000ff;\"><a style=\"color: #0000ff;\" href=\"https:\/\/wp.ufpel.edu.br\/cpa\/files\/2016\/08\/Relat\u00f3rio_Parcial_Autoavaliacao_Institucional_UFPel_2016-2017_Final.pdf\" target=\"_blank\" rel=\"noopener noreferrer\">Relat\u00f3rio de Autoavalia\u00e7\u00e3o UFPel (2016-2017)<\/a><\/span><\/p>\n<p><span style=\"font-family: georgia, palatino, serif; font-size: 10pt; color: #0000ff;\"><a style=\"color: #0000ff;\" href=\"https:\/\/wp.ufpel.edu.br\/cpa\/files\/2016\/08\/Relatorio_Parcial_Autoavaliacao_UFPel_2015-2016.pdf\" target=\"_blank\" rel=\"noopener noreferrer\">Relat\u00f3rio de Autoavalia\u00e7\u00e3o UFPel (2015-2016)<\/a><\/span><\/p>\n<p><span style=\"color: #0000ff;\"><span style=\"font-family: georgia, palatino, serif; font-size: 10pt;\"><a style=\"color: #0000ff;\" href=\"https:\/\/wp.ufpel.edu.br\/cpa\/files\/2016\/08\/Relatorio-de-Autoavaliacao-UFPel-2013-2014.pdf\" target=\"_blank\" rel=\"noopener noreferrer\">Relatori<\/a><\/span><span style=\"font-family: georgia, palatino, serif; font-size: 10pt;\"><a style=\"color: #0000ff;\" href=\"https:\/\/wp.ufpel.edu.br\/cpa\/files\/2016\/08\/Relatorio-de-Autoavaliacao-UFPel-2013-2014.pdf\" target=\"_blank\" rel=\"noopener noreferrer\">o de Autoavalia\u00e7\u00e3o UFPel (2013-2014)<\/a><\/span><\/span><\/p>\n<p><span style=\"font-family: georgia, palatino, serif; font-size: 10pt; color: #0000ff;\"><a style=\"color: #0000ff;\" href=\"https:\/\/wp.ufpel.edu.br\/cpa\/files\/2016\/08\/Relatorio-de-Autoavaliacao-UFPel-2012-2013.pdf\" target=\"_blank\" rel=\"noopener noreferrer\">Relatorio de Autoavalia\u00e7\u00e3o UFPel (2012-2013)<\/a><\/span><\/p>\n<p><span style=\"font-family: georgia, palatino, serif; font-size: 10pt; color: #0000ff;\"><a style=\"color: #0000ff;\" href=\"https:\/\/wp.ufpel.edu.br\/cpa\/files\/2016\/08\/Relatorio-de-Autoavaliacao-UFPel-2011-2012.pdf\" target=\"_blank\" rel=\"noopener noreferrer\">Relatorio de Autoavalia\u00e7\u00e3o UFPel (2011-2012)<\/a><\/span><\/p>\n<p>&nbsp;<\/p>\n","protected":false},"excerpt":{"rendered":"<p>Relat\u00f3rio de Autoavalia\u00e7\u00e3o Institucional UFPel (2024) Relat\u00f3rio Parcial de Autoavalia\u00e7\u00e3o UFPel (2024) Relat\u00f3rio referente \u00e0 Pesquisa sobre autoavalia\u00e7\u00e3o nos cursos de gradua\u00e7\u00e3o &#8211; CPA (2024) Relat\u00f3rio Parcial de Autoavalia\u00e7\u00e3o UFPel (2023) Relat\u00f3rio Parcial de Autoavalia\u00e7\u00e3o UFPel (2022) Relatorio Parcial de Autoavalia\u00e7\u00e3o UFPel (2021) Relat\u00f3rio de Autoavalia\u00e7\u00e3o UFPel (2018-2020) Relat\u00f3rio Parcial de Autoavalia\u00e7\u00e3o UFPel (2019) Relat\u00f3rio &hellip; <\/p>\n<p><a class=\"more-link btn\" href=\"https:\/\/wp.ufpel.edu.br\/cpa\/documentos\/relatorios-de-avaliacao\/relatorios-internos\/\">Continue lendo<\/a><\/p>\n","protected":false},"author":106,"featured_media":0,"parent":293,"menu_order":0,"comment_status":"closed","ping_status":"closed","template":"","meta":{"footnotes":""},"class_list":["post-296","page","type-page","status-publish","hentry","nodate","item-wrap"],"jetpack_sharing_enabled":true,"_links":{"self":[{"href":"https:\/\/wp.ufpel.edu.br\/cpa\/wp-json\/wp\/v2\/pages\/296","targetHints":{"allow":["GET"]}}],"collection":[{"href":"https:\/\/wp.ufpel.edu.br\/cpa\/wp-json\/wp\/v2\/pages"}],"about":[{"href":"https:\/\/wp.ufpel.edu.br\/cpa\/wp-json\/wp\/v2\/types\/page"}],"author":[{"embeddable":true,"href":"https:\/\/wp.ufpel.edu.br\/cpa\/wp-json\/wp\/v2\/users\/106"}],"replies":[{"embeddable":true,"href":"https:\/\/wp.ufpel.edu.br\/cpa\/wp-json\/wp\/v2\/comments?post=296"}],"version-history":[{"count":4,"href":"https:\/\/wp.ufpel.edu.br\/cpa\/wp-json\/wp\/v2\/pages\/296\/revisions"}],"predecessor-version":[{"id":1819,"href":"https:\/\/wp.ufpel.edu.br\/cpa\/wp-json\/wp\/v2\/pages\/296\/revisions\/1819"}],"up":[{"embeddable":true,"href":"https:\/\/wp.ufpel.edu.br\/cpa\/wp-json\/wp\/v2\/pages\/293"}],"wp:attachment":[{"href":"https:\/\/wp.ufpel.edu.br\/cpa\/wp-json\/wp\/v2\/media?parent=296"}],"curies":[{"name":"wp","href":"https:\/\/api.w.org\/{rel}","templated":true}]}}