{"id":290,"date":"2016-08-18T22:32:02","date_gmt":"2016-08-19T01:32:02","guid":{"rendered":"https:\/\/wp.ufpel.edu.br\/cpa\/?page_id=290"},"modified":"2025-02-20T11:12:09","modified_gmt":"2025-02-20T14:12:09","slug":"projeto-de-avaliacao","status":"publish","type":"page","link":"https:\/\/wp.ufpel.edu.br\/cpa\/projeto-de-avaliacao\/","title":{"rendered":"Projetos de Autoavalia\u00e7\u00e3o"},"content":{"rendered":"<p><a href=\"https:\/\/wp.ufpel.edu.br\/cpa\/files\/2025\/02\/CPA_PAI-2024-2026_Rev06.pdf\">Projeto de Autoavalia\u00e7\u00e3o Institucional (2024-2026)<\/a><\/p>\n<p><span style=\"font-family: georgia, palatino, serif; font-size: 10pt; color: #0000ff;\"><a style=\"color: #0000ff;\" href=\"https:\/\/wp.ufpel.edu.br\/cpa\/files\/2021\/06\/Projeto_Autoavaliacao_Institucional_UFPel_2018-2020_v02-1.pdf\" target=\"_blank\" rel=\"noopener\">Projeto Autoavalia\u00e7ao Institucional UFPel (2018-2020)<\/a><\/span><\/p>\n<p><span style=\"font-family: georgia, palatino, serif; font-size: 10pt; color: #0000ff;\"><a style=\"color: #0000ff;\" href=\"https:\/\/wp.ufpel.edu.br\/cpa\/files\/2016\/08\/Projeto_Autoavaliacao_Institucional_UFPel_2016-2017_Final.pdf\" target=\"_blank\" rel=\"noopener\">Projeto Autoavalia\u00e7\u00e3o Institucional UFPel (2016-2017)<\/a><\/span><\/p>\n<p><span style=\"font-family: georgia, palatino, serif; font-size: 10pt; color: #000000;\">\u00a0<\/span><\/p>\n","protected":false},"excerpt":{"rendered":"<p>Projeto de Autoavalia\u00e7\u00e3o Institucional (2024-2026) Projeto Autoavalia\u00e7ao Institucional UFPel (2018-2020) Projeto Autoavalia\u00e7\u00e3o Institucional UFPel (2016-2017) \u00a0<\/p>\n","protected":false},"author":106,"featured_media":0,"parent":0,"menu_order":0,"comment_status":"closed","ping_status":"closed","template":"","meta":{"footnotes":""},"class_list":["post-290","page","type-page","status-publish","hentry","nodate","item-wrap"],"jetpack_sharing_enabled":true,"_links":{"self":[{"href":"https:\/\/wp.ufpel.edu.br\/cpa\/wp-json\/wp\/v2\/pages\/290","targetHints":{"allow":["GET"]}}],"collection":[{"href":"https:\/\/wp.ufpel.edu.br\/cpa\/wp-json\/wp\/v2\/pages"}],"about":[{"href":"https:\/\/wp.ufpel.edu.br\/cpa\/wp-json\/wp\/v2\/types\/page"}],"author":[{"embeddable":true,"href":"https:\/\/wp.ufpel.edu.br\/cpa\/wp-json\/wp\/v2\/users\/106"}],"replies":[{"embeddable":true,"href":"https:\/\/wp.ufpel.edu.br\/cpa\/wp-json\/wp\/v2\/comments?post=290"}],"version-history":[{"count":18,"href":"https:\/\/wp.ufpel.edu.br\/cpa\/wp-json\/wp\/v2\/pages\/290\/revisions"}],"predecessor-version":[{"id":1551,"href":"https:\/\/wp.ufpel.edu.br\/cpa\/wp-json\/wp\/v2\/pages\/290\/revisions\/1551"}],"wp:attachment":[{"href":"https:\/\/wp.ufpel.edu.br\/cpa\/wp-json\/wp\/v2\/media?parent=290"}],"curies":[{"name":"wp","href":"https:\/\/api.w.org\/{rel}","templated":true}]}}