{"id":1759,"date":"2025-09-08T15:36:20","date_gmt":"2025-09-08T18:36:20","guid":{"rendered":"https:\/\/wp.ufpel.edu.br\/cpa\/?page_id=1759"},"modified":"2025-09-08T15:38:58","modified_gmt":"2025-09-08T18:38:58","slug":"relatorio-de-autoavaliacao-institucional","status":"publish","type":"page","link":"https:\/\/wp.ufpel.edu.br\/cpa\/relatorio-de-autoavaliacao-institucional\/","title":{"rendered":"Relat\u00f3rio de Autoavalia\u00e7\u00e3o Institucional"},"content":{"rendered":"<p><a href=\"https:\/\/wp.ufpel.edu.br\/cpa\/files\/2025\/09\/relatorio-autoavaliacao-UFPel-2024-2025.docx.pdf\">Relat\u00f3rio de Autoavalia\u00e7\u00e3o Institucional (2024)<\/a><\/p>\n","protected":false},"excerpt":{"rendered":"<p>Relat\u00f3rio de Autoavalia\u00e7\u00e3o Institucional (2024)<\/p>\n","protected":false},"author":1438,"featured_media":0,"parent":0,"menu_order":0,"comment_status":"closed","ping_status":"closed","template":"","meta":{"footnotes":""},"class_list":["post-1759","page","type-page","status-publish","hentry","nodate","item-wrap"],"jetpack_sharing_enabled":true,"_links":{"self":[{"href":"https:\/\/wp.ufpel.edu.br\/cpa\/wp-json\/wp\/v2\/pages\/1759","targetHints":{"allow":["GET"]}}],"collection":[{"href":"https:\/\/wp.ufpel.edu.br\/cpa\/wp-json\/wp\/v2\/pages"}],"about":[{"href":"https:\/\/wp.ufpel.edu.br\/cpa\/wp-json\/wp\/v2\/types\/page"}],"author":[{"embeddable":true,"href":"https:\/\/wp.ufpel.edu.br\/cpa\/wp-json\/wp\/v2\/users\/1438"}],"replies":[{"embeddable":true,"href":"https:\/\/wp.ufpel.edu.br\/cpa\/wp-json\/wp\/v2\/comments?post=1759"}],"version-history":[{"count":3,"href":"https:\/\/wp.ufpel.edu.br\/cpa\/wp-json\/wp\/v2\/pages\/1759\/revisions"}],"predecessor-version":[{"id":1764,"href":"https:\/\/wp.ufpel.edu.br\/cpa\/wp-json\/wp\/v2\/pages\/1759\/revisions\/1764"}],"wp:attachment":[{"href":"https:\/\/wp.ufpel.edu.br\/cpa\/wp-json\/wp\/v2\/media?parent=1759"}],"curies":[{"name":"wp","href":"https:\/\/api.w.org\/{rel}","templated":true}]}}