{"id":1756,"date":"2025-09-08T15:31:53","date_gmt":"2025-09-08T18:31:53","guid":{"rendered":"https:\/\/wp.ufpel.edu.br\/cpa\/?page_id=1756"},"modified":"2025-09-08T15:31:53","modified_gmt":"2025-09-08T18:31:53","slug":"relatorio-de-autoavaliacao-institucional","status":"publish","type":"page","link":"https:\/\/wp.ufpel.edu.br\/cpa\/documentos\/relatorios-de-avaliacao\/relatorio-de-autoavaliacao-institucional\/","title":{"rendered":"Relat\u00f3rio de Autoavalia\u00e7\u00e3o Institucional"},"content":{"rendered":"<p><a href=\"https:\/\/wp.ufpel.edu.br\/cpa\/files\/2025\/09\/relatorio-autoavaliacao-UFPel-2024-2025.docx.pdf\">Relat\u00f3rio de Autoavalia\u00e7\u00e3o Institucional<\/a><\/p>\n","protected":false},"excerpt":{"rendered":"<p>Relat\u00f3rio de Autoavalia\u00e7\u00e3o Institucional<\/p>\n","protected":false},"author":1438,"featured_media":0,"parent":293,"menu_order":0,"comment_status":"closed","ping_status":"closed","template":"","meta":{"footnotes":""},"class_list":["post-1756","page","type-page","status-publish","hentry","nodate","item-wrap"],"jetpack_sharing_enabled":true,"_links":{"self":[{"href":"https:\/\/wp.ufpel.edu.br\/cpa\/wp-json\/wp\/v2\/pages\/1756","targetHints":{"allow":["GET"]}}],"collection":[{"href":"https:\/\/wp.ufpel.edu.br\/cpa\/wp-json\/wp\/v2\/pages"}],"about":[{"href":"https:\/\/wp.ufpel.edu.br\/cpa\/wp-json\/wp\/v2\/types\/page"}],"author":[{"embeddable":true,"href":"https:\/\/wp.ufpel.edu.br\/cpa\/wp-json\/wp\/v2\/users\/1438"}],"replies":[{"embeddable":true,"href":"https:\/\/wp.ufpel.edu.br\/cpa\/wp-json\/wp\/v2\/comments?post=1756"}],"version-history":[{"count":1,"href":"https:\/\/wp.ufpel.edu.br\/cpa\/wp-json\/wp\/v2\/pages\/1756\/revisions"}],"predecessor-version":[{"id":1758,"href":"https:\/\/wp.ufpel.edu.br\/cpa\/wp-json\/wp\/v2\/pages\/1756\/revisions\/1758"}],"up":[{"embeddable":true,"href":"https:\/\/wp.ufpel.edu.br\/cpa\/wp-json\/wp\/v2\/pages\/293"}],"wp:attachment":[{"href":"https:\/\/wp.ufpel.edu.br\/cpa\/wp-json\/wp\/v2\/media?parent=1756"}],"curies":[{"name":"wp","href":"https:\/\/api.w.org\/{rel}","templated":true}]}}