{"id":1514,"date":"2024-12-26T10:48:46","date_gmt":"2024-12-26T13:48:46","guid":{"rendered":"https:\/\/wp.ufpel.edu.br\/cpa\/?page_id=1514"},"modified":"2024-12-27T09:36:25","modified_gmt":"2024-12-27T12:36:25","slug":"formularios-2","status":"publish","type":"page","link":"https:\/\/wp.ufpel.edu.br\/cpa\/formularios-2\/","title":{"rendered":"Formul\u00e1rios"},"content":{"rendered":"<p><strong>Confira aqui os formul\u00e1rios de avalia\u00e7\u00e3o utilizados pela CPA\/UFPel<\/strong><\/p>\n<ul>\n<li><a href=\"https:\/\/wp.ufpel.edu.br\/cpa\/files\/2024\/12\/Instrumento-de-autoavaliacao-discente.docx.pdf\">Instrumento de autoavalia\u00e7\u00e3o discente presencial e EaD<\/a><\/li>\n<li><a href=\"https:\/\/wp.ufpel.edu.br\/cpa\/files\/2024\/12\/Instrumento-de-autoavaliacao-docente.docx.pdf\">Instrumento de autoavalia\u00e7\u00e3o docente<\/a><\/li>\n<li><a href=\"https:\/\/wp.ufpel.edu.br\/cpa\/files\/2024\/12\/Instrumento-de-autoavaliacao-TAE.docx.pdf\">Instrumento de autoavalia\u00e7\u00e3o TAE<\/a><\/li>\n<li><a href=\"https:\/\/wp.ufpel.edu.br\/cpa\/files\/2024\/12\/Instrumento-de-avaliacao-de-cursos-de-graduacao-docente.pdf\">Instrumento de avalia\u00e7\u00e3o de cursos de gradua\u00e7\u00e3o &#8211; docente<\/a><\/li>\n<li><a href=\"https:\/\/wp.ufpel.edu.br\/cpa\/files\/2024\/12\/Instrumento-de-avaliacao-de-cursos-de-graduacao-discentes.pdf\">Instrumento de avalia\u00e7\u00e3o de cursos de gradua\u00e7\u00e3o &#8211; discentes<\/a><\/li>\n<li><a href=\"https:\/\/wp.ufpel.edu.br\/cpa\/files\/2024\/12\/Instrumento-de-avaliacao-de-cursos-de-graduacao-discentes.pdf\">Instrumento<\/a><a href=\"https:\/\/wp.ufpel.edu.br\/cpa\/files\/2024\/12\/AVALIACAO-DE-DESEMPENHO-DOCENTE-PARA-FINS-DE-ESTAGIO-PROBATORIO.pdf\"> de avalia\u00e7\u00e3o de desempenho docente &#8211; Est\u00e1gio Probat\u00f3rio<\/a><\/li>\n<li><a href=\"https:\/\/wp.ufpel.edu.br\/cpa\/files\/2024\/12\/Instrumento-de-avaliacao-de-cursos-de-graduacao-discentes.pdf\">Instrumento<\/a><a href=\"https:\/\/wp.ufpel.edu.br\/cpa\/files\/2024\/12\/Avaliacao-de-desempenho-docente-para-fins-de-progressao-1.pdf\"> de avalia\u00e7\u00e3o de desempenho docente &#8211; Progress\u00e3o<\/a><\/li>\n<\/ul>\n","protected":false},"excerpt":{"rendered":"<p>Confira aqui os formul\u00e1rios de avalia\u00e7\u00e3o utilizados pela CPA\/UFPel Instrumento de autoavalia\u00e7\u00e3o discente presencial e EaD Instrumento de autoavalia\u00e7\u00e3o docente Instrumento de autoavalia\u00e7\u00e3o TAE Instrumento de avalia\u00e7\u00e3o de cursos de gradua\u00e7\u00e3o &#8211; docente Instrumento de avalia\u00e7\u00e3o de cursos de gradua\u00e7\u00e3o &#8211; discentes Instrumento de avalia\u00e7\u00e3o de desempenho docente &#8211; Est\u00e1gio Probat\u00f3rio Instrumento de avalia\u00e7\u00e3o de &hellip; <\/p>\n<p><a class=\"more-link btn\" href=\"https:\/\/wp.ufpel.edu.br\/cpa\/formularios-2\/\">Continue lendo<\/a><\/p>\n","protected":false},"author":106,"featured_media":0,"parent":0,"menu_order":0,"comment_status":"closed","ping_status":"closed","template":"","meta":{"footnotes":""},"class_list":["post-1514","page","type-page","status-publish","hentry","nodate","item-wrap"],"jetpack_sharing_enabled":true,"_links":{"self":[{"href":"https:\/\/wp.ufpel.edu.br\/cpa\/wp-json\/wp\/v2\/pages\/1514","targetHints":{"allow":["GET"]}}],"collection":[{"href":"https:\/\/wp.ufpel.edu.br\/cpa\/wp-json\/wp\/v2\/pages"}],"about":[{"href":"https:\/\/wp.ufpel.edu.br\/cpa\/wp-json\/wp\/v2\/types\/page"}],"author":[{"embeddable":true,"href":"https:\/\/wp.ufpel.edu.br\/cpa\/wp-json\/wp\/v2\/users\/106"}],"replies":[{"embeddable":true,"href":"https:\/\/wp.ufpel.edu.br\/cpa\/wp-json\/wp\/v2\/comments?post=1514"}],"version-history":[{"count":3,"href":"https:\/\/wp.ufpel.edu.br\/cpa\/wp-json\/wp\/v2\/pages\/1514\/revisions"}],"predecessor-version":[{"id":1531,"href":"https:\/\/wp.ufpel.edu.br\/cpa\/wp-json\/wp\/v2\/pages\/1514\/revisions\/1531"}],"wp:attachment":[{"href":"https:\/\/wp.ufpel.edu.br\/cpa\/wp-json\/wp\/v2\/media?parent=1514"}],"curies":[{"name":"wp","href":"https:\/\/api.w.org\/{rel}","templated":true}]}}