{"id":1377,"date":"2024-10-23T09:57:45","date_gmt":"2024-10-23T12:57:45","guid":{"rendered":"https:\/\/wp.ufpel.edu.br\/cpa\/?page_id=1377"},"modified":"2024-12-09T11:02:39","modified_gmt":"2024-12-09T14:02:39","slug":"avaliacao-dos-cursos-de-graduacao","status":"publish","type":"page","link":"https:\/\/wp.ufpel.edu.br\/cpa\/avaliacao-dos-cursos-de-graduacao\/","title":{"rendered":"Avalia\u00e7\u00e3o dos cursos de gradua\u00e7\u00e3o"},"content":{"rendered":"<h2>Avalia\u00e7\u00e3o de cursos &#8211; 2024<\/h2>\n<h3>ATEN\u00c7\u00c3O: <strong>As planilhas s\u00f3 poder\u00e3o ser visualizadas no Microsoft Excel. <\/strong><\/h3>\n<p>&nbsp;<\/p>\n<p><strong>Vis\u00e3o do discente<\/strong><\/p>\n<p><a href=\"https:\/\/wp.ufpel.edu.br\/cpa\/files\/2024\/11\/relatorio-inicial-avaliacao-dos-cursos-discente.docx-2.pdf\">Relat\u00f3rio vis\u00e3o do discente<\/a><\/p>\n<p><a href=\"https:\/\/wp.ufpel.edu.br\/cpa\/files\/2024\/11\/Registros-Alunos-com-planilha-dinamica-com-senha-verificado-em-16-10-2024.xlsx-AQ27.pdf\">Relat\u00f3rio das quest\u00f5es abertas &#8211; Geral &#8211; Discente<\/a><\/p>\n<p><a href=\"https:\/\/wp.ufpel.edu.br\/cpa\/files\/2024\/11\/okRegistros-Alunos-com-planilha-dinamica-com-senha-verificado-em-22-11-2024.xlsx\">Planilha de consulta &#8211; Cursos &#8211;\u00a0 vis\u00e3o do discente<\/a><\/p>\n<p><a href=\"https:\/\/docs.google.com\/document\/d\/1PGTOkD1fu7jCowmsEsr0zF9Olr1LzoPH\/edit?usp=sharing&amp;ouid=102371218916310112347&amp;rtpof=true&amp;sd=true\">Orienta\u00e7\u00f5es para consulta nas planilhas<\/a><\/p>\n<p><strong>Vis\u00e3o do docente<br \/>\n<\/strong><\/p>\n<p><a href=\"https:\/\/wp.ufpel.edu.br\/cpa\/files\/2024\/11\/relatorio-avaliacao-dos-cursos-pelos-docentes-versao-27-07-2024.docx-2.pdf\">Relat\u00f3rio &#8211; Vis\u00e3o do docente<\/a><\/p>\n<p><a href=\"https:\/\/wp.ufpel.edu.br\/cpa\/files\/2024\/11\/visao-geral-docentes.pdf\">Relat\u00f3rio das quest\u00f5es abertas &#8211; Geral &#8211; Docente<\/a><\/p>\n<p><a href=\"https:\/\/wp.ufpel.edu.br\/cpa\/files\/2024\/11\/okRegistros-Docentes-tabela-dinamica-com-senha-verificado-em-22-11-2024.xlsx\">Planilha de consulta &#8211; cursos &#8211; Vis\u00e3o do docente<\/a><\/p>\n<p><a href=\"https:\/\/docs.google.com\/document\/d\/1FbAcgGisUC3sPEiNCHDI9JoiC9P9HQaB\/edit\">Orienta\u00e7\u00f5es para consulta nas planilhas<\/a><\/p>\n<p>&nbsp;<\/p>\n<p><a href=\"https:\/\/wp.ufpel.edu.br\/cpa\/files\/2024\/12\/Cartaz-Autoavaliacao-CPA.pdf\"><img loading=\"lazy\" decoding=\"async\" class=\"alignnone size-medium wp-image-1481\" src=\"https:\/\/wp.ufpel.edu.br\/cpa\/files\/2024\/12\/Cartaz-Autoavaliacao-CPA-283x400.jpg\" alt=\"\" width=\"283\" height=\"400\" srcset=\"https:\/\/wp.ufpel.edu.br\/cpa\/files\/2024\/12\/Cartaz-Autoavaliacao-CPA-283x400.jpg 283w, https:\/\/wp.ufpel.edu.br\/cpa\/files\/2024\/12\/Cartaz-Autoavaliacao-CPA-724x1024.jpg 724w, https:\/\/wp.ufpel.edu.br\/cpa\/files\/2024\/12\/Cartaz-Autoavaliacao-CPA-768x1086.jpg 768w, https:\/\/wp.ufpel.edu.br\/cpa\/files\/2024\/12\/Cartaz-Autoavaliacao-CPA-1086x1536.jpg 1086w, https:\/\/wp.ufpel.edu.br\/cpa\/files\/2024\/12\/Cartaz-Autoavaliacao-CPA-750x1061.jpg 750w, https:\/\/wp.ufpel.edu.br\/cpa\/files\/2024\/12\/Cartaz-Autoavaliacao-CPA.jpg 1414w\" sizes=\"auto, (max-width: 283px) 100vw, 283px\" \/> <\/a><\/p>\n","protected":false},"excerpt":{"rendered":"<p>Avalia\u00e7\u00e3o de cursos &#8211; 2024 ATEN\u00c7\u00c3O: As planilhas s\u00f3 poder\u00e3o ser visualizadas no Microsoft Excel. &nbsp; Vis\u00e3o do discente Relat\u00f3rio vis\u00e3o do discente Relat\u00f3rio das quest\u00f5es abertas &#8211; Geral &#8211; Discente Planilha de consulta &#8211; Cursos &#8211;\u00a0 vis\u00e3o do discente Orienta\u00e7\u00f5es para consulta nas planilhas Vis\u00e3o do docente Relat\u00f3rio &#8211; Vis\u00e3o do docente Relat\u00f3rio das &hellip; <\/p>\n<p><a class=\"more-link btn\" href=\"https:\/\/wp.ufpel.edu.br\/cpa\/avaliacao-dos-cursos-de-graduacao\/\">Continue lendo<\/a><\/p>\n","protected":false},"author":106,"featured_media":0,"parent":0,"menu_order":0,"comment_status":"closed","ping_status":"closed","template":"","meta":{"footnotes":""},"class_list":["post-1377","page","type-page","status-publish","hentry","nodate","item-wrap"],"jetpack_sharing_enabled":true,"_links":{"self":[{"href":"https:\/\/wp.ufpel.edu.br\/cpa\/wp-json\/wp\/v2\/pages\/1377","targetHints":{"allow":["GET"]}}],"collection":[{"href":"https:\/\/wp.ufpel.edu.br\/cpa\/wp-json\/wp\/v2\/pages"}],"about":[{"href":"https:\/\/wp.ufpel.edu.br\/cpa\/wp-json\/wp\/v2\/types\/page"}],"author":[{"embeddable":true,"href":"https:\/\/wp.ufpel.edu.br\/cpa\/wp-json\/wp\/v2\/users\/106"}],"replies":[{"embeddable":true,"href":"https:\/\/wp.ufpel.edu.br\/cpa\/wp-json\/wp\/v2\/comments?post=1377"}],"version-history":[{"count":16,"href":"https:\/\/wp.ufpel.edu.br\/cpa\/wp-json\/wp\/v2\/pages\/1377\/revisions"}],"predecessor-version":[{"id":1483,"href":"https:\/\/wp.ufpel.edu.br\/cpa\/wp-json\/wp\/v2\/pages\/1377\/revisions\/1483"}],"wp:attachment":[{"href":"https:\/\/wp.ufpel.edu.br\/cpa\/wp-json\/wp\/v2\/media?parent=1377"}],"curies":[{"name":"wp","href":"https:\/\/api.w.org\/{rel}","templated":true}]}}